{"id":27,"date":"2025-06-03T19:39:19","date_gmt":"2025-06-03T19:39:19","guid":{"rendered":"https:\/\/dmturbotrading.ro\/?page_id=27"},"modified":"2026-04-02T08:45:19","modified_gmt":"2026-04-02T08:45:19","slug":"dm-turbo-trading-echipamene-industria-auto-productie","status":"publish","type":"page","link":"https:\/\/dmturbotrading.ro\/","title":{"rendered":"Home"},"content":{"rendered":"<div class=\"wp-block-uagb-image uagb-block-24e8f413 wp-block-uagb-image--layout-default wp-block-uagb-image--effect-static wp-block-uagb-image--align-none\"><figure class=\"wp-block-uagb-image__figure\"><img loading=\"lazy\" decoding=\"async\" srcset=\"https:\/\/dmturbotrading.ro\/wp-content\/uploads\/2026\/02\/home-banner-paintings.jpg ,https:\/\/dmturbotrading.ro\/wp-content\/uploads\/2026\/02\/home-banner-paintings.jpg 780w, https:\/\/dmturbotrading.ro\/wp-content\/uploads\/2026\/02\/home-banner-paintings.jpg 360w\" sizes=\"auto, (max-width: 480px) 150px\" src=\"https:\/\/dmturbotrading.ro\/wp-content\/uploads\/2026\/02\/home-banner-paintings.jpg\" alt=\"\" class=\"uag-image-549\" width=\"1271\" height=\"848\" title=\"home-banner-paintings\" loading=\"lazy\" role=\"img\"\/><\/figure><\/div><p><\/p><p class=\"has-text-align-left\">Bun venit la <strong>DM Turbo Trading<\/strong>, locul unde pasiunea pentru design \u0219i calitatea se \u00eent\u00e2lnesc pentru a transforma orice interior \u00eentr-un spa\u021biu cu adev\u0103rat personal \u0219i memorabil.<\/p><p>Aici descoperi o selec\u021bie atent curat\u0103 de <strong>tablouri moderne pictate manual<\/strong> \u2013 disponibile din stoc sau realizate integral pe comand\u0103, customizate de la zero pentru a se potrivi perfect stilului, culorilor \u0219i dimensiunilor spa\u021biului t\u0103u. Al\u0103turi de acestea, \u00ee\u021bi punem la dispozi\u021bie o gam\u0103 variat\u0103 de <strong>obiecte decorative \u0219i elemente de amenajare<\/strong> atent selec\u021bionate: de la piese de mobilier statement, scaune elegante \u0219i accesorii distinctive, p\u00e2n\u0103 la ferestre, obloane, elemente de exterior \u0219i alte detalii care completeaz\u0103 armonios orice proiect.<\/p><p>Fie c\u0103 realiz\u0103m cu m\u00e2inile noastre crea\u021bii unice, fie c\u0103 aducem produse de excep\u021bie de la parteneri de \u00eencredere, ne propunem s\u0103 oferim <strong>solu\u021bii personalizate de decor \u0219i amenajare interioar\u0103<\/strong> \u2013 totul g\u00e2ndit s\u0103 confere autenticitate, rafinament \u0219i personalitate fiec\u0103rui ambient.<\/p><p class=\"has-text-align-left\">Vino s\u0103 construim \u00eempreun\u0103 spa\u021biul care \u00ee\u021bi spune povestea.<\/p><figure class=\"wp-block-gallery has-nested-images columns-default is-cropped wp-block-gallery-1 is-layout-flex wp-block-gallery-is-layout-flex\"><figure class=\"wp-block-image size-full\"><img fetchpriority=\"high\" decoding=\"async\" width=\"1600\" height=\"1600\" data-id=\"476\" src=\"https:\/\/dmturbotrading.ro\/wp-content\/uploads\/2026\/02\/cat-tablouri-decorative.jpg\" alt=\"\" class=\"wp-image-476\"\/><figcaption class=\"wp-element-caption\"><a href=\"https:\/\/dmturbotrading.ro\/index.php\/product-category\/tablouri\/\" type=\"link\" id=\"https:\/\/dmturbotrading.ro\/index.php\/product-category\/tablouri\/\">Tablouri pictate abstract<\/a><\/figcaption><\/figure>\n\n<figure class=\"wp-block-image size-full\"><img decoding=\"async\" width=\"1600\" height=\"1600\" data-id=\"1077\" src=\"https:\/\/dmturbotrading.ro\/wp-content\/uploads\/2026\/03\/cat-tablouri-flori.jpg\" alt=\"tablouri flori\" class=\"wp-image-1077\"\/><figcaption class=\"wp-element-caption\"><a href=\"https:\/\/dmturbotrading.ro\/index.php\/product-category\/tablouri-flori\/\" type=\"link\" id=\"https:\/\/dmturbotrading.ro\/index.php\/product-category\/tablouri-flori\/\">Tablouri pictate flori<\/a><\/figcaption><\/figure>\n\n<figure class=\"wp-block-image size-full\"><img decoding=\"async\" width=\"1000\" height=\"1000\" data-id=\"1079\" src=\"https:\/\/dmturbotrading.ro\/wp-content\/uploads\/2026\/03\/cat-tablouri-peisaj.jpg\" alt=\"\" class=\"wp-image-1079\"\/><figcaption class=\"wp-element-caption\"><a href=\"https:\/\/dmturbotrading.ro\/index.php\/product-category\/tablouri-peisaje\/\" type=\"link\" id=\"https:\/\/dmturbotrading.ro\/index.php\/product-category\/tablouri-peisaje\/\">Tablouri pictate peisaje<\/a><\/figcaption><\/figure>\n\n<figure class=\"wp-block-image size-full\"><img loading=\"lazy\" decoding=\"async\" width=\"832\" height=\"735\" data-id=\"469\" src=\"https:\/\/dmturbotrading.ro\/wp-content\/uploads\/2026\/02\/cat-scaune.jpg\" alt=\"\" class=\"wp-image-469\"\/><figcaption class=\"wp-element-caption\"><a href=\"https:\/\/dmturbotrading.ro\/index.php\/product-category\/scaune\/\" type=\"link\" id=\"https:\/\/dmturbotrading.ro\/index.php\/product-category\/scaune\/\">Scaune<\/a><\/figcaption><\/figure>\n\n<figure class=\"wp-block-image size-full\"><img loading=\"lazy\" decoding=\"async\" width=\"800\" height=\"663\" data-id=\"741\" src=\"https:\/\/dmturbotrading.ro\/wp-content\/uploads\/2026\/03\/scaun-birou-.jpg\" alt=\"\" class=\"wp-image-741\"\/><figcaption class=\"wp-element-caption\"><a href=\"https:\/\/dmturbotrading.ro\/index.php\/product-category\/scaune-birou\/\" type=\"link\" id=\"https:\/\/dmturbotrading.ro\/index.php\/product-category\/scaune-birou\/\">Scaune birou<\/a><\/figcaption><\/figure>\n\n<figure class=\"wp-block-image size-full\"><img loading=\"lazy\" decoding=\"async\" width=\"1024\" height=\"1024\" data-id=\"745\" src=\"https:\/\/dmturbotrading.ro\/wp-content\/uploads\/2026\/03\/scaune-bar-1.jpg\" alt=\"\" class=\"wp-image-745\"\/><figcaption class=\"wp-element-caption\"><a href=\"https:\/\/dmturbotrading.ro\/index.php\/product-category\/scaune-bar\/\" type=\"link\" id=\"https:\/\/dmturbotrading.ro\/index.php\/product-category\/scaune-bar\/\">Scaune bar<\/a><\/figcaption><\/figure><\/figure><figure class=\"wp-block-gallery has-nested-images columns-default is-cropped wp-block-gallery-2 is-layout-flex wp-block-gallery-is-layout-flex\"><figure class=\"wp-block-image size-full\"><img loading=\"lazy\" decoding=\"async\" width=\"1024\" height=\"1024\" data-id=\"747\" src=\"https:\/\/dmturbotrading.ro\/wp-content\/uploads\/2026\/03\/dulapuri-sertare-birou-1.jpg\" alt=\"\" class=\"wp-image-747\"\/><figcaption class=\"wp-element-caption\"><a href=\"https:\/\/dmturbotrading.ro\/index.php\/product-category\/dulapuri-cu-sertare\/\" type=\"link\" id=\"https:\/\/dmturbotrading.ro\/index.php\/product-category\/dulapuri-cu-sertare\/\">Accesorii birou<\/a><\/figcaption><\/figure>\n\n<figure class=\"wp-block-image size-full\"><img loading=\"lazy\" decoding=\"async\" width=\"1008\" height=\"1008\" data-id=\"659\" src=\"https:\/\/dmturbotrading.ro\/wp-content\/uploads\/2026\/02\/banner-categorie-accesorii-deco-carmin.jpg\" alt=\"difuzor ceramic carmin\" class=\"wp-image-659\"\/><figcaption class=\"wp-element-caption\"><a href=\"https:\/\/dmturbotrading.ro\/index.php\/product-category\/accesorii-interior\/\" type=\"link\" id=\"https:\/\/dmturbotrading.ro\/index.php\/product-category\/accesorii-interior\/\">Accesorii decor<\/a><\/figcaption><\/figure>\n\n<figure class=\"wp-block-image size-full\"><img loading=\"lazy\" decoding=\"async\" width=\"1024\" height=\"1024\" data-id=\"844\" src=\"https:\/\/dmturbotrading.ro\/wp-content\/uploads\/2026\/03\/birouri-office.jpg\" alt=\"\" class=\"wp-image-844\"\/><figcaption class=\"wp-element-caption\"><a href=\"https:\/\/dmturbotrading.ro\/index.php\/product-category\/panouri-si-ecrane\/\" type=\"link\" id=\"https:\/\/dmturbotrading.ro\/index.php\/product-category\/panouri-si-ecrane\/\">Birouri<\/a><\/figcaption><\/figure>\n\n<figure class=\"wp-block-image size-full\"><img loading=\"lazy\" decoding=\"async\" width=\"778\" height=\"718\" data-id=\"796\" src=\"https:\/\/dmturbotrading.ro\/wp-content\/uploads\/2026\/03\/masa-rotunda-.jpg\" alt=\"\" class=\"wp-image-796\"\/><figcaption class=\"wp-element-caption\"><a href=\"https:\/\/dmturbotrading.ro\/index.php\/product-category\/mese\/\" type=\"link\" id=\"https:\/\/dmturbotrading.ro\/index.php\/product-category\/mese\/\">Mese<\/a><\/figcaption><\/figure>\n\n<figure class=\"wp-block-image size-full\"><img loading=\"lazy\" decoding=\"async\" width=\"1024\" height=\"1024\" data-id=\"763\" src=\"https:\/\/dmturbotrading.ro\/wp-content\/uploads\/2026\/03\/canapele.jpg\" alt=\"\" class=\"wp-image-763\"\/><figcaption class=\"wp-element-caption\"><a href=\"https:\/\/dmturbotrading.ro\/index.php\/product-category\/canapele\/\" type=\"link\" id=\"https:\/\/dmturbotrading.ro\/index.php\/product-category\/canapele\/\">Canapele<\/a><\/figcaption><\/figure>\n\n<figure class=\"wp-block-image size-full\"><img loading=\"lazy\" decoding=\"async\" width=\"1024\" height=\"1024\" data-id=\"800\" src=\"https:\/\/dmturbotrading.ro\/wp-content\/uploads\/2026\/03\/pictura-murala.jpg\" alt=\"\" class=\"wp-image-800\"\/><figcaption class=\"wp-element-caption\"><a href=\"https:\/\/dmturbotrading.ro\/index.php\/product-category\/pictura-murala\/\" type=\"link\" id=\"https:\/\/dmturbotrading.ro\/index.php\/product-category\/pictura-murala\/\">Pictura perete<\/a><\/figcaption><\/figure><\/figure><p class=\"has-text-align-center\">\ud83d\udd39 <strong>Produse originale<\/strong> \u2013 Selec\u021bie atent curat\u0103 de produse premium si calitate superioar\u0103 care transform\u0103 orice spa\u021biu \u00eentr-un c\u0103min rafinat \u0219i primitor<\/p><p class=\"has-text-align-center\">\ud83d\udd39 <strong>Consultan\u021b\u0103 specializat\u0103<\/strong> \u2013 Cu un ochi atent la detalii, te ghid\u0103m pas cu pas spre solu\u021biile ideale spa\u021biului t\u0103u\u2013 care s\u0103 reflecte stilul \u0219i nevoile tale.<\/p><p class=\"has-text-align-center\">\ud83d\udd39 <strong>Suport tehnic<\/strong> \u2013 Ai la dispozi\u021bie asisten\u021b\u0103 personalizat\u0103, de la previzualizare grafica 3D pana la montaj \u0219i integrare ca s\u0103 poti folosi totul imediat.<\/p><p><\/p><p><strong>PORTOFOLIO<\/strong><\/p><figure class=\"wp-block-image size-full\"><img loading=\"lazy\" decoding=\"async\" width=\"1627\" height=\"722\" src=\"https:\/\/dmturbotrading.ro\/wp-content\/uploads\/2026\/02\/banner-portfoliu.jpg\" alt=\"\" class=\"wp-image-542\"\/><\/figure><figure class=\"wp-block-image size-full\"><img loading=\"lazy\" decoding=\"async\" width=\"2560\" height=\"306\" src=\"https:\/\/dmturbotrading.ro\/wp-content\/uploads\/2026\/02\/banner-avantaje-scaled.jpg\" alt=\"\" class=\"wp-image-545\"\/><\/figure><p>\u2714 Lucrate manual si selectate cu suflet<\/p><p>\u2714 Atentie la detalii si la cerintele dvs<\/p><p>\u2714 Livrare internationala in siguranta<\/p><p>\u2714 Lucram atat cu firme cat si cu persoane fizice<\/p><p><\/p><p><\/p><p><\/p>","protected":false},"excerpt":{"rendered":"<p>Bun venit la DM Turbo Trading, locul unde pasiunea pentru design \u0219i calitatea se \u00eent\u00e2lnesc pentru a transforma orice interior [&hellip;]<\/p>\n","protected":false},"author":1,"featured_media":0,"parent":0,"menu_order":0,"comment_status":"closed","ping_status":"closed","template":"","meta":{"_uag_custom_page_level_css":"","site-sidebar-layout":"default","site-content-layout":"","ast-site-content-layout":"default","site-content-style":"default","site-sidebar-style":"default","ast-global-header-display":"","ast-banner-title-visibility":"","ast-main-header-display":"","ast-hfb-above-header-display":"","ast-hfb-below-header-display":"","ast-hfb-mobile-header-display":"","site-post-title":"","ast-breadcrumbs-content":"","ast-featured-img":"","footer-sml-layout":"","theme-transparent-header-meta":"","adv-header-id-meta":"","stick-header-meta":"","header-above-stick-meta":"","header-main-stick-meta":"","header-below-stick-meta":"","astra-migrate-meta-layouts":"set","ast-page-background-enabled":"default","ast-page-background-meta":{"desktop":{"background-color":"var(--ast-global-color-4)","background-image":"","background-repeat":"repeat","background-position":"center center","background-size":"auto","background-attachment":"scroll","background-type":"","background-media":"","overlay-type":"","overlay-color":"","overlay-opacity":"","overlay-gradient":""},"tablet":{"background-color":"","background-image":"","background-repeat":"repeat","background-position":"center center","background-size":"auto","background-attachment":"scroll","background-type":"","background-media":"","overlay-type":"","overlay-color":"","overlay-opacity":"","overlay-gradient":""},"mobile":{"background-color":"","background-image":"","background-repeat":"repeat","background-position":"center center","background-size":"auto","background-attachment":"scroll","background-type":"","background-media":"","overlay-type":"","overlay-color":"","overlay-opacity":"","overlay-gradient":""}},"ast-content-background-meta":{"desktop":{"background-color":"var(--ast-global-color-5)","background-image":"","background-repeat":"repeat","background-position":"center center","background-size":"auto","background-attachment":"scroll","background-type":"","background-media":"","overlay-type":"","overlay-color":"","overlay-opacity":"","overlay-gradient":""},"tablet":{"background-color":"var(--ast-global-color-5)","background-image":"","background-repeat":"repeat","background-position":"center center","background-size":"auto","background-attachment":"scroll","background-type":"","background-media":"","overlay-type":"","overlay-color":"","overlay-opacity":"","overlay-gradient":""},"mobile":{"background-color":"var(--ast-global-color-5)","background-image":"","background-repeat":"repeat","background-position":"center center","background-size":"auto","background-attachment":"scroll","background-type":"","background-media":"","overlay-type":"","overlay-color":"","overlay-opacity":"","overlay-gradient":""}},"footnotes":""},"class_list":["post-27","page","type-page","status-publish","hentry"],"yoast_head":"<!-- This site is optimized with the Yoast SEO plugin v27.2 - https:\/\/yoast.com\/product\/yoast-seo-wordpress\/ -->\n<title>Home -<\/title>\n<meta name=\"robots\" content=\"index, follow, max-snippet:-1, max-image-preview:large, max-video-preview:-1\" \/>\n<link rel=\"canonical\" href=\"https:\/\/dmturbotrading.ro\/\" \/>\n<meta property=\"og:locale\" content=\"en_US\" \/>\n<meta property=\"og:type\" content=\"article\" \/>\n<meta property=\"og:title\" content=\"Home -\" \/>\n<meta property=\"og:description\" content=\"Bun venit la DM Turbo Trading, locul unde pasiunea pentru design \u0219i calitatea se \u00eent\u00e2lnesc pentru a transforma orice interior [&hellip;]\" \/>\n<meta property=\"og:url\" content=\"https:\/\/dmturbotrading.ro\/\" \/>\n<meta property=\"article:modified_time\" content=\"2026-04-02T08:45:19+00:00\" \/>\n<meta property=\"og:image\" content=\"https:\/\/dmturbotrading.ro\/wp-content\/uploads\/2026\/02\/home-banner-paintings.jpg\" \/>\n<meta name=\"twitter:card\" content=\"summary_large_image\" \/>\n<meta name=\"twitter:label1\" content=\"Est. reading time\" \/>\n\t<meta name=\"twitter:data1\" content=\"5 minutes\" \/>\n<script type=\"application\/ld+json\" class=\"yoast-schema-graph\">{\"@context\":\"https:\/\/schema.org\",\"@graph\":[{\"@type\":\"WebPage\",\"@id\":\"https:\/\/dmturbotrading.ro\/\",\"url\":\"https:\/\/dmturbotrading.ro\/\",\"name\":\"Home -\",\"isPartOf\":{\"@id\":\"https:\/\/dmturbotrading.ro\/#website\"},\"primaryImageOfPage\":{\"@id\":\"https:\/\/dmturbotrading.ro\/#primaryimage\"},\"image\":{\"@id\":\"https:\/\/dmturbotrading.ro\/#primaryimage\"},\"thumbnailUrl\":\"https:\/\/dmturbotrading.ro\/wp-content\/uploads\/2026\/02\/home-banner-paintings.jpg\",\"datePublished\":\"2025-06-03T19:39:19+00:00\",\"dateModified\":\"2026-04-02T08:45:19+00:00\",\"breadcrumb\":{\"@id\":\"https:\/\/dmturbotrading.ro\/#breadcrumb\"},\"inLanguage\":\"en-US\",\"potentialAction\":[{\"@type\":\"ReadAction\",\"target\":[\"https:\/\/dmturbotrading.ro\/\"]}]},{\"@type\":\"ImageObject\",\"inLanguage\":\"en-US\",\"@id\":\"https:\/\/dmturbotrading.ro\/#primaryimage\",\"url\":\"https:\/\/dmturbotrading.ro\/wp-content\/uploads\/2026\/02\/home-banner-paintings.jpg\",\"contentUrl\":\"https:\/\/dmturbotrading.ro\/wp-content\/uploads\/2026\/02\/home-banner-paintings.jpg\",\"width\":1199,\"height\":800},{\"@type\":\"BreadcrumbList\",\"@id\":\"https:\/\/dmturbotrading.ro\/#breadcrumb\",\"itemListElement\":[{\"@type\":\"ListItem\",\"position\":1,\"name\":\"Home\",\"item\":\"https:\/\/dmturbotrading.ro\/\"},{\"@type\":\"ListItem\",\"position\":2,\"name\":\"Home\"}]},{\"@type\":\"WebSite\",\"@id\":\"https:\/\/dmturbotrading.ro\/#website\",\"url\":\"https:\/\/dmturbotrading.ro\/\",\"name\":\"\",\"description\":\"\",\"potentialAction\":[{\"@type\":\"SearchAction\",\"target\":{\"@type\":\"EntryPoint\",\"urlTemplate\":\"https:\/\/dmturbotrading.ro\/?s={search_term_string}\"},\"query-input\":{\"@type\":\"PropertyValueSpecification\",\"valueRequired\":true,\"valueName\":\"search_term_string\"}}],\"inLanguage\":\"en-US\"}]}<\/script>\n<!-- \/ Yoast SEO plugin. -->","yoast_head_json":{"title":"Home -","robots":{"index":"index","follow":"follow","max-snippet":"max-snippet:-1","max-image-preview":"max-image-preview:large","max-video-preview":"max-video-preview:-1"},"canonical":"https:\/\/dmturbotrading.ro\/","og_locale":"en_US","og_type":"article","og_title":"Home -","og_description":"Bun venit la DM Turbo Trading, locul unde pasiunea pentru design \u0219i calitatea se \u00eent\u00e2lnesc pentru a transforma orice interior [&hellip;]","og_url":"https:\/\/dmturbotrading.ro\/","article_modified_time":"2026-04-02T08:45:19+00:00","og_image":[{"url":"https:\/\/dmturbotrading.ro\/wp-content\/uploads\/2026\/02\/home-banner-paintings.jpg","type":"","width":"","height":""}],"twitter_card":"summary_large_image","twitter_misc":{"Est. reading time":"5 minutes"},"schema":{"@context":"https:\/\/schema.org","@graph":[{"@type":"WebPage","@id":"https:\/\/dmturbotrading.ro\/","url":"https:\/\/dmturbotrading.ro\/","name":"Home -","isPartOf":{"@id":"https:\/\/dmturbotrading.ro\/#website"},"primaryImageOfPage":{"@id":"https:\/\/dmturbotrading.ro\/#primaryimage"},"image":{"@id":"https:\/\/dmturbotrading.ro\/#primaryimage"},"thumbnailUrl":"https:\/\/dmturbotrading.ro\/wp-content\/uploads\/2026\/02\/home-banner-paintings.jpg","datePublished":"2025-06-03T19:39:19+00:00","dateModified":"2026-04-02T08:45:19+00:00","breadcrumb":{"@id":"https:\/\/dmturbotrading.ro\/#breadcrumb"},"inLanguage":"en-US","potentialAction":[{"@type":"ReadAction","target":["https:\/\/dmturbotrading.ro\/"]}]},{"@type":"ImageObject","inLanguage":"en-US","@id":"https:\/\/dmturbotrading.ro\/#primaryimage","url":"https:\/\/dmturbotrading.ro\/wp-content\/uploads\/2026\/02\/home-banner-paintings.jpg","contentUrl":"https:\/\/dmturbotrading.ro\/wp-content\/uploads\/2026\/02\/home-banner-paintings.jpg","width":1199,"height":800},{"@type":"BreadcrumbList","@id":"https:\/\/dmturbotrading.ro\/#breadcrumb","itemListElement":[{"@type":"ListItem","position":1,"name":"Home","item":"https:\/\/dmturbotrading.ro\/"},{"@type":"ListItem","position":2,"name":"Home"}]},{"@type":"WebSite","@id":"https:\/\/dmturbotrading.ro\/#website","url":"https:\/\/dmturbotrading.ro\/","name":"","description":"","potentialAction":[{"@type":"SearchAction","target":{"@type":"EntryPoint","urlTemplate":"https:\/\/dmturbotrading.ro\/?s={search_term_string}"},"query-input":{"@type":"PropertyValueSpecification","valueRequired":true,"valueName":"search_term_string"}}],"inLanguage":"en-US"}]}},"uagb_featured_image_src":{"full":false,"thumbnail":false,"medium":false,"medium_large":false,"large":false,"1536x1536":false,"2048x2048":false,"woocommerce_thumbnail":false,"woocommerce_single":false,"woocommerce_gallery_thumbnail":false},"uagb_author_info":{"display_name":"admin","author_link":"https:\/\/dmturbotrading.ro\/index.php\/author\/and_dobosyahoo-com\/"},"uagb_comment_info":0,"uagb_excerpt":"Bun venit la DM Turbo Trading, locul unde pasiunea pentru design \u0219i calitatea se \u00eent\u00e2lnesc pentru a transforma orice interior [&hellip;]","_links":{"self":[{"href":"https:\/\/dmturbotrading.ro\/index.php\/wp-json\/wp\/v2\/pages\/27","targetHints":{"allow":["GET"]}}],"collection":[{"href":"https:\/\/dmturbotrading.ro\/index.php\/wp-json\/wp\/v2\/pages"}],"about":[{"href":"https:\/\/dmturbotrading.ro\/index.php\/wp-json\/wp\/v2\/types\/page"}],"author":[{"embeddable":true,"href":"https:\/\/dmturbotrading.ro\/index.php\/wp-json\/wp\/v2\/users\/1"}],"replies":[{"embeddable":true,"href":"https:\/\/dmturbotrading.ro\/index.php\/wp-json\/wp\/v2\/comments?post=27"}],"version-history":[{"count":47,"href":"https:\/\/dmturbotrading.ro\/index.php\/wp-json\/wp\/v2\/pages\/27\/revisions"}],"predecessor-version":[{"id":1108,"href":"https:\/\/dmturbotrading.ro\/index.php\/wp-json\/wp\/v2\/pages\/27\/revisions\/1108"}],"wp:attachment":[{"href":"https:\/\/dmturbotrading.ro\/index.php\/wp-json\/wp\/v2\/media?parent=27"}],"curies":[{"name":"wp","href":"https:\/\/api.w.org\/{rel}","templated":true}]}}