{"id":1001,"date":"2026-03-21T13:08:06","date_gmt":"2026-03-21T13:08:06","guid":{"rendered":"https:\/\/dmturbotrading.ro\/?post_type=product&#038;p=1001"},"modified":"2026-03-21T13:23:23","modified_gmt":"2026-03-21T13:23:23","slug":"set-4-scaune-dining-tapitate-catifea-picioare-otel-albastru","status":"publish","type":"product","link":"https:\/\/dmturbotrading.ro\/index.php\/product\/set-4-scaune-dining-tapitate-catifea-picioare-otel-albastru\/","title":{"rendered":"Set 4 scaune dining, DMTT, tapi\u021bate cu catifea, sp\u0103tar curbat, picioare din o\u021bel, albastru"},"content":{"rendered":"<h2 data-path-to-node=\"2\">Set 4 scaune dining, DMTT, tapi\u021bate cu catifea, sp\u0103tar curbat, picioare din o\u021bel, albastru<\/h2>\n<section class=\"text-token-text-primary w-full focus:outline-none [--shadow-height:45px] has-data-writing-block:pointer-events-none has-data-writing-block:-mt-(--shadow-height) has-data-writing-block:pt-(--shadow-height) [&amp;:has([data-writing-block])&gt;*]:pointer-events-auto scroll-mt-(--header-height)\" dir=\"auto\" data-turn-id=\"2d4f12b1-51d9-4d30-866c-16390bbfb1ad\" data-testid=\"conversation-turn-41\" data-scroll-anchor=\"false\" data-turn=\"user\"><\/section>\n<section class=\"text-token-text-primary w-full focus:outline-none [--shadow-height:45px] has-data-writing-block:pointer-events-none has-data-writing-block:-mt-(--shadow-height) has-data-writing-block:pt-(--shadow-height) [&amp;:has([data-writing-block])&gt;*]:pointer-events-auto scroll-mt-[calc(var(--header-height)+min(200px,max(70px,20svh)))]\" dir=\"auto\" data-turn-id=\"request-69bac791-8510-8396-b528-06006a09b699-11\" data-testid=\"conversation-turn-42\" data-scroll-anchor=\"true\" data-turn=\"assistant\">\n<div class=\"text-base my-auto mx-auto pb-10 [--thread-content-margin:var(--thread-content-margin-xs,calc(var(--spacing)*4))] @w-sm\/main:[--thread-content-margin:var(--thread-content-margin-sm,calc(var(--spacing)*6))] @w-lg\/main:[--thread-content-margin:var(--thread-content-margin-lg,calc(var(--spacing)*16))] px-(--thread-content-margin)\">\n<div class=\"[--thread-content-max-width:40rem] @w-lg\/main:[--thread-content-max-width:48rem] mx-auto max-w-(--thread-content-max-width) flex-1 group\/turn-messages focus-visible:outline-hidden relative flex w-full min-w-0 flex-col agent-turn\">\n<div class=\"flex max-w-full flex-col gap-4 grow\">\n<div class=\"min-h-8 text-message relative flex w-full flex-col items-end gap-2 text-start break-words whitespace-normal outline-none keyboard-focused:focus-ring [.text-message+&amp;]:mt-1\" dir=\"auto\" tabindex=\"0\" data-message-author-role=\"assistant\" data-message-id=\"de3d125b-6b84-4c0a-91b1-202989c70409\" data-message-model-slug=\"gpt-5-3\" data-turn-start-message=\"true\">\n<div class=\"flex w-full flex-col gap-1 empty:hidden\">\n<div class=\"markdown prose dark:prose-invert w-full wrap-break-word dark markdown-new-styling\">\n<p data-start=\"0\" data-end=\"387\" data-is-last-node=\"\" data-is-only-node=\"\">Setul DMTT cuprinde patru scaune elegante, tapi\u021bate cu catifea \u0219i prev\u0103zute cu sp\u0103tar curbat pentru un confort sporit. Picioarele din o\u021bel asigur\u0103 stabilitate \u0219i completeaz\u0103 designul modern, fiind ideale pentru buc\u0103t\u0103rie, dining sau living. Materialul pl\u0103cut la atingere \u0219i liniile rafinate adaug\u0103 un plus de stil oric\u0103rui spa\u021biu, integr\u00e2ndu-se cu u\u0219urin\u021b\u0103 \u00een amenaj\u0103rile contemporane.<\/p>\n<\/div>\n<\/div>\n<\/div>\n<\/div>\n<\/div>\n<\/div>\n<\/section>\n<p><strong>Date tehnice:<\/strong><\/p>\n<ul>\n<li>Culoare: Albastru<\/li>\n<li>Materiale: Poliester, spuma, otel<\/li>\n<li>Dimensiuni generale: 47L x 55l x 86Hcm<\/li>\n<li>Dimensiunea scaunului: 46l x 43Acm<\/li>\n<li>Inaltimea scaunului pana la podea: 50cm<\/li>\n<li>Dimensiunea spatarului: 46l x 44 Hcm<\/li>\n<li>Greutate sustinuta: 120 kg<\/li>\n<\/ul>\n<p><strong style=\"font-size: 16px;\"><b>Caracteristici:<\/b><\/strong><\/p>\n<ul>\n<li>Incluzand patru scaune, folositi-l pentru a va aseza la cina, conversatie si multe altele<\/li>\n<li>Tapiterie plusata, cu atingere de catifea cu tapiterie cu canale, cu spuma de inalta densitate pentru un confort maxim<\/li>\n<li>Picioare robuste, din otel cu granulatie de lemn, cu imprimare prin transfer termic, pentru un suport stabil<\/li>\n<li>Placute antiderapante pe picioarele scaunului pentru a va proteja podelele de zgarieturi<\/li>\n<li>Un design contemporan care va pune in valoare camera de luat masa, bucataria, dormitorul si nu numai<\/li>\n<li>Necesita asamblare<\/li>\n<\/ul>\n<p><strong style=\"font-size: 16px;\"><b>Continutul pachetului<\/b><\/strong><\/p>\n<ul>\n<li>4 x Scaune dining<\/li>\n<li>1 x Manual de instruc\u021biuni<\/li>\n<\/ul>\n<p>Produs din gama produc\u0103torilor interna\u021bionali de mobilier office, distribuit de DM Turbo Trading.<\/p>\n","protected":false},"excerpt":{"rendered":"<p>Set 4 scaune dining, DMTT, tapi\u021bate cu catifea, sp\u0103tar curbat, picioare din o\u021bel, albastru Setul DMTT cuprinde patru scaune elegante, [&hellip;]<\/p>\n","protected":false},"featured_media":1002,"template":"","meta":{"_uag_custom_page_level_css":"","site-sidebar-layout":"default","site-content-layout":"","ast-site-content-layout":"default","site-content-style":"default","site-sidebar-style":"default","ast-global-header-display":"","ast-banner-title-visibility":"","ast-main-header-display":"","ast-hfb-above-header-display":"","ast-hfb-below-header-display":"","ast-hfb-mobile-header-display":"","site-post-title":"","ast-breadcrumbs-content":"","ast-featured-img":"","footer-sml-layout":"","ast-disable-related-posts":"","theme-transparent-header-meta":"default","adv-header-id-meta":"","stick-header-meta":"","header-above-stick-meta":"","header-main-stick-meta":"","header-below-stick-meta":"","astra-migrate-meta-layouts":"set","ast-page-background-enabled":"default","ast-page-background-meta":{"desktop":{"background-color":"var(--ast-global-color-4)","background-image":"","background-repeat":"repeat","background-position":"center center","background-size":"auto","background-attachment":"scroll","background-type":"","background-media":"","overlay-type":"","overlay-color":"","overlay-opacity":"","overlay-gradient":""},"tablet":{"background-color":"","background-image":"","background-repeat":"repeat","background-position":"center center","background-size":"auto","background-attachment":"scroll","background-type":"","background-media":"","overlay-type":"","overlay-color":"","overlay-opacity":"","overlay-gradient":""},"mobile":{"background-color":"","background-image":"","background-repeat":"repeat","background-position":"center center","background-size":"auto","background-attachment":"scroll","background-type":"","background-media":"","overlay-type":"","overlay-color":"","overlay-opacity":"","overlay-gradient":""}},"ast-content-background-meta":{"desktop":{"background-color":"var(--ast-global-color-5)","background-image":"","background-repeat":"repeat","background-position":"center center","background-size":"auto","background-attachment":"scroll","background-type":"","background-media":"","overlay-type":"","overlay-color":"","overlay-opacity":"","overlay-gradient":""},"tablet":{"background-color":"var(--ast-global-color-5)","background-image":"","background-repeat":"repeat","background-position":"center center","background-size":"auto","background-attachment":"scroll","background-type":"","background-media":"","overlay-type":"","overlay-color":"","overlay-opacity":"","overlay-gradient":""},"mobile":{"background-color":"var(--ast-global-color-5)","background-image":"","background-repeat":"repeat","background-position":"center center","background-size":"auto","background-attachment":"scroll","background-type":"","background-media":"","overlay-type":"","overlay-color":"","overlay-opacity":"","overlay-gradient":""}}},"product_brand":[],"product_cat":[32,15],"product_tag":[],"class_list":{"0":"post-1001","1":"product","2":"type-product","3":"status-publish","4":"has-post-thumbnail","6":"product_cat-scaune","7":"product_cat-uncategorized","8":"desktop-align-left","9":"tablet-align-left","10":"mobile-align-left","12":"first","13":"instock","14":"shipping-taxable","15":"purchasable","16":"product-type-simple"},"yoast_head":"<!-- This site is optimized with the Yoast SEO plugin v27.2 - https:\/\/yoast.com\/product\/yoast-seo-wordpress\/ -->\n<title>Set 4 scaune dining, DMTT, tapi\u021bate cu catifea, sp\u0103tar curbat, picioare din o\u021bel, albastru -<\/title>\n<meta name=\"description\" content=\"Setul DMTT cuprinde patru scaune elegante, tapi\u021bate cu catifea \u0219i prev\u0103zute cu sp\u0103tar curbat pentru un confort sporit. Picioarele din o\u021bel asigur\u0103 stabilitate \u0219i completeaz\u0103 designul modern, fiind ideale pentru buc\u0103t\u0103rie, dining sau living. Materialul pl\u0103cut la atingere \u0219i liniile rafinate adaug\u0103 un plus de stil oric\u0103rui spa\u021biu, integr\u00e2ndu-se cu u\u0219urin\u021b\u0103 \u00een amenaj\u0103rile contemporane.\" \/>\n<meta name=\"robots\" content=\"index, follow, max-snippet:-1, max-image-preview:large, max-video-preview:-1\" \/>\n<link rel=\"canonical\" href=\"https:\/\/dmturbotrading.ro\/index.php\/product\/set-4-scaune-dining-tapitate-catifea-picioare-otel-albastru\/\" \/>\n<meta property=\"og:locale\" content=\"en_US\" \/>\n<meta property=\"og:type\" content=\"article\" \/>\n<meta property=\"og:title\" content=\"Set 4 scaune dining, DMTT, tapi\u021bate cu catifea, sp\u0103tar curbat, picioare din o\u021bel, albastru -\" \/>\n<meta property=\"og:description\" content=\"Setul DMTT cuprinde patru scaune elegante, tapi\u021bate cu catifea \u0219i prev\u0103zute cu sp\u0103tar curbat pentru un confort sporit. Picioarele din o\u021bel asigur\u0103 stabilitate \u0219i completeaz\u0103 designul modern, fiind ideale pentru buc\u0103t\u0103rie, dining sau living. Materialul pl\u0103cut la atingere \u0219i liniile rafinate adaug\u0103 un plus de stil oric\u0103rui spa\u021biu, integr\u00e2ndu-se cu u\u0219urin\u021b\u0103 \u00een amenaj\u0103rile contemporane.\" \/>\n<meta property=\"og:url\" content=\"https:\/\/dmturbotrading.ro\/index.php\/product\/set-4-scaune-dining-tapitate-catifea-picioare-otel-albastru\/\" \/>\n<meta property=\"article:modified_time\" content=\"2026-03-21T13:23:23+00:00\" \/>\n<meta property=\"og:image\" content=\"https:\/\/dmturbotrading.ro\/wp-content\/uploads\/2026\/03\/scaune-dining-11-1.jpg\" \/>\n\t<meta property=\"og:image:width\" content=\"1024\" \/>\n\t<meta property=\"og:image:height\" content=\"1024\" \/>\n\t<meta property=\"og:image:type\" content=\"image\/jpeg\" \/>\n<meta name=\"twitter:card\" content=\"summary_large_image\" \/>\n<meta name=\"twitter:label1\" content=\"Est. reading time\" \/>\n\t<meta name=\"twitter:data1\" content=\"2 minutes\" \/>\n<script type=\"application\/ld+json\" class=\"yoast-schema-graph\">{\"@context\":\"https:\/\/schema.org\",\"@graph\":[{\"@type\":\"WebPage\",\"@id\":\"https:\/\/dmturbotrading.ro\/index.php\/product\/set-4-scaune-dining-tapitate-catifea-picioare-otel-albastru\/\",\"url\":\"https:\/\/dmturbotrading.ro\/index.php\/product\/set-4-scaune-dining-tapitate-catifea-picioare-otel-albastru\/\",\"name\":\"Set 4 scaune dining, DMTT, tapi\u021bate cu catifea, sp\u0103tar curbat, picioare din o\u021bel, albastru -\",\"isPartOf\":{\"@id\":\"https:\/\/dmturbotrading.ro\/#website\"},\"primaryImageOfPage\":{\"@id\":\"https:\/\/dmturbotrading.ro\/index.php\/product\/set-4-scaune-dining-tapitate-catifea-picioare-otel-albastru\/#primaryimage\"},\"image\":{\"@id\":\"https:\/\/dmturbotrading.ro\/index.php\/product\/set-4-scaune-dining-tapitate-catifea-picioare-otel-albastru\/#primaryimage\"},\"thumbnailUrl\":\"https:\/\/dmturbotrading.ro\/wp-content\/uploads\/2026\/03\/scaune-dining-11-1.jpg\",\"datePublished\":\"2026-03-21T13:08:06+00:00\",\"dateModified\":\"2026-03-21T13:23:23+00:00\",\"description\":\"Setul DMTT cuprinde patru scaune elegante, tapi\u021bate cu catifea \u0219i prev\u0103zute cu sp\u0103tar curbat pentru un confort sporit. Picioarele din o\u021bel asigur\u0103 stabilitate \u0219i completeaz\u0103 designul modern, fiind ideale pentru buc\u0103t\u0103rie, dining sau living. Materialul pl\u0103cut la atingere \u0219i liniile rafinate adaug\u0103 un plus de stil oric\u0103rui spa\u021biu, integr\u00e2ndu-se cu u\u0219urin\u021b\u0103 \u00een amenaj\u0103rile contemporane.\",\"breadcrumb\":{\"@id\":\"https:\/\/dmturbotrading.ro\/index.php\/product\/set-4-scaune-dining-tapitate-catifea-picioare-otel-albastru\/#breadcrumb\"},\"inLanguage\":\"en-US\",\"potentialAction\":[{\"@type\":\"ReadAction\",\"target\":[\"https:\/\/dmturbotrading.ro\/index.php\/product\/set-4-scaune-dining-tapitate-catifea-picioare-otel-albastru\/\"]}]},{\"@type\":\"ImageObject\",\"inLanguage\":\"en-US\",\"@id\":\"https:\/\/dmturbotrading.ro\/index.php\/product\/set-4-scaune-dining-tapitate-catifea-picioare-otel-albastru\/#primaryimage\",\"url\":\"https:\/\/dmturbotrading.ro\/wp-content\/uploads\/2026\/03\/scaune-dining-11-1.jpg\",\"contentUrl\":\"https:\/\/dmturbotrading.ro\/wp-content\/uploads\/2026\/03\/scaune-dining-11-1.jpg\",\"width\":1024,\"height\":1024,\"caption\":\"scaune dining albastre\"},{\"@type\":\"BreadcrumbList\",\"@id\":\"https:\/\/dmturbotrading.ro\/index.php\/product\/set-4-scaune-dining-tapitate-catifea-picioare-otel-albastru\/#breadcrumb\",\"itemListElement\":[{\"@type\":\"ListItem\",\"position\":1,\"name\":\"Home\",\"item\":\"https:\/\/dmturbotrading.ro\/\"},{\"@type\":\"ListItem\",\"position\":2,\"name\":\"Shop\",\"item\":\"https:\/\/dmturbotrading.ro\/index.php\/shop\/\"},{\"@type\":\"ListItem\",\"position\":3,\"name\":\"Set 4 scaune dining, DMTT, tapi\u021bate cu catifea, sp\u0103tar curbat, picioare din o\u021bel, albastru\"}]},{\"@type\":\"WebSite\",\"@id\":\"https:\/\/dmturbotrading.ro\/#website\",\"url\":\"https:\/\/dmturbotrading.ro\/\",\"name\":\"\",\"description\":\"\",\"potentialAction\":[{\"@type\":\"SearchAction\",\"target\":{\"@type\":\"EntryPoint\",\"urlTemplate\":\"https:\/\/dmturbotrading.ro\/?s={search_term_string}\"},\"query-input\":{\"@type\":\"PropertyValueSpecification\",\"valueRequired\":true,\"valueName\":\"search_term_string\"}}],\"inLanguage\":\"en-US\"}]}<\/script>\n<!-- \/ Yoast SEO plugin. -->","yoast_head_json":{"title":"Set 4 scaune dining, DMTT, tapi\u021bate cu catifea, sp\u0103tar curbat, picioare din o\u021bel, albastru -","description":"Setul DMTT cuprinde patru scaune elegante, tapi\u021bate cu catifea \u0219i prev\u0103zute cu sp\u0103tar curbat pentru un confort sporit. Picioarele din o\u021bel asigur\u0103 stabilitate \u0219i completeaz\u0103 designul modern, fiind ideale pentru buc\u0103t\u0103rie, dining sau living. Materialul pl\u0103cut la atingere \u0219i liniile rafinate adaug\u0103 un plus de stil oric\u0103rui spa\u021biu, integr\u00e2ndu-se cu u\u0219urin\u021b\u0103 \u00een amenaj\u0103rile contemporane.","robots":{"index":"index","follow":"follow","max-snippet":"max-snippet:-1","max-image-preview":"max-image-preview:large","max-video-preview":"max-video-preview:-1"},"canonical":"https:\/\/dmturbotrading.ro\/index.php\/product\/set-4-scaune-dining-tapitate-catifea-picioare-otel-albastru\/","og_locale":"en_US","og_type":"article","og_title":"Set 4 scaune dining, DMTT, tapi\u021bate cu catifea, sp\u0103tar curbat, picioare din o\u021bel, albastru -","og_description":"Setul DMTT cuprinde patru scaune elegante, tapi\u021bate cu catifea \u0219i prev\u0103zute cu sp\u0103tar curbat pentru un confort sporit. Picioarele din o\u021bel asigur\u0103 stabilitate \u0219i completeaz\u0103 designul modern, fiind ideale pentru buc\u0103t\u0103rie, dining sau living. Materialul pl\u0103cut la atingere \u0219i liniile rafinate adaug\u0103 un plus de stil oric\u0103rui spa\u021biu, integr\u00e2ndu-se cu u\u0219urin\u021b\u0103 \u00een amenaj\u0103rile contemporane.","og_url":"https:\/\/dmturbotrading.ro\/index.php\/product\/set-4-scaune-dining-tapitate-catifea-picioare-otel-albastru\/","article_modified_time":"2026-03-21T13:23:23+00:00","og_image":[{"width":1024,"height":1024,"url":"https:\/\/dmturbotrading.ro\/wp-content\/uploads\/2026\/03\/scaune-dining-11-1.jpg","type":"image\/jpeg"}],"twitter_card":"summary_large_image","twitter_misc":{"Est. reading time":"2 minutes"},"schema":{"@context":"https:\/\/schema.org","@graph":[{"@type":"WebPage","@id":"https:\/\/dmturbotrading.ro\/index.php\/product\/set-4-scaune-dining-tapitate-catifea-picioare-otel-albastru\/","url":"https:\/\/dmturbotrading.ro\/index.php\/product\/set-4-scaune-dining-tapitate-catifea-picioare-otel-albastru\/","name":"Set 4 scaune dining, DMTT, tapi\u021bate cu catifea, sp\u0103tar curbat, picioare din o\u021bel, albastru -","isPartOf":{"@id":"https:\/\/dmturbotrading.ro\/#website"},"primaryImageOfPage":{"@id":"https:\/\/dmturbotrading.ro\/index.php\/product\/set-4-scaune-dining-tapitate-catifea-picioare-otel-albastru\/#primaryimage"},"image":{"@id":"https:\/\/dmturbotrading.ro\/index.php\/product\/set-4-scaune-dining-tapitate-catifea-picioare-otel-albastru\/#primaryimage"},"thumbnailUrl":"https:\/\/dmturbotrading.ro\/wp-content\/uploads\/2026\/03\/scaune-dining-11-1.jpg","datePublished":"2026-03-21T13:08:06+00:00","dateModified":"2026-03-21T13:23:23+00:00","description":"Setul DMTT cuprinde patru scaune elegante, tapi\u021bate cu catifea \u0219i prev\u0103zute cu sp\u0103tar curbat pentru un confort sporit. Picioarele din o\u021bel asigur\u0103 stabilitate \u0219i completeaz\u0103 designul modern, fiind ideale pentru buc\u0103t\u0103rie, dining sau living. Materialul pl\u0103cut la atingere \u0219i liniile rafinate adaug\u0103 un plus de stil oric\u0103rui spa\u021biu, integr\u00e2ndu-se cu u\u0219urin\u021b\u0103 \u00een amenaj\u0103rile contemporane.","breadcrumb":{"@id":"https:\/\/dmturbotrading.ro\/index.php\/product\/set-4-scaune-dining-tapitate-catifea-picioare-otel-albastru\/#breadcrumb"},"inLanguage":"en-US","potentialAction":[{"@type":"ReadAction","target":["https:\/\/dmturbotrading.ro\/index.php\/product\/set-4-scaune-dining-tapitate-catifea-picioare-otel-albastru\/"]}]},{"@type":"ImageObject","inLanguage":"en-US","@id":"https:\/\/dmturbotrading.ro\/index.php\/product\/set-4-scaune-dining-tapitate-catifea-picioare-otel-albastru\/#primaryimage","url":"https:\/\/dmturbotrading.ro\/wp-content\/uploads\/2026\/03\/scaune-dining-11-1.jpg","contentUrl":"https:\/\/dmturbotrading.ro\/wp-content\/uploads\/2026\/03\/scaune-dining-11-1.jpg","width":1024,"height":1024,"caption":"scaune dining albastre"},{"@type":"BreadcrumbList","@id":"https:\/\/dmturbotrading.ro\/index.php\/product\/set-4-scaune-dining-tapitate-catifea-picioare-otel-albastru\/#breadcrumb","itemListElement":[{"@type":"ListItem","position":1,"name":"Home","item":"https:\/\/dmturbotrading.ro\/"},{"@type":"ListItem","position":2,"name":"Shop","item":"https:\/\/dmturbotrading.ro\/index.php\/shop\/"},{"@type":"ListItem","position":3,"name":"Set 4 scaune dining, DMTT, tapi\u021bate cu catifea, sp\u0103tar curbat, picioare din o\u021bel, albastru"}]},{"@type":"WebSite","@id":"https:\/\/dmturbotrading.ro\/#website","url":"https:\/\/dmturbotrading.ro\/","name":"","description":"","potentialAction":[{"@type":"SearchAction","target":{"@type":"EntryPoint","urlTemplate":"https:\/\/dmturbotrading.ro\/?s={search_term_string}"},"query-input":{"@type":"PropertyValueSpecification","valueRequired":true,"valueName":"search_term_string"}}],"inLanguage":"en-US"}]}},"uagb_featured_image_src":{"full":["https:\/\/dmturbotrading.ro\/wp-content\/uploads\/2026\/03\/scaune-dining-11-1.jpg",1024,1024,false],"thumbnail":["https:\/\/dmturbotrading.ro\/wp-content\/uploads\/2026\/03\/scaune-dining-11-1.jpg",150,150,false],"medium":["https:\/\/dmturbotrading.ro\/wp-content\/uploads\/2026\/03\/scaune-dining-11-1.jpg",300,300,false],"medium_large":["https:\/\/dmturbotrading.ro\/wp-content\/uploads\/2026\/03\/scaune-dining-11-1.jpg",768,768,false],"large":["https:\/\/dmturbotrading.ro\/wp-content\/uploads\/2026\/03\/scaune-dining-11-1.jpg",1024,1024,false],"1536x1536":["https:\/\/dmturbotrading.ro\/wp-content\/uploads\/2026\/03\/scaune-dining-11-1.jpg",1024,1024,false],"2048x2048":["https:\/\/dmturbotrading.ro\/wp-content\/uploads\/2026\/03\/scaune-dining-11-1.jpg",1024,1024,false],"woocommerce_thumbnail":["https:\/\/dmturbotrading.ro\/wp-content\/uploads\/2026\/03\/scaune-dining-11-1.jpg",300,300,false],"woocommerce_single":["https:\/\/dmturbotrading.ro\/wp-content\/uploads\/2026\/03\/scaune-dining-11-1.jpg",600,600,false],"woocommerce_gallery_thumbnail":["https:\/\/dmturbotrading.ro\/wp-content\/uploads\/2026\/03\/scaune-dining-11-1.jpg",100,100,false]},"uagb_author_info":{"display_name":"admin","author_link":"https:\/\/dmturbotrading.ro\/index.php\/author\/"},"uagb_comment_info":0,"uagb_excerpt":"Set 4 scaune dining, DMTT, tapi\u021bate cu catifea, sp\u0103tar curbat, picioare din o\u021bel, albastru Setul DMTT cuprinde patru scaune elegante, [&hellip;]","_links":{"self":[{"href":"https:\/\/dmturbotrading.ro\/index.php\/wp-json\/wp\/v2\/product\/1001","targetHints":{"allow":["GET"]}}],"collection":[{"href":"https:\/\/dmturbotrading.ro\/index.php\/wp-json\/wp\/v2\/product"}],"about":[{"href":"https:\/\/dmturbotrading.ro\/index.php\/wp-json\/wp\/v2\/types\/product"}],"wp:featuredmedia":[{"embeddable":true,"href":"https:\/\/dmturbotrading.ro\/index.php\/wp-json\/wp\/v2\/media\/1002"}],"wp:attachment":[{"href":"https:\/\/dmturbotrading.ro\/index.php\/wp-json\/wp\/v2\/media?parent=1001"}],"wp:term":[{"taxonomy":"product_brand","embeddable":true,"href":"https:\/\/dmturbotrading.ro\/index.php\/wp-json\/wp\/v2\/product_brand?post=1001"},{"taxonomy":"product_cat","embeddable":true,"href":"https:\/\/dmturbotrading.ro\/index.php\/wp-json\/wp\/v2\/product_cat?post=1001"},{"taxonomy":"product_tag","embeddable":true,"href":"https:\/\/dmturbotrading.ro\/index.php\/wp-json\/wp\/v2\/product_tag?post=1001"}],"curies":[{"name":"wp","href":"https:\/\/api.w.org\/{rel}","templated":true}]}}