{"id":1033,"date":"2026-03-21T14:14:08","date_gmt":"2026-03-21T14:14:08","guid":{"rendered":"https:\/\/dmturbotrading.ro\/?post_type=product&#038;p=1033"},"modified":"2026-03-21T14:16:17","modified_gmt":"2026-03-21T14:16:17","slug":"set-2-scaune-de-bar-dmtt-reglabile-pe-inaltime-pivotante-otel-crem","status":"publish","type":"product","link":"https:\/\/dmturbotrading.ro\/index.php\/product\/set-2-scaune-de-bar-dmtt-reglabile-pe-inaltime-pivotante-otel-crem\/","title":{"rendered":"Set 2 scaune de bar, DMTT, reglabile pe \u00een\u0103l\u021bime, pivotante, baz\u0103 o\u021bel, crem"},"content":{"rendered":"<h2 data-path-to-node=\"2\">Set 2 scaune de bar, DMTT, reglabile pe \u00een\u0103l\u021bime, pivotante, baz\u0103 o\u021bel, crem<\/h2>\n<section class=\"text-token-text-primary w-full focus:outline-none [--shadow-height:45px] has-data-writing-block:pointer-events-none has-data-writing-block:-mt-(--shadow-height) has-data-writing-block:pt-(--shadow-height) [&amp;:has([data-writing-block])&gt;*]:pointer-events-auto scroll-mt-(--header-height)\" dir=\"auto\" data-turn-id=\"2d4f12b1-51d9-4d30-866c-16390bbfb1ad\" data-testid=\"conversation-turn-41\" data-scroll-anchor=\"false\" data-turn=\"user\"><\/section>\n<section class=\"text-token-text-primary w-full focus:outline-none [--shadow-height:45px] has-data-writing-block:pointer-events-none has-data-writing-block:-mt-(--shadow-height) has-data-writing-block:pt-(--shadow-height) [&amp;:has([data-writing-block])&gt;*]:pointer-events-auto scroll-mt-[calc(var(--header-height)+min(200px,max(70px,20svh)))]\" dir=\"auto\" data-turn-id=\"request-69bac791-8510-8396-b528-06006a09b699-11\" data-testid=\"conversation-turn-42\" data-scroll-anchor=\"true\" data-turn=\"assistant\">\n<div class=\"text-base my-auto mx-auto pb-10 [--thread-content-margin:var(--thread-content-margin-xs,calc(var(--spacing)*4))] @w-sm\/main:[--thread-content-margin:var(--thread-content-margin-sm,calc(var(--spacing)*6))] @w-lg\/main:[--thread-content-margin:var(--thread-content-margin-lg,calc(var(--spacing)*16))] px-(--thread-content-margin)\">\n<div class=\"[--thread-content-max-width:40rem] @w-lg\/main:[--thread-content-max-width:48rem] mx-auto max-w-(--thread-content-max-width) flex-1 group\/turn-messages focus-visible:outline-hidden relative flex w-full min-w-0 flex-col agent-turn\">\n<div class=\"flex max-w-full flex-col gap-4 grow\">\n<div class=\"min-h-8 text-message relative flex w-full flex-col items-end gap-2 text-start break-words whitespace-normal outline-none keyboard-focused:focus-ring [.text-message+&amp;]:mt-1\" dir=\"auto\" tabindex=\"0\" data-message-author-role=\"assistant\" data-message-id=\"de3d125b-6b84-4c0a-91b1-202989c70409\" data-message-model-slug=\"gpt-5-3\" data-turn-start-message=\"true\">\n<div class=\"flex w-full flex-col gap-1 empty:hidden\">\n<div class=\"markdown prose dark:prose-invert w-full wrap-break-word dark markdown-new-styling\">\n<p data-start=\"0\" data-end=\"387\" data-is-last-node=\"\" data-is-only-node=\"\">Profit\u0103 la maximum de spa\u021biul din zona de bar sau dining cu aceste scaune \u00eenalte DMTT \u0218ezuturile capitonate, \u00eembr\u0103cate \u00een imita\u021bie de piele cu model romboidal, ofer\u0103 at\u00e2t confort, c\u00e2t \u0219i un aspect vintage rafinat. Baza robust\u0103, prev\u0103zut\u0103 cu elemente antiderapante, asigur\u0103 stabilitate \u0219i siguran\u021b\u0103 \u00een utilizare. Alege acest set de scaune de bar pentru a ad\u0103uga un plus de confort \u0219i stil spa\u021biului t\u0103u!<\/p>\n<\/div>\n<\/div>\n<\/div>\n<\/div>\n<\/div>\n<\/div>\n<\/section>\n<p><strong>Caracteristici:<\/strong><\/p>\n<ul>\n<li>Set de dou\u0103 scaune \u00eenalte de bar, perfect pentru a crea un aspect coordonat \u00een casa ta<\/li>\n<li>Rotirea la 360\u00b0 a \u0219ezutului face ca fiecare scaun \u00eenalt de buc\u0103t\u0103rie s\u0103 fie confortabil pentru a te \u00eentoarce \u00een direc\u021bia dorit\u0103<\/li>\n<li>\u00cen\u0103l\u021bimea \u0219ezutului este reglabil\u0103 pentru a se potrivi oric\u0103rui blat<\/li>\n<li>Material din imita\u021bie de piele PU \u0219i capitonare cu spum\u0103 groas\u0103 pentru un \u0219ezut confortabil<\/li>\n<li>Piciorul inferior ofer\u0103 suport pentru picioare<\/li>\n<li>Baz\u0103 solid\u0103 din o\u021bel vopsit cu pulbere cu picioare antiderapante pentru a men\u021bine scaunele \u00eenalte stabile<\/li>\n<li>Asamblare necesar\u0103<\/li>\n<li><\/li>\n<\/ul>\n<p><strong style=\"font-size: 16px;\"><b>Date tehnice:<\/b><\/strong><\/p>\n<ul>\n<li>Culoare: crem<\/li>\n<li>Materiale: Imita\u021bie de piele PU, o\u021bel, spum\u0103<\/li>\n<li>Dimensiuni totale: 46,5x51x86-106 cm<\/li>\n<li>Dimensiuni \u0219ezut: 46x39x59-79 cm<\/li>\n<li>Dimensiuni sp\u0103tar: 45x31x4 cm<\/li>\n<li>\u00cen\u0103l\u021bime reazem picioare: 20-40 cm<\/li>\n<li>Dimensiuni baz\u0103: \u00d8 38 cm<\/li>\n<li>Capacitate de greutate: 120 kg<\/li>\n<\/ul>\n<p><strong style=\"font-size: 16px;\"><b>Continutul pachetului<\/b><\/strong><\/p>\n<ul>\n<li>2 x Scaune de bar<\/li>\n<li>1 x Manual de instruc\u021biuni<\/li>\n<\/ul>\n<p>Produs din gama produc\u0103torilor interna\u021bionali de mobilier office, distribuit de DM Turbo Trading.<\/p>\n","protected":false},"excerpt":{"rendered":"<p>Set 2 scaune de bar, DMTT, reglabile pe \u00een\u0103l\u021bime, pivotante, baz\u0103 o\u021bel, crem Profit\u0103 la maximum de spa\u021biul din zona [&hellip;]<\/p>\n","protected":false},"featured_media":1034,"template":"","meta":{"_uag_custom_page_level_css":"","site-sidebar-layout":"default","site-content-layout":"","ast-site-content-layout":"default","site-content-style":"default","site-sidebar-style":"default","ast-global-header-display":"","ast-banner-title-visibility":"","ast-main-header-display":"","ast-hfb-above-header-display":"","ast-hfb-below-header-display":"","ast-hfb-mobile-header-display":"","site-post-title":"","ast-breadcrumbs-content":"","ast-featured-img":"","footer-sml-layout":"","ast-disable-related-posts":"","theme-transparent-header-meta":"default","adv-header-id-meta":"","stick-header-meta":"","header-above-stick-meta":"","header-main-stick-meta":"","header-below-stick-meta":"","astra-migrate-meta-layouts":"set","ast-page-background-enabled":"default","ast-page-background-meta":{"desktop":{"background-color":"var(--ast-global-color-4)","background-image":"","background-repeat":"repeat","background-position":"center center","background-size":"auto","background-attachment":"scroll","background-type":"","background-media":"","overlay-type":"","overlay-color":"","overlay-opacity":"","overlay-gradient":""},"tablet":{"background-color":"","background-image":"","background-repeat":"repeat","background-position":"center center","background-size":"auto","background-attachment":"scroll","background-type":"","background-media":"","overlay-type":"","overlay-color":"","overlay-opacity":"","overlay-gradient":""},"mobile":{"background-color":"","background-image":"","background-repeat":"repeat","background-position":"center center","background-size":"auto","background-attachment":"scroll","background-type":"","background-media":"","overlay-type":"","overlay-color":"","overlay-opacity":"","overlay-gradient":""}},"ast-content-background-meta":{"desktop":{"background-color":"var(--ast-global-color-5)","background-image":"","background-repeat":"repeat","background-position":"center center","background-size":"auto","background-attachment":"scroll","background-type":"","background-media":"","overlay-type":"","overlay-color":"","overlay-opacity":"","overlay-gradient":""},"tablet":{"background-color":"var(--ast-global-color-5)","background-image":"","background-repeat":"repeat","background-position":"center center","background-size":"auto","background-attachment":"scroll","background-type":"","background-media":"","overlay-type":"","overlay-color":"","overlay-opacity":"","overlay-gradient":""},"mobile":{"background-color":"var(--ast-global-color-5)","background-image":"","background-repeat":"repeat","background-position":"center center","background-size":"auto","background-attachment":"scroll","background-type":"","background-media":"","overlay-type":"","overlay-color":"","overlay-opacity":"","overlay-gradient":""}}},"product_brand":[],"product_cat":[43,15],"product_tag":[],"class_list":{"0":"post-1033","1":"product","2":"type-product","3":"status-publish","4":"has-post-thumbnail","6":"product_cat-scaune-bar","7":"product_cat-uncategorized","8":"desktop-align-left","9":"tablet-align-left","10":"mobile-align-left","12":"first","13":"instock","14":"shipping-taxable","15":"purchasable","16":"product-type-simple"},"yoast_head":"<!-- This site is optimized with the Yoast SEO plugin v27.2 - https:\/\/yoast.com\/product\/yoast-seo-wordpress\/ -->\n<title>Set 2 scaune de bar, DMTT, reglabile pe \u00een\u0103l\u021bime, pivotante, baz\u0103 o\u021bel, crem -<\/title>\n<meta name=\"description\" content=\"Profit\u0103 la maximum de spa\u021biul din zona de bar sau dining cu aceste scaune \u00eenalte DMTT \u0218ezuturile capitonate, \u00eembr\u0103cate \u00een imita\u021bie de piele cu model romboidal, ofer\u0103 at\u00e2t confort, c\u00e2t \u0219i un aspect vintage rafinat. Baza robust\u0103, prev\u0103zut\u0103 cu elemente antiderapante, asigur\u0103 stabilitate \u0219i siguran\u021b\u0103 \u00een utilizare. Alege acest set de scaune de bar pentru a ad\u0103uga un plus de confort \u0219i stil spa\u021biului t\u0103u\" \/>\n<meta name=\"robots\" content=\"index, follow, max-snippet:-1, max-image-preview:large, max-video-preview:-1\" \/>\n<link rel=\"canonical\" href=\"https:\/\/dmturbotrading.ro\/index.php\/product\/set-2-scaune-de-bar-dmtt-reglabile-pe-inaltime-pivotante-otel-crem\/\" \/>\n<meta property=\"og:locale\" content=\"en_US\" \/>\n<meta property=\"og:type\" content=\"article\" \/>\n<meta property=\"og:title\" content=\"Set 2 scaune de bar, DMTT, reglabile pe \u00een\u0103l\u021bime, pivotante, baz\u0103 o\u021bel, crem -\" \/>\n<meta property=\"og:description\" content=\"Profit\u0103 la maximum de spa\u021biul din zona de bar sau dining cu aceste scaune \u00eenalte DMTT \u0218ezuturile capitonate, \u00eembr\u0103cate \u00een imita\u021bie de piele cu model romboidal, ofer\u0103 at\u00e2t confort, c\u00e2t \u0219i un aspect vintage rafinat. Baza robust\u0103, prev\u0103zut\u0103 cu elemente antiderapante, asigur\u0103 stabilitate \u0219i siguran\u021b\u0103 \u00een utilizare. Alege acest set de scaune de bar pentru a ad\u0103uga un plus de confort \u0219i stil spa\u021biului t\u0103u\" \/>\n<meta property=\"og:url\" content=\"https:\/\/dmturbotrading.ro\/index.php\/product\/set-2-scaune-de-bar-dmtt-reglabile-pe-inaltime-pivotante-otel-crem\/\" \/>\n<meta property=\"article:modified_time\" content=\"2026-03-21T14:16:17+00:00\" \/>\n<meta property=\"og:image\" content=\"https:\/\/dmturbotrading.ro\/wp-content\/uploads\/2026\/03\/scaune-bar-crem.jpg\" \/>\n\t<meta property=\"og:image:width\" content=\"1024\" \/>\n\t<meta property=\"og:image:height\" content=\"1024\" \/>\n\t<meta property=\"og:image:type\" content=\"image\/jpeg\" \/>\n<meta name=\"twitter:card\" content=\"summary_large_image\" \/>\n<meta name=\"twitter:label1\" content=\"Est. reading time\" \/>\n\t<meta name=\"twitter:data1\" content=\"2 minutes\" \/>\n<script type=\"application\/ld+json\" class=\"yoast-schema-graph\">{\"@context\":\"https:\/\/schema.org\",\"@graph\":[{\"@type\":\"WebPage\",\"@id\":\"https:\/\/dmturbotrading.ro\/index.php\/product\/set-2-scaune-de-bar-dmtt-reglabile-pe-inaltime-pivotante-otel-crem\/\",\"url\":\"https:\/\/dmturbotrading.ro\/index.php\/product\/set-2-scaune-de-bar-dmtt-reglabile-pe-inaltime-pivotante-otel-crem\/\",\"name\":\"Set 2 scaune de bar, DMTT, reglabile pe \u00een\u0103l\u021bime, pivotante, baz\u0103 o\u021bel, crem -\",\"isPartOf\":{\"@id\":\"https:\/\/dmturbotrading.ro\/#website\"},\"primaryImageOfPage\":{\"@id\":\"https:\/\/dmturbotrading.ro\/index.php\/product\/set-2-scaune-de-bar-dmtt-reglabile-pe-inaltime-pivotante-otel-crem\/#primaryimage\"},\"image\":{\"@id\":\"https:\/\/dmturbotrading.ro\/index.php\/product\/set-2-scaune-de-bar-dmtt-reglabile-pe-inaltime-pivotante-otel-crem\/#primaryimage\"},\"thumbnailUrl\":\"https:\/\/dmturbotrading.ro\/wp-content\/uploads\/2026\/03\/scaune-bar-crem.jpg\",\"datePublished\":\"2026-03-21T14:14:08+00:00\",\"dateModified\":\"2026-03-21T14:16:17+00:00\",\"description\":\"Profit\u0103 la maximum de spa\u021biul din zona de bar sau dining cu aceste scaune \u00eenalte DMTT \u0218ezuturile capitonate, \u00eembr\u0103cate \u00een imita\u021bie de piele cu model romboidal, ofer\u0103 at\u00e2t confort, c\u00e2t \u0219i un aspect vintage rafinat. Baza robust\u0103, prev\u0103zut\u0103 cu elemente antiderapante, asigur\u0103 stabilitate \u0219i siguran\u021b\u0103 \u00een utilizare. Alege acest set de scaune de bar pentru a ad\u0103uga un plus de confort \u0219i stil spa\u021biului t\u0103u\",\"breadcrumb\":{\"@id\":\"https:\/\/dmturbotrading.ro\/index.php\/product\/set-2-scaune-de-bar-dmtt-reglabile-pe-inaltime-pivotante-otel-crem\/#breadcrumb\"},\"inLanguage\":\"en-US\",\"potentialAction\":[{\"@type\":\"ReadAction\",\"target\":[\"https:\/\/dmturbotrading.ro\/index.php\/product\/set-2-scaune-de-bar-dmtt-reglabile-pe-inaltime-pivotante-otel-crem\/\"]}]},{\"@type\":\"ImageObject\",\"inLanguage\":\"en-US\",\"@id\":\"https:\/\/dmturbotrading.ro\/index.php\/product\/set-2-scaune-de-bar-dmtt-reglabile-pe-inaltime-pivotante-otel-crem\/#primaryimage\",\"url\":\"https:\/\/dmturbotrading.ro\/wp-content\/uploads\/2026\/03\/scaune-bar-crem.jpg\",\"contentUrl\":\"https:\/\/dmturbotrading.ro\/wp-content\/uploads\/2026\/03\/scaune-bar-crem.jpg\",\"width\":1024,\"height\":1024},{\"@type\":\"BreadcrumbList\",\"@id\":\"https:\/\/dmturbotrading.ro\/index.php\/product\/set-2-scaune-de-bar-dmtt-reglabile-pe-inaltime-pivotante-otel-crem\/#breadcrumb\",\"itemListElement\":[{\"@type\":\"ListItem\",\"position\":1,\"name\":\"Home\",\"item\":\"https:\/\/dmturbotrading.ro\/\"},{\"@type\":\"ListItem\",\"position\":2,\"name\":\"Shop\",\"item\":\"https:\/\/dmturbotrading.ro\/index.php\/shop\/\"},{\"@type\":\"ListItem\",\"position\":3,\"name\":\"Set 2 scaune de bar, DMTT, reglabile pe \u00een\u0103l\u021bime, pivotante, baz\u0103 o\u021bel, crem\"}]},{\"@type\":\"WebSite\",\"@id\":\"https:\/\/dmturbotrading.ro\/#website\",\"url\":\"https:\/\/dmturbotrading.ro\/\",\"name\":\"\",\"description\":\"\",\"potentialAction\":[{\"@type\":\"SearchAction\",\"target\":{\"@type\":\"EntryPoint\",\"urlTemplate\":\"https:\/\/dmturbotrading.ro\/?s={search_term_string}\"},\"query-input\":{\"@type\":\"PropertyValueSpecification\",\"valueRequired\":true,\"valueName\":\"search_term_string\"}}],\"inLanguage\":\"en-US\"}]}<\/script>\n<!-- \/ Yoast SEO plugin. -->","yoast_head_json":{"title":"Set 2 scaune de bar, DMTT, reglabile pe \u00een\u0103l\u021bime, pivotante, baz\u0103 o\u021bel, crem -","description":"Profit\u0103 la maximum de spa\u021biul din zona de bar sau dining cu aceste scaune \u00eenalte DMTT \u0218ezuturile capitonate, \u00eembr\u0103cate \u00een imita\u021bie de piele cu model romboidal, ofer\u0103 at\u00e2t confort, c\u00e2t \u0219i un aspect vintage rafinat. Baza robust\u0103, prev\u0103zut\u0103 cu elemente antiderapante, asigur\u0103 stabilitate \u0219i siguran\u021b\u0103 \u00een utilizare. Alege acest set de scaune de bar pentru a ad\u0103uga un plus de confort \u0219i stil spa\u021biului t\u0103u","robots":{"index":"index","follow":"follow","max-snippet":"max-snippet:-1","max-image-preview":"max-image-preview:large","max-video-preview":"max-video-preview:-1"},"canonical":"https:\/\/dmturbotrading.ro\/index.php\/product\/set-2-scaune-de-bar-dmtt-reglabile-pe-inaltime-pivotante-otel-crem\/","og_locale":"en_US","og_type":"article","og_title":"Set 2 scaune de bar, DMTT, reglabile pe \u00een\u0103l\u021bime, pivotante, baz\u0103 o\u021bel, crem -","og_description":"Profit\u0103 la maximum de spa\u021biul din zona de bar sau dining cu aceste scaune \u00eenalte DMTT \u0218ezuturile capitonate, \u00eembr\u0103cate \u00een imita\u021bie de piele cu model romboidal, ofer\u0103 at\u00e2t confort, c\u00e2t \u0219i un aspect vintage rafinat. Baza robust\u0103, prev\u0103zut\u0103 cu elemente antiderapante, asigur\u0103 stabilitate \u0219i siguran\u021b\u0103 \u00een utilizare. Alege acest set de scaune de bar pentru a ad\u0103uga un plus de confort \u0219i stil spa\u021biului t\u0103u","og_url":"https:\/\/dmturbotrading.ro\/index.php\/product\/set-2-scaune-de-bar-dmtt-reglabile-pe-inaltime-pivotante-otel-crem\/","article_modified_time":"2026-03-21T14:16:17+00:00","og_image":[{"width":1024,"height":1024,"url":"https:\/\/dmturbotrading.ro\/wp-content\/uploads\/2026\/03\/scaune-bar-crem.jpg","type":"image\/jpeg"}],"twitter_card":"summary_large_image","twitter_misc":{"Est. reading time":"2 minutes"},"schema":{"@context":"https:\/\/schema.org","@graph":[{"@type":"WebPage","@id":"https:\/\/dmturbotrading.ro\/index.php\/product\/set-2-scaune-de-bar-dmtt-reglabile-pe-inaltime-pivotante-otel-crem\/","url":"https:\/\/dmturbotrading.ro\/index.php\/product\/set-2-scaune-de-bar-dmtt-reglabile-pe-inaltime-pivotante-otel-crem\/","name":"Set 2 scaune de bar, DMTT, reglabile pe \u00een\u0103l\u021bime, pivotante, baz\u0103 o\u021bel, crem -","isPartOf":{"@id":"https:\/\/dmturbotrading.ro\/#website"},"primaryImageOfPage":{"@id":"https:\/\/dmturbotrading.ro\/index.php\/product\/set-2-scaune-de-bar-dmtt-reglabile-pe-inaltime-pivotante-otel-crem\/#primaryimage"},"image":{"@id":"https:\/\/dmturbotrading.ro\/index.php\/product\/set-2-scaune-de-bar-dmtt-reglabile-pe-inaltime-pivotante-otel-crem\/#primaryimage"},"thumbnailUrl":"https:\/\/dmturbotrading.ro\/wp-content\/uploads\/2026\/03\/scaune-bar-crem.jpg","datePublished":"2026-03-21T14:14:08+00:00","dateModified":"2026-03-21T14:16:17+00:00","description":"Profit\u0103 la maximum de spa\u021biul din zona de bar sau dining cu aceste scaune \u00eenalte DMTT \u0218ezuturile capitonate, \u00eembr\u0103cate \u00een imita\u021bie de piele cu model romboidal, ofer\u0103 at\u00e2t confort, c\u00e2t \u0219i un aspect vintage rafinat. Baza robust\u0103, prev\u0103zut\u0103 cu elemente antiderapante, asigur\u0103 stabilitate \u0219i siguran\u021b\u0103 \u00een utilizare. Alege acest set de scaune de bar pentru a ad\u0103uga un plus de confort \u0219i stil spa\u021biului t\u0103u","breadcrumb":{"@id":"https:\/\/dmturbotrading.ro\/index.php\/product\/set-2-scaune-de-bar-dmtt-reglabile-pe-inaltime-pivotante-otel-crem\/#breadcrumb"},"inLanguage":"en-US","potentialAction":[{"@type":"ReadAction","target":["https:\/\/dmturbotrading.ro\/index.php\/product\/set-2-scaune-de-bar-dmtt-reglabile-pe-inaltime-pivotante-otel-crem\/"]}]},{"@type":"ImageObject","inLanguage":"en-US","@id":"https:\/\/dmturbotrading.ro\/index.php\/product\/set-2-scaune-de-bar-dmtt-reglabile-pe-inaltime-pivotante-otel-crem\/#primaryimage","url":"https:\/\/dmturbotrading.ro\/wp-content\/uploads\/2026\/03\/scaune-bar-crem.jpg","contentUrl":"https:\/\/dmturbotrading.ro\/wp-content\/uploads\/2026\/03\/scaune-bar-crem.jpg","width":1024,"height":1024},{"@type":"BreadcrumbList","@id":"https:\/\/dmturbotrading.ro\/index.php\/product\/set-2-scaune-de-bar-dmtt-reglabile-pe-inaltime-pivotante-otel-crem\/#breadcrumb","itemListElement":[{"@type":"ListItem","position":1,"name":"Home","item":"https:\/\/dmturbotrading.ro\/"},{"@type":"ListItem","position":2,"name":"Shop","item":"https:\/\/dmturbotrading.ro\/index.php\/shop\/"},{"@type":"ListItem","position":3,"name":"Set 2 scaune de bar, DMTT, reglabile pe \u00een\u0103l\u021bime, pivotante, baz\u0103 o\u021bel, crem"}]},{"@type":"WebSite","@id":"https:\/\/dmturbotrading.ro\/#website","url":"https:\/\/dmturbotrading.ro\/","name":"","description":"","potentialAction":[{"@type":"SearchAction","target":{"@type":"EntryPoint","urlTemplate":"https:\/\/dmturbotrading.ro\/?s={search_term_string}"},"query-input":{"@type":"PropertyValueSpecification","valueRequired":true,"valueName":"search_term_string"}}],"inLanguage":"en-US"}]}},"uagb_featured_image_src":{"full":["https:\/\/dmturbotrading.ro\/wp-content\/uploads\/2026\/03\/scaune-bar-crem.jpg",1024,1024,false],"thumbnail":["https:\/\/dmturbotrading.ro\/wp-content\/uploads\/2026\/03\/scaune-bar-crem.jpg",150,150,false],"medium":["https:\/\/dmturbotrading.ro\/wp-content\/uploads\/2026\/03\/scaune-bar-crem.jpg",300,300,false],"medium_large":["https:\/\/dmturbotrading.ro\/wp-content\/uploads\/2026\/03\/scaune-bar-crem.jpg",768,768,false],"large":["https:\/\/dmturbotrading.ro\/wp-content\/uploads\/2026\/03\/scaune-bar-crem.jpg",1024,1024,false],"1536x1536":["https:\/\/dmturbotrading.ro\/wp-content\/uploads\/2026\/03\/scaune-bar-crem.jpg",1024,1024,false],"2048x2048":["https:\/\/dmturbotrading.ro\/wp-content\/uploads\/2026\/03\/scaune-bar-crem.jpg",1024,1024,false],"woocommerce_thumbnail":["https:\/\/dmturbotrading.ro\/wp-content\/uploads\/2026\/03\/scaune-bar-crem.jpg",300,300,false],"woocommerce_single":["https:\/\/dmturbotrading.ro\/wp-content\/uploads\/2026\/03\/scaune-bar-crem.jpg",600,600,false],"woocommerce_gallery_thumbnail":["https:\/\/dmturbotrading.ro\/wp-content\/uploads\/2026\/03\/scaune-bar-crem.jpg",100,100,false]},"uagb_author_info":{"display_name":"admin","author_link":"https:\/\/dmturbotrading.ro\/index.php\/author\/"},"uagb_comment_info":0,"uagb_excerpt":"Set 2 scaune de bar, DMTT, reglabile pe \u00een\u0103l\u021bime, pivotante, baz\u0103 o\u021bel, crem Profit\u0103 la maximum de spa\u021biul din zona [&hellip;]","_links":{"self":[{"href":"https:\/\/dmturbotrading.ro\/index.php\/wp-json\/wp\/v2\/product\/1033","targetHints":{"allow":["GET"]}}],"collection":[{"href":"https:\/\/dmturbotrading.ro\/index.php\/wp-json\/wp\/v2\/product"}],"about":[{"href":"https:\/\/dmturbotrading.ro\/index.php\/wp-json\/wp\/v2\/types\/product"}],"wp:featuredmedia":[{"embeddable":true,"href":"https:\/\/dmturbotrading.ro\/index.php\/wp-json\/wp\/v2\/media\/1034"}],"wp:attachment":[{"href":"https:\/\/dmturbotrading.ro\/index.php\/wp-json\/wp\/v2\/media?parent=1033"}],"wp:term":[{"taxonomy":"product_brand","embeddable":true,"href":"https:\/\/dmturbotrading.ro\/index.php\/wp-json\/wp\/v2\/product_brand?post=1033"},{"taxonomy":"product_cat","embeddable":true,"href":"https:\/\/dmturbotrading.ro\/index.php\/wp-json\/wp\/v2\/product_cat?post=1033"},{"taxonomy":"product_tag","embeddable":true,"href":"https:\/\/dmturbotrading.ro\/index.php\/wp-json\/wp\/v2\/product_tag?post=1033"}],"curies":[{"name":"wp","href":"https:\/\/api.w.org\/{rel}","templated":true}]}}