{"id":507,"date":"2026-02-12T10:53:40","date_gmt":"2026-02-12T10:53:40","guid":{"rendered":"https:\/\/dmturbotrading.ro\/?post_type=product&#038;p=507"},"modified":"2026-02-12T11:07:06","modified_gmt":"2026-02-12T11:07:06","slug":"tablou-cu-flori-pictura-abstracta-simpla-panze-albe-pictat-manual-tehnica-mixta-40x40cm-copy","status":"publish","type":"product","link":"https:\/\/dmturbotrading.ro\/index.php\/product\/tablou-cu-flori-pictura-abstracta-simpla-panze-albe-pictat-manual-tehnica-mixta-40x40cm-copy\/","title":{"rendered":"Tablou pictura abstracta simpla, &#8220;Frumusete in vas&#8221; pictat manual, tehnica mixta, 40x40cm"},"content":{"rendered":"<h2 data-path-to-node=\"2\">Tablou Abstract cu Flori \u2013 Stil Modern \u0219i Rafinat<\/h2>\n<p data-path-to-node=\"3\">Un tablou intitulat <b data-path-to-node=\"3\" data-index-in-node=\"30\">\u201eFrumusete in vas\u201d<\/b>, o\u00a0pictur\u0103 cu flori realizat\u0103 pe p\u00e2nz\u0103 \u00een tehnic\u0103 mixt\u0103, \u00eentr-un stil abstract \u0219i modern, cu <b data-path-to-node=\"2\" data-index-in-node=\"92\">zone \u00een relief<\/b> \u0219i o aten\u021bie deosebit\u0103 acordat\u0103 detaliilor. Este un obiect decorativ elegant \u0219i romantic, ce adaug\u0103 un accent de mister \u0219i fantezie \u00eenc\u0103perii \u00een care este expus.<\/p>\n<p data-path-to-node=\"3\">Poate fi suspendat pe perete, individual sau \u00eentr-un set cu alte tablouri, ori poate fi sprijinit de perete pe noptiere, rafturi sau alte piese de mobilier.<\/p>\n<p data-path-to-node=\"3\">\n<p data-path-to-node=\"6\"><strong>Atmosfera si Design<\/strong><\/p>\n<p data-path-to-node=\"6\">Combin\u00e2nd nuan\u021be pastelate \u0219i pl\u0103cute \u00een contrast cu fundalul albastru, acest tablou abstract cu flori eman\u0103 o stare <b data-path-to-node=\"6\" data-index-in-node=\"117\">melancolic\u0103 \u0219i retras\u0103<\/b>, cre\u00e2nd un col\u021b de mister \u0219i introspec\u021bie \u00een orice spa\u021biu.<\/p>\n<ul data-path-to-node=\"7\">\n<li>\n<p data-path-to-node=\"7,0,0\"><b data-path-to-node=\"7,0,0\" data-index-in-node=\"0\">Efect vizual:<\/b> Ideal pentru a crea o oaz\u0103 de relaxare \u0219i lini\u0219te.<\/p>\n<\/li>\n<li>\n<p data-path-to-node=\"7,1,0\"><b data-path-to-node=\"7,1,0\" data-index-in-node=\"0\">Impact emo\u021bional:<\/b> Ofer\u0103 o senza\u021bie de familiaritate \u0219i confort privitorului.<\/p>\n<\/li>\n<li>\n<p data-path-to-node=\"7,2,0\"><b data-path-to-node=\"7,2,0\" data-index-in-node=\"0\">Versatilitate:<\/b> Adaug\u0103 o not\u0103 proasp\u0103t\u0103, dar calm\u0103, biroului sau locuin\u021bei tale.<\/p>\n<\/li>\n<\/ul>\n<ul data-path-to-node=\"6\">\n<li>\n<p data-path-to-node=\"6,0,0\"><b data-path-to-node=\"6,0,0\" data-index-in-node=\"0\">Materiale:<\/b> p\u00e2nz\u0103, \u0219asiu de lemn, culori \u00een ulei, tehnic\u0103 mixt\u0103<\/p>\n<\/li>\n<li>\n<p data-path-to-node=\"6,1,0\"><b data-path-to-node=\"6,1,0\" data-index-in-node=\"0\">Tehnic\u0103:<\/b> tehnic\u0103 mixt\u0103<\/p>\n<\/li>\n<li>\n<p data-path-to-node=\"6,2,0\"><b data-path-to-node=\"6,2,0\" data-index-in-node=\"0\">Stil:<\/b> abstract modern<\/p>\n<\/li>\n<li>\n<p data-path-to-node=\"6,3,0\"><b data-path-to-node=\"6,3,0\" data-index-in-node=\"0\">Dimensiune:<\/b> 40\u00d740 cm<\/p>\n<\/li>\n<\/ul>\n<p data-path-to-node=\"7\"><b data-path-to-node=\"7\" data-index-in-node=\"0\">Op\u021bional:<\/b> Se poate ad\u0103uga o ram\u0103, pentru un plus de personalizare \u0219i expunere. Pre\u021bul acestui serviciu este disponibil la cerere.<\/p>\n<p data-path-to-node=\"8\">P\u00e2nza este \u00eentins\u0103 \u0219i tensionat\u0103 pe un \u0219asiu de lemn cu grosimea de 2 cm. Marginile sunt pictate \u0219i tabloul poate fi suspendat pe perete ca atare, ag\u0103\u021b\u0103toarea fiind deja montat\u0103 pe cadru.<\/p>\n","protected":false},"excerpt":{"rendered":"<p>Tablou Abstract cu Flori \u2013 Stil Modern \u0219i Rafinat Un tablou intitulat \u201eFrumusete in vas\u201d, o\u00a0pictur\u0103 cu flori realizat\u0103 pe [&hellip;]<\/p>\n","protected":false},"featured_media":508,"template":"","meta":{"_uag_custom_page_level_css":"","site-sidebar-layout":"default","site-content-layout":"","ast-site-content-layout":"default","site-content-style":"default","site-sidebar-style":"default","ast-global-header-display":"","ast-banner-title-visibility":"","ast-main-header-display":"","ast-hfb-above-header-display":"","ast-hfb-below-header-display":"","ast-hfb-mobile-header-display":"","site-post-title":"","ast-breadcrumbs-content":"","ast-featured-img":"","footer-sml-layout":"","ast-disable-related-posts":"","theme-transparent-header-meta":"default","adv-header-id-meta":"","stick-header-meta":"","header-above-stick-meta":"","header-main-stick-meta":"","header-below-stick-meta":"","astra-migrate-meta-layouts":"set","ast-page-background-enabled":"default","ast-page-background-meta":{"desktop":{"background-color":"var(--ast-global-color-4)","background-image":"","background-repeat":"repeat","background-position":"center center","background-size":"auto","background-attachment":"scroll","background-type":"","background-media":"","overlay-type":"","overlay-color":"","overlay-opacity":"","overlay-gradient":""},"tablet":{"background-color":"","background-image":"","background-repeat":"repeat","background-position":"center center","background-size":"auto","background-attachment":"scroll","background-type":"","background-media":"","overlay-type":"","overlay-color":"","overlay-opacity":"","overlay-gradient":""},"mobile":{"background-color":"","background-image":"","background-repeat":"repeat","background-position":"center center","background-size":"auto","background-attachment":"scroll","background-type":"","background-media":"","overlay-type":"","overlay-color":"","overlay-opacity":"","overlay-gradient":""}},"ast-content-background-meta":{"desktop":{"background-color":"var(--ast-global-color-5)","background-image":"","background-repeat":"repeat","background-position":"center center","background-size":"auto","background-attachment":"scroll","background-type":"","background-media":"","overlay-type":"","overlay-color":"","overlay-opacity":"","overlay-gradient":""},"tablet":{"background-color":"var(--ast-global-color-5)","background-image":"","background-repeat":"repeat","background-position":"center center","background-size":"auto","background-attachment":"scroll","background-type":"","background-media":"","overlay-type":"","overlay-color":"","overlay-opacity":"","overlay-gradient":""},"mobile":{"background-color":"var(--ast-global-color-5)","background-image":"","background-repeat":"repeat","background-position":"center center","background-size":"auto","background-attachment":"scroll","background-type":"","background-media":"","overlay-type":"","overlay-color":"","overlay-opacity":"","overlay-gradient":""}}},"product_brand":[],"product_cat":[38,15],"product_tag":[],"class_list":{"0":"post-507","1":"product","2":"type-product","3":"status-publish","4":"has-post-thumbnail","6":"product_cat-tablouri","7":"product_cat-uncategorized","8":"desktop-align-left","9":"tablet-align-left","10":"mobile-align-left","12":"first","13":"instock","14":"sale","15":"shipping-taxable","16":"purchasable","17":"product-type-simple"},"yoast_head":"<!-- This site is optimized with the Yoast SEO plugin v27.2 - https:\/\/yoast.com\/product\/yoast-seo-wordpress\/ -->\n<title>Tablou pictura abstracta simpla, &quot;Frumusete in vas&quot; pictat manual, tehnica mixta, 40x40cm -<\/title>\n<meta name=\"description\" content=\"Un tablou intitulat \u201eFrumusete in vas\u201d, o\u00a0pictur\u0103 cu flori realizat\u0103 pe p\u00e2nz\u0103 \u00een tehnic\u0103 mixt\u0103, \u00eentr-un stil abstract \u0219i modern, cu zone \u00een relief \u0219i o aten\u021bie deosebit\u0103 acordat\u0103 detaliilor. Este un obiect decorativ elegant \u0219i romantic, ce adaug\u0103 un accent de mister \u0219i fantezie \u00eenc\u0103perii \u00een care este expus.\" \/>\n<meta name=\"robots\" content=\"index, follow, max-snippet:-1, max-image-preview:large, max-video-preview:-1\" \/>\n<link rel=\"canonical\" href=\"https:\/\/dmturbotrading.ro\/index.php\/product\/tablou-cu-flori-pictura-abstracta-simpla-panze-albe-pictat-manual-tehnica-mixta-40x40cm-copy\/\" \/>\n<meta property=\"og:locale\" content=\"en_US\" \/>\n<meta property=\"og:type\" content=\"article\" \/>\n<meta property=\"og:title\" content=\"Tablou pictura abstracta simpla, &quot;Frumusete in vas&quot; pictat manual, tehnica mixta, 40x40cm -\" \/>\n<meta property=\"og:description\" content=\"Un tablou intitulat \u201eFrumusete in vas\u201d, o\u00a0pictur\u0103 cu flori realizat\u0103 pe p\u00e2nz\u0103 \u00een tehnic\u0103 mixt\u0103, \u00eentr-un stil abstract \u0219i modern, cu zone \u00een relief \u0219i o aten\u021bie deosebit\u0103 acordat\u0103 detaliilor. Este un obiect decorativ elegant \u0219i romantic, ce adaug\u0103 un accent de mister \u0219i fantezie \u00eenc\u0103perii \u00een care este expus.\" \/>\n<meta property=\"og:url\" content=\"https:\/\/dmturbotrading.ro\/index.php\/product\/tablou-cu-flori-pictura-abstracta-simpla-panze-albe-pictat-manual-tehnica-mixta-40x40cm-copy\/\" \/>\n<meta property=\"article:modified_time\" content=\"2026-02-12T11:07:06+00:00\" \/>\n<meta property=\"og:image\" content=\"https:\/\/dmturbotrading.ro\/wp-content\/uploads\/2026\/02\/tablou-abstract-modern-frumusete-pictura-cu-flori-40cm.jpg\" \/>\n\t<meta property=\"og:image:width\" content=\"1000\" \/>\n\t<meta property=\"og:image:height\" content=\"1000\" \/>\n\t<meta property=\"og:image:type\" content=\"image\/jpeg\" \/>\n<meta name=\"twitter:card\" content=\"summary_large_image\" \/>\n<meta name=\"twitter:label1\" content=\"Est. reading time\" \/>\n\t<meta name=\"twitter:data1\" content=\"2 minutes\" \/>\n<script type=\"application\/ld+json\" class=\"yoast-schema-graph\">{\"@context\":\"https:\/\/schema.org\",\"@graph\":[{\"@type\":\"WebPage\",\"@id\":\"https:\/\/dmturbotrading.ro\/index.php\/product\/tablou-cu-flori-pictura-abstracta-simpla-panze-albe-pictat-manual-tehnica-mixta-40x40cm-copy\/\",\"url\":\"https:\/\/dmturbotrading.ro\/index.php\/product\/tablou-cu-flori-pictura-abstracta-simpla-panze-albe-pictat-manual-tehnica-mixta-40x40cm-copy\/\",\"name\":\"Tablou pictura abstracta simpla, \\\"Frumusete in vas\\\" pictat manual, tehnica mixta, 40x40cm -\",\"isPartOf\":{\"@id\":\"https:\/\/dmturbotrading.ro\/#website\"},\"primaryImageOfPage\":{\"@id\":\"https:\/\/dmturbotrading.ro\/index.php\/product\/tablou-cu-flori-pictura-abstracta-simpla-panze-albe-pictat-manual-tehnica-mixta-40x40cm-copy\/#primaryimage\"},\"image\":{\"@id\":\"https:\/\/dmturbotrading.ro\/index.php\/product\/tablou-cu-flori-pictura-abstracta-simpla-panze-albe-pictat-manual-tehnica-mixta-40x40cm-copy\/#primaryimage\"},\"thumbnailUrl\":\"https:\/\/dmturbotrading.ro\/wp-content\/uploads\/2026\/02\/tablou-abstract-modern-frumusete-pictura-cu-flori-40cm.jpg\",\"datePublished\":\"2026-02-12T10:53:40+00:00\",\"dateModified\":\"2026-02-12T11:07:06+00:00\",\"description\":\"Un tablou intitulat \u201eFrumusete in vas\u201d, o\u00a0pictur\u0103 cu flori realizat\u0103 pe p\u00e2nz\u0103 \u00een tehnic\u0103 mixt\u0103, \u00eentr-un stil abstract \u0219i modern, cu zone \u00een relief \u0219i o aten\u021bie deosebit\u0103 acordat\u0103 detaliilor. Este un obiect decorativ elegant \u0219i romantic, ce adaug\u0103 un accent de mister \u0219i fantezie \u00eenc\u0103perii \u00een care este expus.\",\"breadcrumb\":{\"@id\":\"https:\/\/dmturbotrading.ro\/index.php\/product\/tablou-cu-flori-pictura-abstracta-simpla-panze-albe-pictat-manual-tehnica-mixta-40x40cm-copy\/#breadcrumb\"},\"inLanguage\":\"en-US\",\"potentialAction\":[{\"@type\":\"ReadAction\",\"target\":[\"https:\/\/dmturbotrading.ro\/index.php\/product\/tablou-cu-flori-pictura-abstracta-simpla-panze-albe-pictat-manual-tehnica-mixta-40x40cm-copy\/\"]}]},{\"@type\":\"ImageObject\",\"inLanguage\":\"en-US\",\"@id\":\"https:\/\/dmturbotrading.ro\/index.php\/product\/tablou-cu-flori-pictura-abstracta-simpla-panze-albe-pictat-manual-tehnica-mixta-40x40cm-copy\/#primaryimage\",\"url\":\"https:\/\/dmturbotrading.ro\/wp-content\/uploads\/2026\/02\/tablou-abstract-modern-frumusete-pictura-cu-flori-40cm.jpg\",\"contentUrl\":\"https:\/\/dmturbotrading.ro\/wp-content\/uploads\/2026\/02\/tablou-abstract-modern-frumusete-pictura-cu-flori-40cm.jpg\",\"width\":1000,\"height\":1000,\"caption\":\"pictura cu flori\"},{\"@type\":\"BreadcrumbList\",\"@id\":\"https:\/\/dmturbotrading.ro\/index.php\/product\/tablou-cu-flori-pictura-abstracta-simpla-panze-albe-pictat-manual-tehnica-mixta-40x40cm-copy\/#breadcrumb\",\"itemListElement\":[{\"@type\":\"ListItem\",\"position\":1,\"name\":\"Home\",\"item\":\"https:\/\/dmturbotrading.ro\/\"},{\"@type\":\"ListItem\",\"position\":2,\"name\":\"Shop\",\"item\":\"https:\/\/dmturbotrading.ro\/index.php\/shop\/\"},{\"@type\":\"ListItem\",\"position\":3,\"name\":\"Tablou pictura abstracta simpla, &#8220;Frumusete in vas&#8221; pictat manual, tehnica mixta, 40x40cm\"}]},{\"@type\":\"WebSite\",\"@id\":\"https:\/\/dmturbotrading.ro\/#website\",\"url\":\"https:\/\/dmturbotrading.ro\/\",\"name\":\"\",\"description\":\"\",\"potentialAction\":[{\"@type\":\"SearchAction\",\"target\":{\"@type\":\"EntryPoint\",\"urlTemplate\":\"https:\/\/dmturbotrading.ro\/?s={search_term_string}\"},\"query-input\":{\"@type\":\"PropertyValueSpecification\",\"valueRequired\":true,\"valueName\":\"search_term_string\"}}],\"inLanguage\":\"en-US\"}]}<\/script>\n<!-- \/ Yoast SEO plugin. -->","yoast_head_json":{"title":"Tablou pictura abstracta simpla, \"Frumusete in vas\" pictat manual, tehnica mixta, 40x40cm -","description":"Un tablou intitulat \u201eFrumusete in vas\u201d, o\u00a0pictur\u0103 cu flori realizat\u0103 pe p\u00e2nz\u0103 \u00een tehnic\u0103 mixt\u0103, \u00eentr-un stil abstract \u0219i modern, cu zone \u00een relief \u0219i o aten\u021bie deosebit\u0103 acordat\u0103 detaliilor. Este un obiect decorativ elegant \u0219i romantic, ce adaug\u0103 un accent de mister \u0219i fantezie \u00eenc\u0103perii \u00een care este expus.","robots":{"index":"index","follow":"follow","max-snippet":"max-snippet:-1","max-image-preview":"max-image-preview:large","max-video-preview":"max-video-preview:-1"},"canonical":"https:\/\/dmturbotrading.ro\/index.php\/product\/tablou-cu-flori-pictura-abstracta-simpla-panze-albe-pictat-manual-tehnica-mixta-40x40cm-copy\/","og_locale":"en_US","og_type":"article","og_title":"Tablou pictura abstracta simpla, \"Frumusete in vas\" pictat manual, tehnica mixta, 40x40cm -","og_description":"Un tablou intitulat \u201eFrumusete in vas\u201d, o\u00a0pictur\u0103 cu flori realizat\u0103 pe p\u00e2nz\u0103 \u00een tehnic\u0103 mixt\u0103, \u00eentr-un stil abstract \u0219i modern, cu zone \u00een relief \u0219i o aten\u021bie deosebit\u0103 acordat\u0103 detaliilor. Este un obiect decorativ elegant \u0219i romantic, ce adaug\u0103 un accent de mister \u0219i fantezie \u00eenc\u0103perii \u00een care este expus.","og_url":"https:\/\/dmturbotrading.ro\/index.php\/product\/tablou-cu-flori-pictura-abstracta-simpla-panze-albe-pictat-manual-tehnica-mixta-40x40cm-copy\/","article_modified_time":"2026-02-12T11:07:06+00:00","og_image":[{"width":1000,"height":1000,"url":"https:\/\/dmturbotrading.ro\/wp-content\/uploads\/2026\/02\/tablou-abstract-modern-frumusete-pictura-cu-flori-40cm.jpg","type":"image\/jpeg"}],"twitter_card":"summary_large_image","twitter_misc":{"Est. reading time":"2 minutes"},"schema":{"@context":"https:\/\/schema.org","@graph":[{"@type":"WebPage","@id":"https:\/\/dmturbotrading.ro\/index.php\/product\/tablou-cu-flori-pictura-abstracta-simpla-panze-albe-pictat-manual-tehnica-mixta-40x40cm-copy\/","url":"https:\/\/dmturbotrading.ro\/index.php\/product\/tablou-cu-flori-pictura-abstracta-simpla-panze-albe-pictat-manual-tehnica-mixta-40x40cm-copy\/","name":"Tablou pictura abstracta simpla, \"Frumusete in vas\" pictat manual, tehnica mixta, 40x40cm -","isPartOf":{"@id":"https:\/\/dmturbotrading.ro\/#website"},"primaryImageOfPage":{"@id":"https:\/\/dmturbotrading.ro\/index.php\/product\/tablou-cu-flori-pictura-abstracta-simpla-panze-albe-pictat-manual-tehnica-mixta-40x40cm-copy\/#primaryimage"},"image":{"@id":"https:\/\/dmturbotrading.ro\/index.php\/product\/tablou-cu-flori-pictura-abstracta-simpla-panze-albe-pictat-manual-tehnica-mixta-40x40cm-copy\/#primaryimage"},"thumbnailUrl":"https:\/\/dmturbotrading.ro\/wp-content\/uploads\/2026\/02\/tablou-abstract-modern-frumusete-pictura-cu-flori-40cm.jpg","datePublished":"2026-02-12T10:53:40+00:00","dateModified":"2026-02-12T11:07:06+00:00","description":"Un tablou intitulat \u201eFrumusete in vas\u201d, o\u00a0pictur\u0103 cu flori realizat\u0103 pe p\u00e2nz\u0103 \u00een tehnic\u0103 mixt\u0103, \u00eentr-un stil abstract \u0219i modern, cu zone \u00een relief \u0219i o aten\u021bie deosebit\u0103 acordat\u0103 detaliilor. Este un obiect decorativ elegant \u0219i romantic, ce adaug\u0103 un accent de mister \u0219i fantezie \u00eenc\u0103perii \u00een care este expus.","breadcrumb":{"@id":"https:\/\/dmturbotrading.ro\/index.php\/product\/tablou-cu-flori-pictura-abstracta-simpla-panze-albe-pictat-manual-tehnica-mixta-40x40cm-copy\/#breadcrumb"},"inLanguage":"en-US","potentialAction":[{"@type":"ReadAction","target":["https:\/\/dmturbotrading.ro\/index.php\/product\/tablou-cu-flori-pictura-abstracta-simpla-panze-albe-pictat-manual-tehnica-mixta-40x40cm-copy\/"]}]},{"@type":"ImageObject","inLanguage":"en-US","@id":"https:\/\/dmturbotrading.ro\/index.php\/product\/tablou-cu-flori-pictura-abstracta-simpla-panze-albe-pictat-manual-tehnica-mixta-40x40cm-copy\/#primaryimage","url":"https:\/\/dmturbotrading.ro\/wp-content\/uploads\/2026\/02\/tablou-abstract-modern-frumusete-pictura-cu-flori-40cm.jpg","contentUrl":"https:\/\/dmturbotrading.ro\/wp-content\/uploads\/2026\/02\/tablou-abstract-modern-frumusete-pictura-cu-flori-40cm.jpg","width":1000,"height":1000,"caption":"pictura cu flori"},{"@type":"BreadcrumbList","@id":"https:\/\/dmturbotrading.ro\/index.php\/product\/tablou-cu-flori-pictura-abstracta-simpla-panze-albe-pictat-manual-tehnica-mixta-40x40cm-copy\/#breadcrumb","itemListElement":[{"@type":"ListItem","position":1,"name":"Home","item":"https:\/\/dmturbotrading.ro\/"},{"@type":"ListItem","position":2,"name":"Shop","item":"https:\/\/dmturbotrading.ro\/index.php\/shop\/"},{"@type":"ListItem","position":3,"name":"Tablou pictura abstracta simpla, &#8220;Frumusete in vas&#8221; pictat manual, tehnica mixta, 40x40cm"}]},{"@type":"WebSite","@id":"https:\/\/dmturbotrading.ro\/#website","url":"https:\/\/dmturbotrading.ro\/","name":"","description":"","potentialAction":[{"@type":"SearchAction","target":{"@type":"EntryPoint","urlTemplate":"https:\/\/dmturbotrading.ro\/?s={search_term_string}"},"query-input":{"@type":"PropertyValueSpecification","valueRequired":true,"valueName":"search_term_string"}}],"inLanguage":"en-US"}]}},"uagb_featured_image_src":{"full":["https:\/\/dmturbotrading.ro\/wp-content\/uploads\/2026\/02\/tablou-abstract-modern-frumusete-pictura-cu-flori-40cm.jpg",1000,1000,false],"thumbnail":["https:\/\/dmturbotrading.ro\/wp-content\/uploads\/2026\/02\/tablou-abstract-modern-frumusete-pictura-cu-flori-40cm.jpg",150,150,false],"medium":["https:\/\/dmturbotrading.ro\/wp-content\/uploads\/2026\/02\/tablou-abstract-modern-frumusete-pictura-cu-flori-40cm.jpg",300,300,false],"medium_large":["https:\/\/dmturbotrading.ro\/wp-content\/uploads\/2026\/02\/tablou-abstract-modern-frumusete-pictura-cu-flori-40cm.jpg",768,768,false],"large":["https:\/\/dmturbotrading.ro\/wp-content\/uploads\/2026\/02\/tablou-abstract-modern-frumusete-pictura-cu-flori-40cm.jpg",1000,1000,false],"1536x1536":["https:\/\/dmturbotrading.ro\/wp-content\/uploads\/2026\/02\/tablou-abstract-modern-frumusete-pictura-cu-flori-40cm.jpg",1000,1000,false],"2048x2048":["https:\/\/dmturbotrading.ro\/wp-content\/uploads\/2026\/02\/tablou-abstract-modern-frumusete-pictura-cu-flori-40cm.jpg",1000,1000,false],"woocommerce_thumbnail":["https:\/\/dmturbotrading.ro\/wp-content\/uploads\/2026\/02\/tablou-abstract-modern-frumusete-pictura-cu-flori-40cm.jpg",300,300,false],"woocommerce_single":["https:\/\/dmturbotrading.ro\/wp-content\/uploads\/2026\/02\/tablou-abstract-modern-frumusete-pictura-cu-flori-40cm.jpg",600,600,false],"woocommerce_gallery_thumbnail":["https:\/\/dmturbotrading.ro\/wp-content\/uploads\/2026\/02\/tablou-abstract-modern-frumusete-pictura-cu-flori-40cm.jpg",100,100,false]},"uagb_author_info":{"display_name":"admin","author_link":"https:\/\/dmturbotrading.ro\/index.php\/author\/"},"uagb_comment_info":0,"uagb_excerpt":"Tablou Abstract cu Flori \u2013 Stil Modern \u0219i Rafinat Un tablou intitulat \u201eFrumusete in vas\u201d, o\u00a0pictur\u0103 cu flori realizat\u0103 pe [&hellip;]","_links":{"self":[{"href":"https:\/\/dmturbotrading.ro\/index.php\/wp-json\/wp\/v2\/product\/507","targetHints":{"allow":["GET"]}}],"collection":[{"href":"https:\/\/dmturbotrading.ro\/index.php\/wp-json\/wp\/v2\/product"}],"about":[{"href":"https:\/\/dmturbotrading.ro\/index.php\/wp-json\/wp\/v2\/types\/product"}],"wp:featuredmedia":[{"embeddable":true,"href":"https:\/\/dmturbotrading.ro\/index.php\/wp-json\/wp\/v2\/media\/508"}],"wp:attachment":[{"href":"https:\/\/dmturbotrading.ro\/index.php\/wp-json\/wp\/v2\/media?parent=507"}],"wp:term":[{"taxonomy":"product_brand","embeddable":true,"href":"https:\/\/dmturbotrading.ro\/index.php\/wp-json\/wp\/v2\/product_brand?post=507"},{"taxonomy":"product_cat","embeddable":true,"href":"https:\/\/dmturbotrading.ro\/index.php\/wp-json\/wp\/v2\/product_cat?post=507"},{"taxonomy":"product_tag","embeddable":true,"href":"https:\/\/dmturbotrading.ro\/index.php\/wp-json\/wp\/v2\/product_tag?post=507"}],"curies":[{"name":"wp","href":"https:\/\/api.w.org\/{rel}","templated":true}]}}