{"id":814,"date":"2026-03-17T09:41:08","date_gmt":"2026-03-17T09:41:08","guid":{"rendered":"https:\/\/dmturbotrading.ro\/?post_type=product&#038;p=814"},"modified":"2026-03-18T09:23:22","modified_gmt":"2026-03-18T09:23:22","slug":"scaun-birou-ergonimic-spatar-plasa-dmtt-bleo","status":"publish","type":"product","link":"https:\/\/dmturbotrading.ro\/index.php\/product\/scaun-birou-ergonimic-spatar-plasa-dmtt-bleo\/","title":{"rendered":"Scaun birou ergonomic, spatar plasa, DMTT, bleo"},"content":{"rendered":"<h2 data-path-to-node=\"2\">Scaun birou ergonomic, spatar plasa, DMTT, bleo<\/h2>\n<p>Scaunul DMTT aduce confort \u0219i sus\u021binere \u00een timpul orelor de lucru, cu sp\u0103tar ergonomic din plas\u0103 respirabil\u0103 \u0219i \u0219ezut moale tapi\u021bat. \u00cen\u0103l\u021bimea reglabil\u0103 \u0219i baza rotativ\u0103 faciliteaz\u0103 adaptarea la orice birou. Ro\u021bile silen\u021bioase \u0219i designul compact \u00eel fac potrivit pentru spa\u021bii moderne de lucru sau acas\u0103.<\/p>\n<p><strong>Caracteristici:<\/strong><\/p>\n<ul>\n<li>Scaun de birou ergonomic \u0219i scaun c\u0103ptu\u0219it pentru un plus de confort<\/li>\n<li>Tapi\u021berie din \u021bes\u0103tur\u0103 din plas\u0103 respirabil\u0103 \u0219i confortabil\u0103<\/li>\n<li>Func\u021bie de balansare pentru a lua pauze \u00een relaxare total\u0103<\/li>\n<li>\u0218ezutul scaunului de birou cu \u00een\u0103l\u021bime reglabil\u0103 prin intermediul manetei de gaz<\/li>\n<li>Sp\u0103tar cu suport lombar din plastic pentru un suport perfect<\/li>\n<li>Ro\u021bile \u0219i \u0219ezutul scaunului pivotant s\u0103 se mi\u0219te liber<\/li>\n<li>Asamblare necesar\u0103<\/li>\n<\/ul>\n<p><strong><b>Date tehnice:<\/b><\/strong><\/p>\n<ul>\n<li>Culoare: Albastru deschis<\/li>\n<li>Materiale: \u021aes\u0103tur\u0103 din plas\u0103 (poliester), spum\u0103, ABS<\/li>\n<li>Dimensiuni generale: 65.5&#215;61.5&#215;88-97.5 cm<\/li>\n<li>Dimensini sezuta: 48x48x44-53.5 cm<\/li>\n<li>Inaltime brate(de la sezuta): 21.5 cm<\/li>\n<li>Dimensiuni spatar: 47&#215;44 cm<\/li>\n<li>Sarcina maxima: \u00a0135 kg<\/li>\n<\/ul>\n<p><strong><b>Continutul pachetului:<\/b><\/strong><\/p>\n<ul>\n<li>1 x Scaun de birou<\/li>\n<li>1 x Manual<\/li>\n<\/ul>\n<p>Produs din gama produc\u0103torilor interna\u021bionali de mobilier office, verificat \u0219i distribuit de DM Turbo Trading.<\/p>\n","protected":false},"excerpt":{"rendered":"<p>Scaun birou ergonomic, spatar plasa, DMTT, bleo Scaunul DMTT aduce confort \u0219i sus\u021binere \u00een timpul orelor de lucru, cu sp\u0103tar [&hellip;]<\/p>\n","protected":false},"featured_media":817,"template":"","meta":{"_uag_custom_page_level_css":"","site-sidebar-layout":"default","site-content-layout":"","ast-site-content-layout":"default","site-content-style":"default","site-sidebar-style":"default","ast-global-header-display":"","ast-banner-title-visibility":"","ast-main-header-display":"","ast-hfb-above-header-display":"","ast-hfb-below-header-display":"","ast-hfb-mobile-header-display":"","site-post-title":"","ast-breadcrumbs-content":"","ast-featured-img":"","footer-sml-layout":"","ast-disable-related-posts":"","theme-transparent-header-meta":"default","adv-header-id-meta":"","stick-header-meta":"","header-above-stick-meta":"","header-main-stick-meta":"","header-below-stick-meta":"","astra-migrate-meta-layouts":"set","ast-page-background-enabled":"default","ast-page-background-meta":{"desktop":{"background-color":"var(--ast-global-color-4)","background-image":"","background-repeat":"repeat","background-position":"center center","background-size":"auto","background-attachment":"scroll","background-type":"","background-media":"","overlay-type":"","overlay-color":"","overlay-opacity":"","overlay-gradient":""},"tablet":{"background-color":"","background-image":"","background-repeat":"repeat","background-position":"center center","background-size":"auto","background-attachment":"scroll","background-type":"","background-media":"","overlay-type":"","overlay-color":"","overlay-opacity":"","overlay-gradient":""},"mobile":{"background-color":"","background-image":"","background-repeat":"repeat","background-position":"center center","background-size":"auto","background-attachment":"scroll","background-type":"","background-media":"","overlay-type":"","overlay-color":"","overlay-opacity":"","overlay-gradient":""}},"ast-content-background-meta":{"desktop":{"background-color":"var(--ast-global-color-5)","background-image":"","background-repeat":"repeat","background-position":"center center","background-size":"auto","background-attachment":"scroll","background-type":"","background-media":"","overlay-type":"","overlay-color":"","overlay-opacity":"","overlay-gradient":""},"tablet":{"background-color":"var(--ast-global-color-5)","background-image":"","background-repeat":"repeat","background-position":"center center","background-size":"auto","background-attachment":"scroll","background-type":"","background-media":"","overlay-type":"","overlay-color":"","overlay-opacity":"","overlay-gradient":""},"mobile":{"background-color":"var(--ast-global-color-5)","background-image":"","background-repeat":"repeat","background-position":"center center","background-size":"auto","background-attachment":"scroll","background-type":"","background-media":"","overlay-type":"","overlay-color":"","overlay-opacity":"","overlay-gradient":""}}},"product_brand":[],"product_cat":[42,15],"product_tag":[],"class_list":{"0":"post-814","1":"product","2":"type-product","3":"status-publish","4":"has-post-thumbnail","6":"product_cat-scaune-birou","7":"product_cat-uncategorized","8":"desktop-align-left","9":"tablet-align-left","10":"mobile-align-left","12":"first","13":"instock","14":"shipping-taxable","15":"purchasable","16":"product-type-variable"},"yoast_head":"<!-- This site is optimized with the Yoast SEO plugin v27.2 - https:\/\/yoast.com\/product\/yoast-seo-wordpress\/ -->\n<title>Scaun birou ergonomic, spatar plasa, DMTT, bleo -<\/title>\n<meta name=\"description\" content=\"Scaunul DMTT aduce confort \u0219i sus\u021binere \u00een timpul orelor de lucru, cu sp\u0103tar ergonomic din plas\u0103 respirabil\u0103 \u0219i \u0219ezut moale tapi\u021bat. \u00cen\u0103l\u021bimea reglabil\u0103 \u0219i baza rotativ\u0103 faciliteaz\u0103 adaptarea la orice birou. Ro\u021bile silen\u021bioase \u0219i designul compact \u00eel fac potrivit pentru spa\u021bii moderne de lucru sau acas\u0103.\" \/>\n<meta name=\"robots\" content=\"index, follow, max-snippet:-1, max-image-preview:large, max-video-preview:-1\" \/>\n<link rel=\"canonical\" href=\"https:\/\/dmturbotrading.ro\/index.php\/product\/scaun-birou-ergonimic-spatar-plasa-dmtt-bleo\/\" \/>\n<meta property=\"og:locale\" content=\"en_US\" \/>\n<meta property=\"og:type\" content=\"article\" \/>\n<meta property=\"og:title\" content=\"Scaun birou ergonomic, spatar plasa, DMTT, bleo -\" \/>\n<meta property=\"og:description\" content=\"Scaunul DMTT aduce confort \u0219i sus\u021binere \u00een timpul orelor de lucru, cu sp\u0103tar ergonomic din plas\u0103 respirabil\u0103 \u0219i \u0219ezut moale tapi\u021bat. \u00cen\u0103l\u021bimea reglabil\u0103 \u0219i baza rotativ\u0103 faciliteaz\u0103 adaptarea la orice birou. Ro\u021bile silen\u021bioase \u0219i designul compact \u00eel fac potrivit pentru spa\u021bii moderne de lucru sau acas\u0103.\" \/>\n<meta property=\"og:url\" content=\"https:\/\/dmturbotrading.ro\/index.php\/product\/scaun-birou-ergonimic-spatar-plasa-dmtt-bleo\/\" \/>\n<meta property=\"article:modified_time\" content=\"2026-03-18T09:23:22+00:00\" \/>\n<meta property=\"og:image\" content=\"https:\/\/dmturbotrading.ro\/wp-content\/uploads\/2026\/03\/p11.jpg\" \/>\n\t<meta property=\"og:image:width\" content=\"1024\" \/>\n\t<meta property=\"og:image:height\" content=\"1024\" \/>\n\t<meta property=\"og:image:type\" content=\"image\/jpeg\" \/>\n<meta name=\"twitter:card\" content=\"summary_large_image\" \/>\n<meta name=\"twitter:label1\" content=\"Est. reading time\" \/>\n\t<meta name=\"twitter:data1\" content=\"1 minute\" \/>\n<script type=\"application\/ld+json\" class=\"yoast-schema-graph\">{\"@context\":\"https:\/\/schema.org\",\"@graph\":[{\"@type\":\"WebPage\",\"@id\":\"https:\/\/dmturbotrading.ro\/index.php\/product\/scaun-birou-ergonimic-spatar-plasa-dmtt-bleo\/\",\"url\":\"https:\/\/dmturbotrading.ro\/index.php\/product\/scaun-birou-ergonimic-spatar-plasa-dmtt-bleo\/\",\"name\":\"Scaun birou ergonomic, spatar plasa, DMTT, bleo -\",\"isPartOf\":{\"@id\":\"https:\/\/dmturbotrading.ro\/#website\"},\"primaryImageOfPage\":{\"@id\":\"https:\/\/dmturbotrading.ro\/index.php\/product\/scaun-birou-ergonimic-spatar-plasa-dmtt-bleo\/#primaryimage\"},\"image\":{\"@id\":\"https:\/\/dmturbotrading.ro\/index.php\/product\/scaun-birou-ergonimic-spatar-plasa-dmtt-bleo\/#primaryimage\"},\"thumbnailUrl\":\"https:\/\/dmturbotrading.ro\/wp-content\/uploads\/2026\/03\/p11.jpg\",\"datePublished\":\"2026-03-17T09:41:08+00:00\",\"dateModified\":\"2026-03-18T09:23:22+00:00\",\"description\":\"Scaunul DMTT aduce confort \u0219i sus\u021binere \u00een timpul orelor de lucru, cu sp\u0103tar ergonomic din plas\u0103 respirabil\u0103 \u0219i \u0219ezut moale tapi\u021bat. \u00cen\u0103l\u021bimea reglabil\u0103 \u0219i baza rotativ\u0103 faciliteaz\u0103 adaptarea la orice birou. Ro\u021bile silen\u021bioase \u0219i designul compact \u00eel fac potrivit pentru spa\u021bii moderne de lucru sau acas\u0103.\",\"breadcrumb\":{\"@id\":\"https:\/\/dmturbotrading.ro\/index.php\/product\/scaun-birou-ergonimic-spatar-plasa-dmtt-bleo\/#breadcrumb\"},\"inLanguage\":\"en-US\",\"potentialAction\":[{\"@type\":\"ReadAction\",\"target\":[\"https:\/\/dmturbotrading.ro\/index.php\/product\/scaun-birou-ergonimic-spatar-plasa-dmtt-bleo\/\"]}]},{\"@type\":\"ImageObject\",\"inLanguage\":\"en-US\",\"@id\":\"https:\/\/dmturbotrading.ro\/index.php\/product\/scaun-birou-ergonimic-spatar-plasa-dmtt-bleo\/#primaryimage\",\"url\":\"https:\/\/dmturbotrading.ro\/wp-content\/uploads\/2026\/03\/p11.jpg\",\"contentUrl\":\"https:\/\/dmturbotrading.ro\/wp-content\/uploads\/2026\/03\/p11.jpg\",\"width\":1024,\"height\":1024,\"caption\":\"scaun birou albastru deschis\"},{\"@type\":\"BreadcrumbList\",\"@id\":\"https:\/\/dmturbotrading.ro\/index.php\/product\/scaun-birou-ergonimic-spatar-plasa-dmtt-bleo\/#breadcrumb\",\"itemListElement\":[{\"@type\":\"ListItem\",\"position\":1,\"name\":\"Home\",\"item\":\"https:\/\/dmturbotrading.ro\/\"},{\"@type\":\"ListItem\",\"position\":2,\"name\":\"Shop\",\"item\":\"https:\/\/dmturbotrading.ro\/index.php\/shop\/\"},{\"@type\":\"ListItem\",\"position\":3,\"name\":\"Scaun birou ergonomic, spatar plasa, DMTT, bleo\"}]},{\"@type\":\"WebSite\",\"@id\":\"https:\/\/dmturbotrading.ro\/#website\",\"url\":\"https:\/\/dmturbotrading.ro\/\",\"name\":\"\",\"description\":\"\",\"potentialAction\":[{\"@type\":\"SearchAction\",\"target\":{\"@type\":\"EntryPoint\",\"urlTemplate\":\"https:\/\/dmturbotrading.ro\/?s={search_term_string}\"},\"query-input\":{\"@type\":\"PropertyValueSpecification\",\"valueRequired\":true,\"valueName\":\"search_term_string\"}}],\"inLanguage\":\"en-US\"}]}<\/script>\n<!-- \/ Yoast SEO plugin. -->","yoast_head_json":{"title":"Scaun birou ergonomic, spatar plasa, DMTT, bleo -","description":"Scaunul DMTT aduce confort \u0219i sus\u021binere \u00een timpul orelor de lucru, cu sp\u0103tar ergonomic din plas\u0103 respirabil\u0103 \u0219i \u0219ezut moale tapi\u021bat. \u00cen\u0103l\u021bimea reglabil\u0103 \u0219i baza rotativ\u0103 faciliteaz\u0103 adaptarea la orice birou. Ro\u021bile silen\u021bioase \u0219i designul compact \u00eel fac potrivit pentru spa\u021bii moderne de lucru sau acas\u0103.","robots":{"index":"index","follow":"follow","max-snippet":"max-snippet:-1","max-image-preview":"max-image-preview:large","max-video-preview":"max-video-preview:-1"},"canonical":"https:\/\/dmturbotrading.ro\/index.php\/product\/scaun-birou-ergonimic-spatar-plasa-dmtt-bleo\/","og_locale":"en_US","og_type":"article","og_title":"Scaun birou ergonomic, spatar plasa, DMTT, bleo -","og_description":"Scaunul DMTT aduce confort \u0219i sus\u021binere \u00een timpul orelor de lucru, cu sp\u0103tar ergonomic din plas\u0103 respirabil\u0103 \u0219i \u0219ezut moale tapi\u021bat. \u00cen\u0103l\u021bimea reglabil\u0103 \u0219i baza rotativ\u0103 faciliteaz\u0103 adaptarea la orice birou. Ro\u021bile silen\u021bioase \u0219i designul compact \u00eel fac potrivit pentru spa\u021bii moderne de lucru sau acas\u0103.","og_url":"https:\/\/dmturbotrading.ro\/index.php\/product\/scaun-birou-ergonimic-spatar-plasa-dmtt-bleo\/","article_modified_time":"2026-03-18T09:23:22+00:00","og_image":[{"width":1024,"height":1024,"url":"https:\/\/dmturbotrading.ro\/wp-content\/uploads\/2026\/03\/p11.jpg","type":"image\/jpeg"}],"twitter_card":"summary_large_image","twitter_misc":{"Est. reading time":"1 minute"},"schema":{"@context":"https:\/\/schema.org","@graph":[{"@type":"WebPage","@id":"https:\/\/dmturbotrading.ro\/index.php\/product\/scaun-birou-ergonimic-spatar-plasa-dmtt-bleo\/","url":"https:\/\/dmturbotrading.ro\/index.php\/product\/scaun-birou-ergonimic-spatar-plasa-dmtt-bleo\/","name":"Scaun birou ergonomic, spatar plasa, DMTT, bleo -","isPartOf":{"@id":"https:\/\/dmturbotrading.ro\/#website"},"primaryImageOfPage":{"@id":"https:\/\/dmturbotrading.ro\/index.php\/product\/scaun-birou-ergonimic-spatar-plasa-dmtt-bleo\/#primaryimage"},"image":{"@id":"https:\/\/dmturbotrading.ro\/index.php\/product\/scaun-birou-ergonimic-spatar-plasa-dmtt-bleo\/#primaryimage"},"thumbnailUrl":"https:\/\/dmturbotrading.ro\/wp-content\/uploads\/2026\/03\/p11.jpg","datePublished":"2026-03-17T09:41:08+00:00","dateModified":"2026-03-18T09:23:22+00:00","description":"Scaunul DMTT aduce confort \u0219i sus\u021binere \u00een timpul orelor de lucru, cu sp\u0103tar ergonomic din plas\u0103 respirabil\u0103 \u0219i \u0219ezut moale tapi\u021bat. \u00cen\u0103l\u021bimea reglabil\u0103 \u0219i baza rotativ\u0103 faciliteaz\u0103 adaptarea la orice birou. Ro\u021bile silen\u021bioase \u0219i designul compact \u00eel fac potrivit pentru spa\u021bii moderne de lucru sau acas\u0103.","breadcrumb":{"@id":"https:\/\/dmturbotrading.ro\/index.php\/product\/scaun-birou-ergonimic-spatar-plasa-dmtt-bleo\/#breadcrumb"},"inLanguage":"en-US","potentialAction":[{"@type":"ReadAction","target":["https:\/\/dmturbotrading.ro\/index.php\/product\/scaun-birou-ergonimic-spatar-plasa-dmtt-bleo\/"]}]},{"@type":"ImageObject","inLanguage":"en-US","@id":"https:\/\/dmturbotrading.ro\/index.php\/product\/scaun-birou-ergonimic-spatar-plasa-dmtt-bleo\/#primaryimage","url":"https:\/\/dmturbotrading.ro\/wp-content\/uploads\/2026\/03\/p11.jpg","contentUrl":"https:\/\/dmturbotrading.ro\/wp-content\/uploads\/2026\/03\/p11.jpg","width":1024,"height":1024,"caption":"scaun birou albastru deschis"},{"@type":"BreadcrumbList","@id":"https:\/\/dmturbotrading.ro\/index.php\/product\/scaun-birou-ergonimic-spatar-plasa-dmtt-bleo\/#breadcrumb","itemListElement":[{"@type":"ListItem","position":1,"name":"Home","item":"https:\/\/dmturbotrading.ro\/"},{"@type":"ListItem","position":2,"name":"Shop","item":"https:\/\/dmturbotrading.ro\/index.php\/shop\/"},{"@type":"ListItem","position":3,"name":"Scaun birou ergonomic, spatar plasa, DMTT, bleo"}]},{"@type":"WebSite","@id":"https:\/\/dmturbotrading.ro\/#website","url":"https:\/\/dmturbotrading.ro\/","name":"","description":"","potentialAction":[{"@type":"SearchAction","target":{"@type":"EntryPoint","urlTemplate":"https:\/\/dmturbotrading.ro\/?s={search_term_string}"},"query-input":{"@type":"PropertyValueSpecification","valueRequired":true,"valueName":"search_term_string"}}],"inLanguage":"en-US"}]}},"uagb_featured_image_src":{"full":["https:\/\/dmturbotrading.ro\/wp-content\/uploads\/2026\/03\/p11.jpg",1024,1024,false],"thumbnail":["https:\/\/dmturbotrading.ro\/wp-content\/uploads\/2026\/03\/p11.jpg",150,150,false],"medium":["https:\/\/dmturbotrading.ro\/wp-content\/uploads\/2026\/03\/p11.jpg",300,300,false],"medium_large":["https:\/\/dmturbotrading.ro\/wp-content\/uploads\/2026\/03\/p11.jpg",768,768,false],"large":["https:\/\/dmturbotrading.ro\/wp-content\/uploads\/2026\/03\/p11.jpg",1024,1024,false],"1536x1536":["https:\/\/dmturbotrading.ro\/wp-content\/uploads\/2026\/03\/p11.jpg",1024,1024,false],"2048x2048":["https:\/\/dmturbotrading.ro\/wp-content\/uploads\/2026\/03\/p11.jpg",1024,1024,false],"woocommerce_thumbnail":["https:\/\/dmturbotrading.ro\/wp-content\/uploads\/2026\/03\/p11.jpg",300,300,false],"woocommerce_single":["https:\/\/dmturbotrading.ro\/wp-content\/uploads\/2026\/03\/p11.jpg",600,600,false],"woocommerce_gallery_thumbnail":["https:\/\/dmturbotrading.ro\/wp-content\/uploads\/2026\/03\/p11.jpg",100,100,false]},"uagb_author_info":{"display_name":"admin","author_link":"https:\/\/dmturbotrading.ro\/index.php\/author\/"},"uagb_comment_info":0,"uagb_excerpt":"Scaun birou ergonomic, spatar plasa, DMTT, bleo Scaunul DMTT aduce confort \u0219i sus\u021binere \u00een timpul orelor de lucru, cu sp\u0103tar [&hellip;]","_links":{"self":[{"href":"https:\/\/dmturbotrading.ro\/index.php\/wp-json\/wp\/v2\/product\/814","targetHints":{"allow":["GET"]}}],"collection":[{"href":"https:\/\/dmturbotrading.ro\/index.php\/wp-json\/wp\/v2\/product"}],"about":[{"href":"https:\/\/dmturbotrading.ro\/index.php\/wp-json\/wp\/v2\/types\/product"}],"wp:featuredmedia":[{"embeddable":true,"href":"https:\/\/dmturbotrading.ro\/index.php\/wp-json\/wp\/v2\/media\/817"}],"wp:attachment":[{"href":"https:\/\/dmturbotrading.ro\/index.php\/wp-json\/wp\/v2\/media?parent=814"}],"wp:term":[{"taxonomy":"product_brand","embeddable":true,"href":"https:\/\/dmturbotrading.ro\/index.php\/wp-json\/wp\/v2\/product_brand?post=814"},{"taxonomy":"product_cat","embeddable":true,"href":"https:\/\/dmturbotrading.ro\/index.php\/wp-json\/wp\/v2\/product_cat?post=814"},{"taxonomy":"product_tag","embeddable":true,"href":"https:\/\/dmturbotrading.ro\/index.php\/wp-json\/wp\/v2\/product_tag?post=814"}],"curies":[{"name":"wp","href":"https:\/\/api.w.org\/{rel}","templated":true}]}}