{"id":842,"date":"2026-03-18T07:28:40","date_gmt":"2026-03-18T07:28:40","guid":{"rendered":"https:\/\/dmturbotrading.ro\/?post_type=product&#038;p=842"},"modified":"2026-03-18T13:43:52","modified_gmt":"2026-03-18T13:43:52","slug":"scaun-birou-ergonomic-recliner-reglabil-dmtt-gri-modern","status":"publish","type":"product","link":"https:\/\/dmturbotrading.ro\/index.php\/product\/scaun-birou-ergonomic-recliner-reglabil-dmtt-gri-modern\/","title":{"rendered":"Scaun birou ergonomic, recliner reglabil, DMTT, gri modern"},"content":{"rendered":"<h2 data-path-to-node=\"2\">Scaun birou ergonomic, recliner reglabil, DMTT, gri modern<\/h2>\n<p>Optimizeaz\u0103-\u021bi spa\u021biul de lucru de acas\u0103 cu un birou reglabil, conceput pentru confort \u0219i eficien\u021b\u0103. Poate fi ajustat pe \u00een\u0103l\u021bime \u00eentre 110 \u0219i 119 cm \u0219i include sp\u0103tar reclinabil, suport lombar \u0219i bra\u021be ergonomice. Materialul respirabil, \u0219ezutul bine c\u0103ptu\u0219it \u0219i baza solid\u0103 cu ro\u021bi pivotante asigur\u0103 stabilitate \u0219i confort pe termen lung. Ideal pentru sesiuni \u00eendelungate de lucru, \u00eembin\u0103 func\u021bionalitatea, rezisten\u021ba \u0219i un design modern, urban.<\/p>\n<p><strong>Caracteristici:<\/strong><\/p>\n<ul>\n<li>Design elegant, perfect pentru birou<\/li>\n<li>Cadru robust din o\u021bel, suport\u0103 p\u00e2n\u0103 la 120 kg<\/li>\n<li>\u00cen\u0103l\u021bime reglabil\u0103<\/li>\n<li>Func\u021bie de \u00eenclinare delicat\u0103<\/li>\n<li>Sp\u0103tar \u00eenalt cu cotiere<\/li>\n<li>5 ro\u021bi cu rota\u021bie la 360\u00b0<\/li>\n<li>Asamblare necesar\u0103<\/li>\n<\/ul>\n<p><strong style=\"font-size: 16px;\"><b>Date tehnice<\/b><\/strong><\/p>\n<ul>\n<li>Culoare: Gri<\/li>\n<li>Material: In (poliester), Spum\u0103, Metal, Piele sintetic\u0103<\/li>\n<li>Dimensiuni totale: 62L x 76A x 110-119\u00cecm<\/li>\n<li>Dimensiuni \u0219ezut: 50L x 53Acm<\/li>\n<li>\u00cen\u0103l\u021bime \u0219ezut: 46-55cm<\/li>\n<li>Dimensiuni sp\u0103tar: 48A x 69\u00cecm (p\u00e2n\u0103 la \u0219ezut)<\/li>\n<li>L\u0103\u021bime cotier\u0103: 6cm (p\u00e2n\u0103 la \u0219ezut)<\/li>\n<li>Sarcin\u0103 maxim\u0103: 120kg<\/li>\n<\/ul>\n<p><strong style=\"font-size: 16px;\"><b>Continutul pachetului<\/b><\/strong><\/p>\n<ul>\n<li>1 x Scaun birou<\/li>\n<li>1 x Manual de instruc\u021biuni<\/li>\n<\/ul>\n","protected":false},"excerpt":{"rendered":"<p>Scaun birou ergonomic, recliner reglabil, DMTT, gri modern Optimizeaz\u0103-\u021bi spa\u021biul de lucru de acas\u0103 cu un birou reglabil, conceput pentru [&hellip;]<\/p>\n","protected":false},"featured_media":850,"template":"","meta":{"_uag_custom_page_level_css":"","site-sidebar-layout":"default","site-content-layout":"","ast-site-content-layout":"default","site-content-style":"default","site-sidebar-style":"default","ast-global-header-display":"","ast-banner-title-visibility":"","ast-main-header-display":"","ast-hfb-above-header-display":"","ast-hfb-below-header-display":"","ast-hfb-mobile-header-display":"","site-post-title":"","ast-breadcrumbs-content":"","ast-featured-img":"","footer-sml-layout":"","ast-disable-related-posts":"","theme-transparent-header-meta":"default","adv-header-id-meta":"","stick-header-meta":"","header-above-stick-meta":"","header-main-stick-meta":"","header-below-stick-meta":"","astra-migrate-meta-layouts":"set","ast-page-background-enabled":"default","ast-page-background-meta":{"desktop":{"background-color":"var(--ast-global-color-4)","background-image":"","background-repeat":"repeat","background-position":"center center","background-size":"auto","background-attachment":"scroll","background-type":"","background-media":"","overlay-type":"","overlay-color":"","overlay-opacity":"","overlay-gradient":""},"tablet":{"background-color":"","background-image":"","background-repeat":"repeat","background-position":"center center","background-size":"auto","background-attachment":"scroll","background-type":"","background-media":"","overlay-type":"","overlay-color":"","overlay-opacity":"","overlay-gradient":""},"mobile":{"background-color":"","background-image":"","background-repeat":"repeat","background-position":"center center","background-size":"auto","background-attachment":"scroll","background-type":"","background-media":"","overlay-type":"","overlay-color":"","overlay-opacity":"","overlay-gradient":""}},"ast-content-background-meta":{"desktop":{"background-color":"var(--ast-global-color-5)","background-image":"","background-repeat":"repeat","background-position":"center center","background-size":"auto","background-attachment":"scroll","background-type":"","background-media":"","overlay-type":"","overlay-color":"","overlay-opacity":"","overlay-gradient":""},"tablet":{"background-color":"var(--ast-global-color-5)","background-image":"","background-repeat":"repeat","background-position":"center center","background-size":"auto","background-attachment":"scroll","background-type":"","background-media":"","overlay-type":"","overlay-color":"","overlay-opacity":"","overlay-gradient":""},"mobile":{"background-color":"var(--ast-global-color-5)","background-image":"","background-repeat":"repeat","background-position":"center center","background-size":"auto","background-attachment":"scroll","background-type":"","background-media":"","overlay-type":"","overlay-color":"","overlay-opacity":"","overlay-gradient":""}}},"product_brand":[],"product_cat":[42,15],"product_tag":[],"class_list":{"0":"post-842","1":"product","2":"type-product","3":"status-publish","4":"has-post-thumbnail","6":"product_cat-scaune-birou","7":"product_cat-uncategorized","8":"desktop-align-left","9":"tablet-align-left","10":"mobile-align-left","12":"first","13":"instock","14":"shipping-taxable","15":"purchasable","16":"product-type-simple"},"yoast_head":"<!-- This site is optimized with the Yoast SEO plugin v27.2 - https:\/\/yoast.com\/product\/yoast-seo-wordpress\/ -->\n<title>Scaun birou ergonomic, recliner reglabil, DMTT, gri modern -<\/title>\n<meta name=\"description\" content=\"Optimizeaz\u0103-\u021bi spa\u021biul de lucru de acas\u0103 cu un birou reglabil, conceput pentru confort \u0219i eficien\u021b\u0103. Poate fi ajustat pe \u00een\u0103l\u021bime \u00eentre 110 \u0219i 119 cm \u0219i include sp\u0103tar reclinabil, suport lombar \u0219i bra\u021be ergonomice. Materialul respirabil, \u0219ezutul bine c\u0103ptu\u0219it \u0219i baza solid\u0103 cu ro\u021bi pivotante asigur\u0103 stabilitate \u0219i confort pe termen lung. Ideal pentru sesiuni \u00eendelungate de lucru, \u00eembin\u0103 func\u021bionalitatea, rezisten\u021ba \u0219i un design modern, urban.\" \/>\n<meta name=\"robots\" content=\"index, follow, max-snippet:-1, max-image-preview:large, max-video-preview:-1\" \/>\n<link rel=\"canonical\" href=\"https:\/\/dmturbotrading.ro\/index.php\/product\/scaun-birou-ergonomic-recliner-reglabil-dmtt-gri-modern\/\" \/>\n<meta property=\"og:locale\" content=\"en_US\" \/>\n<meta property=\"og:type\" content=\"article\" \/>\n<meta property=\"og:title\" content=\"Scaun birou ergonomic, recliner reglabil, DMTT, gri modern -\" \/>\n<meta property=\"og:description\" content=\"Optimizeaz\u0103-\u021bi spa\u021biul de lucru de acas\u0103 cu un birou reglabil, conceput pentru confort \u0219i eficien\u021b\u0103. Poate fi ajustat pe \u00een\u0103l\u021bime \u00eentre 110 \u0219i 119 cm \u0219i include sp\u0103tar reclinabil, suport lombar \u0219i bra\u021be ergonomice. Materialul respirabil, \u0219ezutul bine c\u0103ptu\u0219it \u0219i baza solid\u0103 cu ro\u021bi pivotante asigur\u0103 stabilitate \u0219i confort pe termen lung. Ideal pentru sesiuni \u00eendelungate de lucru, \u00eembin\u0103 func\u021bionalitatea, rezisten\u021ba \u0219i un design modern, urban.\" \/>\n<meta property=\"og:url\" content=\"https:\/\/dmturbotrading.ro\/index.php\/product\/scaun-birou-ergonomic-recliner-reglabil-dmtt-gri-modern\/\" \/>\n<meta property=\"article:modified_time\" content=\"2026-03-18T13:43:52+00:00\" \/>\n<meta property=\"og:image\" content=\"https:\/\/dmturbotrading.ro\/wp-content\/uploads\/2026\/03\/pp100.jpg\" \/>\n\t<meta property=\"og:image:width\" content=\"1024\" \/>\n\t<meta property=\"og:image:height\" content=\"1024\" \/>\n\t<meta property=\"og:image:type\" content=\"image\/jpeg\" \/>\n<meta name=\"twitter:card\" content=\"summary_large_image\" \/>\n<meta name=\"twitter:label1\" content=\"Est. reading time\" \/>\n\t<meta name=\"twitter:data1\" content=\"1 minute\" \/>\n<script type=\"application\/ld+json\" class=\"yoast-schema-graph\">{\"@context\":\"https:\/\/schema.org\",\"@graph\":[{\"@type\":\"WebPage\",\"@id\":\"https:\/\/dmturbotrading.ro\/index.php\/product\/scaun-birou-ergonomic-recliner-reglabil-dmtt-gri-modern\/\",\"url\":\"https:\/\/dmturbotrading.ro\/index.php\/product\/scaun-birou-ergonomic-recliner-reglabil-dmtt-gri-modern\/\",\"name\":\"Scaun birou ergonomic, recliner reglabil, DMTT, gri modern -\",\"isPartOf\":{\"@id\":\"https:\/\/dmturbotrading.ro\/#website\"},\"primaryImageOfPage\":{\"@id\":\"https:\/\/dmturbotrading.ro\/index.php\/product\/scaun-birou-ergonomic-recliner-reglabil-dmtt-gri-modern\/#primaryimage\"},\"image\":{\"@id\":\"https:\/\/dmturbotrading.ro\/index.php\/product\/scaun-birou-ergonomic-recliner-reglabil-dmtt-gri-modern\/#primaryimage\"},\"thumbnailUrl\":\"https:\/\/dmturbotrading.ro\/wp-content\/uploads\/2026\/03\/pp100.jpg\",\"datePublished\":\"2026-03-18T07:28:40+00:00\",\"dateModified\":\"2026-03-18T13:43:52+00:00\",\"description\":\"Optimizeaz\u0103-\u021bi spa\u021biul de lucru de acas\u0103 cu un birou reglabil, conceput pentru confort \u0219i eficien\u021b\u0103. Poate fi ajustat pe \u00een\u0103l\u021bime \u00eentre 110 \u0219i 119 cm \u0219i include sp\u0103tar reclinabil, suport lombar \u0219i bra\u021be ergonomice. Materialul respirabil, \u0219ezutul bine c\u0103ptu\u0219it \u0219i baza solid\u0103 cu ro\u021bi pivotante asigur\u0103 stabilitate \u0219i confort pe termen lung. Ideal pentru sesiuni \u00eendelungate de lucru, \u00eembin\u0103 func\u021bionalitatea, rezisten\u021ba \u0219i un design modern, urban.\",\"breadcrumb\":{\"@id\":\"https:\/\/dmturbotrading.ro\/index.php\/product\/scaun-birou-ergonomic-recliner-reglabil-dmtt-gri-modern\/#breadcrumb\"},\"inLanguage\":\"en-US\",\"potentialAction\":[{\"@type\":\"ReadAction\",\"target\":[\"https:\/\/dmturbotrading.ro\/index.php\/product\/scaun-birou-ergonomic-recliner-reglabil-dmtt-gri-modern\/\"]}]},{\"@type\":\"ImageObject\",\"inLanguage\":\"en-US\",\"@id\":\"https:\/\/dmturbotrading.ro\/index.php\/product\/scaun-birou-ergonomic-recliner-reglabil-dmtt-gri-modern\/#primaryimage\",\"url\":\"https:\/\/dmturbotrading.ro\/wp-content\/uploads\/2026\/03\/pp100.jpg\",\"contentUrl\":\"https:\/\/dmturbotrading.ro\/wp-content\/uploads\/2026\/03\/pp100.jpg\",\"width\":1024,\"height\":1024,\"caption\":\"scaun ergonomic birou\"},{\"@type\":\"BreadcrumbList\",\"@id\":\"https:\/\/dmturbotrading.ro\/index.php\/product\/scaun-birou-ergonomic-recliner-reglabil-dmtt-gri-modern\/#breadcrumb\",\"itemListElement\":[{\"@type\":\"ListItem\",\"position\":1,\"name\":\"Home\",\"item\":\"https:\/\/dmturbotrading.ro\/\"},{\"@type\":\"ListItem\",\"position\":2,\"name\":\"Shop\",\"item\":\"https:\/\/dmturbotrading.ro\/index.php\/shop\/\"},{\"@type\":\"ListItem\",\"position\":3,\"name\":\"Scaun birou ergonomic, recliner reglabil, DMTT, gri modern\"}]},{\"@type\":\"WebSite\",\"@id\":\"https:\/\/dmturbotrading.ro\/#website\",\"url\":\"https:\/\/dmturbotrading.ro\/\",\"name\":\"\",\"description\":\"\",\"potentialAction\":[{\"@type\":\"SearchAction\",\"target\":{\"@type\":\"EntryPoint\",\"urlTemplate\":\"https:\/\/dmturbotrading.ro\/?s={search_term_string}\"},\"query-input\":{\"@type\":\"PropertyValueSpecification\",\"valueRequired\":true,\"valueName\":\"search_term_string\"}}],\"inLanguage\":\"en-US\"}]}<\/script>\n<!-- \/ Yoast SEO plugin. -->","yoast_head_json":{"title":"Scaun birou ergonomic, recliner reglabil, DMTT, gri modern -","description":"Optimizeaz\u0103-\u021bi spa\u021biul de lucru de acas\u0103 cu un birou reglabil, conceput pentru confort \u0219i eficien\u021b\u0103. Poate fi ajustat pe \u00een\u0103l\u021bime \u00eentre 110 \u0219i 119 cm \u0219i include sp\u0103tar reclinabil, suport lombar \u0219i bra\u021be ergonomice. Materialul respirabil, \u0219ezutul bine c\u0103ptu\u0219it \u0219i baza solid\u0103 cu ro\u021bi pivotante asigur\u0103 stabilitate \u0219i confort pe termen lung. Ideal pentru sesiuni \u00eendelungate de lucru, \u00eembin\u0103 func\u021bionalitatea, rezisten\u021ba \u0219i un design modern, urban.","robots":{"index":"index","follow":"follow","max-snippet":"max-snippet:-1","max-image-preview":"max-image-preview:large","max-video-preview":"max-video-preview:-1"},"canonical":"https:\/\/dmturbotrading.ro\/index.php\/product\/scaun-birou-ergonomic-recliner-reglabil-dmtt-gri-modern\/","og_locale":"en_US","og_type":"article","og_title":"Scaun birou ergonomic, recliner reglabil, DMTT, gri modern -","og_description":"Optimizeaz\u0103-\u021bi spa\u021biul de lucru de acas\u0103 cu un birou reglabil, conceput pentru confort \u0219i eficien\u021b\u0103. Poate fi ajustat pe \u00een\u0103l\u021bime \u00eentre 110 \u0219i 119 cm \u0219i include sp\u0103tar reclinabil, suport lombar \u0219i bra\u021be ergonomice. Materialul respirabil, \u0219ezutul bine c\u0103ptu\u0219it \u0219i baza solid\u0103 cu ro\u021bi pivotante asigur\u0103 stabilitate \u0219i confort pe termen lung. Ideal pentru sesiuni \u00eendelungate de lucru, \u00eembin\u0103 func\u021bionalitatea, rezisten\u021ba \u0219i un design modern, urban.","og_url":"https:\/\/dmturbotrading.ro\/index.php\/product\/scaun-birou-ergonomic-recliner-reglabil-dmtt-gri-modern\/","article_modified_time":"2026-03-18T13:43:52+00:00","og_image":[{"width":1024,"height":1024,"url":"https:\/\/dmturbotrading.ro\/wp-content\/uploads\/2026\/03\/pp100.jpg","type":"image\/jpeg"}],"twitter_card":"summary_large_image","twitter_misc":{"Est. reading time":"1 minute"},"schema":{"@context":"https:\/\/schema.org","@graph":[{"@type":"WebPage","@id":"https:\/\/dmturbotrading.ro\/index.php\/product\/scaun-birou-ergonomic-recliner-reglabil-dmtt-gri-modern\/","url":"https:\/\/dmturbotrading.ro\/index.php\/product\/scaun-birou-ergonomic-recliner-reglabil-dmtt-gri-modern\/","name":"Scaun birou ergonomic, recliner reglabil, DMTT, gri modern -","isPartOf":{"@id":"https:\/\/dmturbotrading.ro\/#website"},"primaryImageOfPage":{"@id":"https:\/\/dmturbotrading.ro\/index.php\/product\/scaun-birou-ergonomic-recliner-reglabil-dmtt-gri-modern\/#primaryimage"},"image":{"@id":"https:\/\/dmturbotrading.ro\/index.php\/product\/scaun-birou-ergonomic-recliner-reglabil-dmtt-gri-modern\/#primaryimage"},"thumbnailUrl":"https:\/\/dmturbotrading.ro\/wp-content\/uploads\/2026\/03\/pp100.jpg","datePublished":"2026-03-18T07:28:40+00:00","dateModified":"2026-03-18T13:43:52+00:00","description":"Optimizeaz\u0103-\u021bi spa\u021biul de lucru de acas\u0103 cu un birou reglabil, conceput pentru confort \u0219i eficien\u021b\u0103. Poate fi ajustat pe \u00een\u0103l\u021bime \u00eentre 110 \u0219i 119 cm \u0219i include sp\u0103tar reclinabil, suport lombar \u0219i bra\u021be ergonomice. Materialul respirabil, \u0219ezutul bine c\u0103ptu\u0219it \u0219i baza solid\u0103 cu ro\u021bi pivotante asigur\u0103 stabilitate \u0219i confort pe termen lung. Ideal pentru sesiuni \u00eendelungate de lucru, \u00eembin\u0103 func\u021bionalitatea, rezisten\u021ba \u0219i un design modern, urban.","breadcrumb":{"@id":"https:\/\/dmturbotrading.ro\/index.php\/product\/scaun-birou-ergonomic-recliner-reglabil-dmtt-gri-modern\/#breadcrumb"},"inLanguage":"en-US","potentialAction":[{"@type":"ReadAction","target":["https:\/\/dmturbotrading.ro\/index.php\/product\/scaun-birou-ergonomic-recliner-reglabil-dmtt-gri-modern\/"]}]},{"@type":"ImageObject","inLanguage":"en-US","@id":"https:\/\/dmturbotrading.ro\/index.php\/product\/scaun-birou-ergonomic-recliner-reglabil-dmtt-gri-modern\/#primaryimage","url":"https:\/\/dmturbotrading.ro\/wp-content\/uploads\/2026\/03\/pp100.jpg","contentUrl":"https:\/\/dmturbotrading.ro\/wp-content\/uploads\/2026\/03\/pp100.jpg","width":1024,"height":1024,"caption":"scaun ergonomic birou"},{"@type":"BreadcrumbList","@id":"https:\/\/dmturbotrading.ro\/index.php\/product\/scaun-birou-ergonomic-recliner-reglabil-dmtt-gri-modern\/#breadcrumb","itemListElement":[{"@type":"ListItem","position":1,"name":"Home","item":"https:\/\/dmturbotrading.ro\/"},{"@type":"ListItem","position":2,"name":"Shop","item":"https:\/\/dmturbotrading.ro\/index.php\/shop\/"},{"@type":"ListItem","position":3,"name":"Scaun birou ergonomic, recliner reglabil, DMTT, gri modern"}]},{"@type":"WebSite","@id":"https:\/\/dmturbotrading.ro\/#website","url":"https:\/\/dmturbotrading.ro\/","name":"","description":"","potentialAction":[{"@type":"SearchAction","target":{"@type":"EntryPoint","urlTemplate":"https:\/\/dmturbotrading.ro\/?s={search_term_string}"},"query-input":{"@type":"PropertyValueSpecification","valueRequired":true,"valueName":"search_term_string"}}],"inLanguage":"en-US"}]}},"uagb_featured_image_src":{"full":["https:\/\/dmturbotrading.ro\/wp-content\/uploads\/2026\/03\/pp100.jpg",1024,1024,false],"thumbnail":["https:\/\/dmturbotrading.ro\/wp-content\/uploads\/2026\/03\/pp100.jpg",150,150,false],"medium":["https:\/\/dmturbotrading.ro\/wp-content\/uploads\/2026\/03\/pp100.jpg",300,300,false],"medium_large":["https:\/\/dmturbotrading.ro\/wp-content\/uploads\/2026\/03\/pp100.jpg",768,768,false],"large":["https:\/\/dmturbotrading.ro\/wp-content\/uploads\/2026\/03\/pp100.jpg",1024,1024,false],"1536x1536":["https:\/\/dmturbotrading.ro\/wp-content\/uploads\/2026\/03\/pp100.jpg",1024,1024,false],"2048x2048":["https:\/\/dmturbotrading.ro\/wp-content\/uploads\/2026\/03\/pp100.jpg",1024,1024,false],"woocommerce_thumbnail":["https:\/\/dmturbotrading.ro\/wp-content\/uploads\/2026\/03\/pp100.jpg",300,300,false],"woocommerce_single":["https:\/\/dmturbotrading.ro\/wp-content\/uploads\/2026\/03\/pp100.jpg",600,600,false],"woocommerce_gallery_thumbnail":["https:\/\/dmturbotrading.ro\/wp-content\/uploads\/2026\/03\/pp100.jpg",100,100,false]},"uagb_author_info":{"display_name":"admin","author_link":"https:\/\/dmturbotrading.ro\/index.php\/author\/"},"uagb_comment_info":0,"uagb_excerpt":"Scaun birou ergonomic, recliner reglabil, DMTT, gri modern Optimizeaz\u0103-\u021bi spa\u021biul de lucru de acas\u0103 cu un birou reglabil, conceput pentru [&hellip;]","_links":{"self":[{"href":"https:\/\/dmturbotrading.ro\/index.php\/wp-json\/wp\/v2\/product\/842","targetHints":{"allow":["GET"]}}],"collection":[{"href":"https:\/\/dmturbotrading.ro\/index.php\/wp-json\/wp\/v2\/product"}],"about":[{"href":"https:\/\/dmturbotrading.ro\/index.php\/wp-json\/wp\/v2\/types\/product"}],"wp:featuredmedia":[{"embeddable":true,"href":"https:\/\/dmturbotrading.ro\/index.php\/wp-json\/wp\/v2\/media\/850"}],"wp:attachment":[{"href":"https:\/\/dmturbotrading.ro\/index.php\/wp-json\/wp\/v2\/media?parent=842"}],"wp:term":[{"taxonomy":"product_brand","embeddable":true,"href":"https:\/\/dmturbotrading.ro\/index.php\/wp-json\/wp\/v2\/product_brand?post=842"},{"taxonomy":"product_cat","embeddable":true,"href":"https:\/\/dmturbotrading.ro\/index.php\/wp-json\/wp\/v2\/product_cat?post=842"},{"taxonomy":"product_tag","embeddable":true,"href":"https:\/\/dmturbotrading.ro\/index.php\/wp-json\/wp\/v2\/product_tag?post=842"}],"curies":[{"name":"wp","href":"https:\/\/api.w.org\/{rel}","templated":true}]}}