{"id":855,"date":"2026-03-18T13:55:02","date_gmt":"2026-03-18T13:55:02","guid":{"rendered":"https:\/\/dmturbotrading.ro\/?post_type=product&#038;p=855"},"modified":"2026-03-18T14:00:24","modified_gmt":"2026-03-18T14:00:24","slug":"scaun-birou-ergonomic-rotire-reglabil-roz","status":"publish","type":"product","link":"https:\/\/dmturbotrading.ro\/index.php\/product\/scaun-birou-ergonomic-rotire-reglabil-roz\/","title":{"rendered":"Scaun ergonomic birou DMTT, reglabil, rotire 360\u00b0, 5 ro\u021bi, roz"},"content":{"rendered":"<h2 data-path-to-node=\"2\">Scaun ergonomic birou DMTT, reglabil, rotire 360\u00b0, 5 ro\u021bi, roz<\/h2>\n<p data-start=\"143\" data-end=\"420\">Acest scaun de birou este conceput pentru a oferi confort zilnic, fiind ideal at\u00e2t pentru activit\u0103\u021bi de lucru, c\u00e2t \u0219i pentru studiu. Sp\u0103tarul realizat din material respirabil permite o bun\u0103 circula\u021bie a aerului, reduc\u00e2nd senza\u021bia de disconfort \u00een timpul utiliz\u0103rii \u00eendelungate.\u00a0Datorit\u0103 reglajului pe \u00een\u0103l\u021bime \u0219i func\u021biei de \u00eenclinare, \u00ee\u021bi po\u021bi ajusta pozi\u021bia \u00een func\u021bie de preferin\u021be, pentru o experien\u021b\u0103 c\u00e2t mai confortabil\u0103. Baza stabil\u0103, prev\u0103zut\u0103 cu 5 ro\u021bi, asigur\u0103 mobilitate u\u0219oar\u0103 pe diferite tipuri de pardoseal\u0103.\u00a0Designul ergonomic contribuie la men\u021binerea unei posturi corecte, iar culoarea roz adaug\u0103 un plus de stil \u0219i personalitate spa\u021biului t\u0103u de lucru.<\/p>\n<p><strong>Caracteristici:<\/strong><\/p>\n<ul>\n<li>Scaun ergonomic cu roti de siguranta care nu se rotesc cand sunteti asezat si se rotesc usor cand nu sunteti asezat<\/li>\n<li>Functia de inclinare inclusa<\/li>\n<li>Inaltimea scaunului reglabila pentru a se adapta oricarei nevoi<\/li>\n<li>Tesatura plasa a scaunului de birou este respirabila si moale\u200b<\/li>\n<li>Necesita montaj<\/li>\n<\/ul>\n<p><strong style=\"font-size: 16px;\"><b>Date tehnice<\/b><\/strong><\/p>\n<ul>\n<li>Culoare: Roz<\/li>\n<li>Material: Tesatura plasa (poliester), PP, bumbac, nailon<\/li>\n<li>Dimensiuni totale: 55 x 48 x 82.5-94.5 cm<\/li>\n<li>Dimensiuni sezuta: 45 x 40 cm<\/li>\n<li>Inaltimea sezutei: 44-56 cm<\/li>\n<li>Dimensiuni spatar: 44 x 52 cm<\/li>\n<li>Greutate sustinuta: 120 kg<\/li>\n<\/ul>\n<p><strong style=\"font-size: 16px;\"><b>Continutul pachetului<\/b><\/strong><\/p>\n<ul>\n<li>1 x Scaun birou<\/li>\n<li>1 x Manual de instruc\u021biuni<\/li>\n<\/ul>\n","protected":false},"excerpt":{"rendered":"<p>Scaun ergonomic birou DMTT, reglabil, rotire 360\u00b0, 5 ro\u021bi, roz Acest scaun de birou este conceput pentru a oferi confort [&hellip;]<\/p>\n","protected":false},"featured_media":856,"template":"","meta":{"_uag_custom_page_level_css":"","site-sidebar-layout":"default","site-content-layout":"","ast-site-content-layout":"default","site-content-style":"default","site-sidebar-style":"default","ast-global-header-display":"","ast-banner-title-visibility":"","ast-main-header-display":"","ast-hfb-above-header-display":"","ast-hfb-below-header-display":"","ast-hfb-mobile-header-display":"","site-post-title":"","ast-breadcrumbs-content":"","ast-featured-img":"","footer-sml-layout":"","ast-disable-related-posts":"","theme-transparent-header-meta":"default","adv-header-id-meta":"","stick-header-meta":"","header-above-stick-meta":"","header-main-stick-meta":"","header-below-stick-meta":"","astra-migrate-meta-layouts":"set","ast-page-background-enabled":"default","ast-page-background-meta":{"desktop":{"background-color":"var(--ast-global-color-4)","background-image":"","background-repeat":"repeat","background-position":"center center","background-size":"auto","background-attachment":"scroll","background-type":"","background-media":"","overlay-type":"","overlay-color":"","overlay-opacity":"","overlay-gradient":""},"tablet":{"background-color":"","background-image":"","background-repeat":"repeat","background-position":"center center","background-size":"auto","background-attachment":"scroll","background-type":"","background-media":"","overlay-type":"","overlay-color":"","overlay-opacity":"","overlay-gradient":""},"mobile":{"background-color":"","background-image":"","background-repeat":"repeat","background-position":"center center","background-size":"auto","background-attachment":"scroll","background-type":"","background-media":"","overlay-type":"","overlay-color":"","overlay-opacity":"","overlay-gradient":""}},"ast-content-background-meta":{"desktop":{"background-color":"var(--ast-global-color-5)","background-image":"","background-repeat":"repeat","background-position":"center center","background-size":"auto","background-attachment":"scroll","background-type":"","background-media":"","overlay-type":"","overlay-color":"","overlay-opacity":"","overlay-gradient":""},"tablet":{"background-color":"var(--ast-global-color-5)","background-image":"","background-repeat":"repeat","background-position":"center center","background-size":"auto","background-attachment":"scroll","background-type":"","background-media":"","overlay-type":"","overlay-color":"","overlay-opacity":"","overlay-gradient":""},"mobile":{"background-color":"var(--ast-global-color-5)","background-image":"","background-repeat":"repeat","background-position":"center center","background-size":"auto","background-attachment":"scroll","background-type":"","background-media":"","overlay-type":"","overlay-color":"","overlay-opacity":"","overlay-gradient":""}}},"product_brand":[],"product_cat":[42,15],"product_tag":[],"class_list":{"0":"post-855","1":"product","2":"type-product","3":"status-publish","4":"has-post-thumbnail","6":"product_cat-scaune-birou","7":"product_cat-uncategorized","8":"desktop-align-left","9":"tablet-align-left","10":"mobile-align-left","12":"first","13":"instock","14":"shipping-taxable","15":"purchasable","16":"product-type-simple"},"yoast_head":"<!-- This site is optimized with the Yoast SEO plugin v27.2 - https:\/\/yoast.com\/product\/yoast-seo-wordpress\/ -->\n<title>Scaun ergonomic birou DMTT, reglabil, rotire 360\u00b0, 5 ro\u021bi, roz -<\/title>\n<meta name=\"description\" content=\"Acest scaun de birou este conceput pentru a oferi confort zilnic, fiind ideal at\u00e2t pentru activit\u0103\u021bi de lucru, c\u00e2t \u0219i pentru studiu. Sp\u0103tarul realizat din material respirabil permite o bun\u0103 circula\u021bie a aerului, reduc\u00e2nd senza\u021bia de disconfort \u00een timpul utiliz\u0103rii \u00eendelungate.\u00a0Datorit\u0103 reglajului pe \u00een\u0103l\u021bime \u0219i func\u021biei de \u00eenclinare, \u00ee\u021bi po\u021bi ajusta pozi\u021bia \u00een func\u021bie de preferin\u021be, pentru o experien\u021b\u0103 c\u00e2t mai confortabil\u0103. Baza stabil\u0103, prev\u0103zut\u0103 cu 5 ro\u021bi, asigur\u0103 mobilitate u\u0219oar\u0103 pe diferite tipuri de pardoseal\u0103.\u00a0Designul ergonomic contribuie la men\u021binerea unei posturi corecte, iar culoarea roz adaug\u0103 un plus de stil \u0219i personalitate spa\u021biului t\u0103u de lucru.\" \/>\n<meta name=\"robots\" content=\"index, follow, max-snippet:-1, max-image-preview:large, max-video-preview:-1\" \/>\n<link rel=\"canonical\" href=\"https:\/\/dmturbotrading.ro\/index.php\/product\/scaun-birou-ergonomic-rotire-reglabil-roz\/\" \/>\n<meta property=\"og:locale\" content=\"en_US\" \/>\n<meta property=\"og:type\" content=\"article\" \/>\n<meta property=\"og:title\" content=\"Scaun ergonomic birou DMTT, reglabil, rotire 360\u00b0, 5 ro\u021bi, roz -\" \/>\n<meta property=\"og:description\" content=\"Acest scaun de birou este conceput pentru a oferi confort zilnic, fiind ideal at\u00e2t pentru activit\u0103\u021bi de lucru, c\u00e2t \u0219i pentru studiu. Sp\u0103tarul realizat din material respirabil permite o bun\u0103 circula\u021bie a aerului, reduc\u00e2nd senza\u021bia de disconfort \u00een timpul utiliz\u0103rii \u00eendelungate.\u00a0Datorit\u0103 reglajului pe \u00een\u0103l\u021bime \u0219i func\u021biei de \u00eenclinare, \u00ee\u021bi po\u021bi ajusta pozi\u021bia \u00een func\u021bie de preferin\u021be, pentru o experien\u021b\u0103 c\u00e2t mai confortabil\u0103. Baza stabil\u0103, prev\u0103zut\u0103 cu 5 ro\u021bi, asigur\u0103 mobilitate u\u0219oar\u0103 pe diferite tipuri de pardoseal\u0103.\u00a0Designul ergonomic contribuie la men\u021binerea unei posturi corecte, iar culoarea roz adaug\u0103 un plus de stil \u0219i personalitate spa\u021biului t\u0103u de lucru.\" \/>\n<meta property=\"og:url\" content=\"https:\/\/dmturbotrading.ro\/index.php\/product\/scaun-birou-ergonomic-rotire-reglabil-roz\/\" \/>\n<meta property=\"article:modified_time\" content=\"2026-03-18T14:00:24+00:00\" \/>\n<meta property=\"og:image\" content=\"https:\/\/dmturbotrading.ro\/wp-content\/uploads\/2026\/03\/pp102.jpg\" \/>\n\t<meta property=\"og:image:width\" content=\"2000\" \/>\n\t<meta property=\"og:image:height\" content=\"2000\" \/>\n\t<meta property=\"og:image:type\" content=\"image\/jpeg\" \/>\n<meta name=\"twitter:card\" content=\"summary_large_image\" \/>\n<meta name=\"twitter:label1\" content=\"Est. reading time\" \/>\n\t<meta name=\"twitter:data1\" content=\"2 minutes\" \/>\n<script type=\"application\/ld+json\" class=\"yoast-schema-graph\">{\"@context\":\"https:\/\/schema.org\",\"@graph\":[{\"@type\":\"WebPage\",\"@id\":\"https:\/\/dmturbotrading.ro\/index.php\/product\/scaun-birou-ergonomic-rotire-reglabil-roz\/\",\"url\":\"https:\/\/dmturbotrading.ro\/index.php\/product\/scaun-birou-ergonomic-rotire-reglabil-roz\/\",\"name\":\"Scaun ergonomic birou DMTT, reglabil, rotire 360\u00b0, 5 ro\u021bi, roz -\",\"isPartOf\":{\"@id\":\"https:\/\/dmturbotrading.ro\/#website\"},\"primaryImageOfPage\":{\"@id\":\"https:\/\/dmturbotrading.ro\/index.php\/product\/scaun-birou-ergonomic-rotire-reglabil-roz\/#primaryimage\"},\"image\":{\"@id\":\"https:\/\/dmturbotrading.ro\/index.php\/product\/scaun-birou-ergonomic-rotire-reglabil-roz\/#primaryimage\"},\"thumbnailUrl\":\"https:\/\/dmturbotrading.ro\/wp-content\/uploads\/2026\/03\/pp102.jpg\",\"datePublished\":\"2026-03-18T13:55:02+00:00\",\"dateModified\":\"2026-03-18T14:00:24+00:00\",\"description\":\"Acest scaun de birou este conceput pentru a oferi confort zilnic, fiind ideal at\u00e2t pentru activit\u0103\u021bi de lucru, c\u00e2t \u0219i pentru studiu. Sp\u0103tarul realizat din material respirabil permite o bun\u0103 circula\u021bie a aerului, reduc\u00e2nd senza\u021bia de disconfort \u00een timpul utiliz\u0103rii \u00eendelungate.\u00a0Datorit\u0103 reglajului pe \u00een\u0103l\u021bime \u0219i func\u021biei de \u00eenclinare, \u00ee\u021bi po\u021bi ajusta pozi\u021bia \u00een func\u021bie de preferin\u021be, pentru o experien\u021b\u0103 c\u00e2t mai confortabil\u0103. Baza stabil\u0103, prev\u0103zut\u0103 cu 5 ro\u021bi, asigur\u0103 mobilitate u\u0219oar\u0103 pe diferite tipuri de pardoseal\u0103.\u00a0Designul ergonomic contribuie la men\u021binerea unei posturi corecte, iar culoarea roz adaug\u0103 un plus de stil \u0219i personalitate spa\u021biului t\u0103u de lucru.\",\"breadcrumb\":{\"@id\":\"https:\/\/dmturbotrading.ro\/index.php\/product\/scaun-birou-ergonomic-rotire-reglabil-roz\/#breadcrumb\"},\"inLanguage\":\"en-US\",\"potentialAction\":[{\"@type\":\"ReadAction\",\"target\":[\"https:\/\/dmturbotrading.ro\/index.php\/product\/scaun-birou-ergonomic-rotire-reglabil-roz\/\"]}]},{\"@type\":\"ImageObject\",\"inLanguage\":\"en-US\",\"@id\":\"https:\/\/dmturbotrading.ro\/index.php\/product\/scaun-birou-ergonomic-rotire-reglabil-roz\/#primaryimage\",\"url\":\"https:\/\/dmturbotrading.ro\/wp-content\/uploads\/2026\/03\/pp102.jpg\",\"contentUrl\":\"https:\/\/dmturbotrading.ro\/wp-content\/uploads\/2026\/03\/pp102.jpg\",\"width\":2000,\"height\":2000,\"caption\":\"scaun reglabil roz\"},{\"@type\":\"BreadcrumbList\",\"@id\":\"https:\/\/dmturbotrading.ro\/index.php\/product\/scaun-birou-ergonomic-rotire-reglabil-roz\/#breadcrumb\",\"itemListElement\":[{\"@type\":\"ListItem\",\"position\":1,\"name\":\"Home\",\"item\":\"https:\/\/dmturbotrading.ro\/\"},{\"@type\":\"ListItem\",\"position\":2,\"name\":\"Shop\",\"item\":\"https:\/\/dmturbotrading.ro\/index.php\/shop\/\"},{\"@type\":\"ListItem\",\"position\":3,\"name\":\"Scaun ergonomic birou DMTT, reglabil, rotire 360\u00b0, 5 ro\u021bi, roz\"}]},{\"@type\":\"WebSite\",\"@id\":\"https:\/\/dmturbotrading.ro\/#website\",\"url\":\"https:\/\/dmturbotrading.ro\/\",\"name\":\"\",\"description\":\"\",\"potentialAction\":[{\"@type\":\"SearchAction\",\"target\":{\"@type\":\"EntryPoint\",\"urlTemplate\":\"https:\/\/dmturbotrading.ro\/?s={search_term_string}\"},\"query-input\":{\"@type\":\"PropertyValueSpecification\",\"valueRequired\":true,\"valueName\":\"search_term_string\"}}],\"inLanguage\":\"en-US\"}]}<\/script>\n<!-- \/ Yoast SEO plugin. -->","yoast_head_json":{"title":"Scaun ergonomic birou DMTT, reglabil, rotire 360\u00b0, 5 ro\u021bi, roz -","description":"Acest scaun de birou este conceput pentru a oferi confort zilnic, fiind ideal at\u00e2t pentru activit\u0103\u021bi de lucru, c\u00e2t \u0219i pentru studiu. Sp\u0103tarul realizat din material respirabil permite o bun\u0103 circula\u021bie a aerului, reduc\u00e2nd senza\u021bia de disconfort \u00een timpul utiliz\u0103rii \u00eendelungate.\u00a0Datorit\u0103 reglajului pe \u00een\u0103l\u021bime \u0219i func\u021biei de \u00eenclinare, \u00ee\u021bi po\u021bi ajusta pozi\u021bia \u00een func\u021bie de preferin\u021be, pentru o experien\u021b\u0103 c\u00e2t mai confortabil\u0103. Baza stabil\u0103, prev\u0103zut\u0103 cu 5 ro\u021bi, asigur\u0103 mobilitate u\u0219oar\u0103 pe diferite tipuri de pardoseal\u0103.\u00a0Designul ergonomic contribuie la men\u021binerea unei posturi corecte, iar culoarea roz adaug\u0103 un plus de stil \u0219i personalitate spa\u021biului t\u0103u de lucru.","robots":{"index":"index","follow":"follow","max-snippet":"max-snippet:-1","max-image-preview":"max-image-preview:large","max-video-preview":"max-video-preview:-1"},"canonical":"https:\/\/dmturbotrading.ro\/index.php\/product\/scaun-birou-ergonomic-rotire-reglabil-roz\/","og_locale":"en_US","og_type":"article","og_title":"Scaun ergonomic birou DMTT, reglabil, rotire 360\u00b0, 5 ro\u021bi, roz -","og_description":"Acest scaun de birou este conceput pentru a oferi confort zilnic, fiind ideal at\u00e2t pentru activit\u0103\u021bi de lucru, c\u00e2t \u0219i pentru studiu. Sp\u0103tarul realizat din material respirabil permite o bun\u0103 circula\u021bie a aerului, reduc\u00e2nd senza\u021bia de disconfort \u00een timpul utiliz\u0103rii \u00eendelungate.\u00a0Datorit\u0103 reglajului pe \u00een\u0103l\u021bime \u0219i func\u021biei de \u00eenclinare, \u00ee\u021bi po\u021bi ajusta pozi\u021bia \u00een func\u021bie de preferin\u021be, pentru o experien\u021b\u0103 c\u00e2t mai confortabil\u0103. Baza stabil\u0103, prev\u0103zut\u0103 cu 5 ro\u021bi, asigur\u0103 mobilitate u\u0219oar\u0103 pe diferite tipuri de pardoseal\u0103.\u00a0Designul ergonomic contribuie la men\u021binerea unei posturi corecte, iar culoarea roz adaug\u0103 un plus de stil \u0219i personalitate spa\u021biului t\u0103u de lucru.","og_url":"https:\/\/dmturbotrading.ro\/index.php\/product\/scaun-birou-ergonomic-rotire-reglabil-roz\/","article_modified_time":"2026-03-18T14:00:24+00:00","og_image":[{"width":2000,"height":2000,"url":"https:\/\/dmturbotrading.ro\/wp-content\/uploads\/2026\/03\/pp102.jpg","type":"image\/jpeg"}],"twitter_card":"summary_large_image","twitter_misc":{"Est. reading time":"2 minutes"},"schema":{"@context":"https:\/\/schema.org","@graph":[{"@type":"WebPage","@id":"https:\/\/dmturbotrading.ro\/index.php\/product\/scaun-birou-ergonomic-rotire-reglabil-roz\/","url":"https:\/\/dmturbotrading.ro\/index.php\/product\/scaun-birou-ergonomic-rotire-reglabil-roz\/","name":"Scaun ergonomic birou DMTT, reglabil, rotire 360\u00b0, 5 ro\u021bi, roz -","isPartOf":{"@id":"https:\/\/dmturbotrading.ro\/#website"},"primaryImageOfPage":{"@id":"https:\/\/dmturbotrading.ro\/index.php\/product\/scaun-birou-ergonomic-rotire-reglabil-roz\/#primaryimage"},"image":{"@id":"https:\/\/dmturbotrading.ro\/index.php\/product\/scaun-birou-ergonomic-rotire-reglabil-roz\/#primaryimage"},"thumbnailUrl":"https:\/\/dmturbotrading.ro\/wp-content\/uploads\/2026\/03\/pp102.jpg","datePublished":"2026-03-18T13:55:02+00:00","dateModified":"2026-03-18T14:00:24+00:00","description":"Acest scaun de birou este conceput pentru a oferi confort zilnic, fiind ideal at\u00e2t pentru activit\u0103\u021bi de lucru, c\u00e2t \u0219i pentru studiu. Sp\u0103tarul realizat din material respirabil permite o bun\u0103 circula\u021bie a aerului, reduc\u00e2nd senza\u021bia de disconfort \u00een timpul utiliz\u0103rii \u00eendelungate.\u00a0Datorit\u0103 reglajului pe \u00een\u0103l\u021bime \u0219i func\u021biei de \u00eenclinare, \u00ee\u021bi po\u021bi ajusta pozi\u021bia \u00een func\u021bie de preferin\u021be, pentru o experien\u021b\u0103 c\u00e2t mai confortabil\u0103. Baza stabil\u0103, prev\u0103zut\u0103 cu 5 ro\u021bi, asigur\u0103 mobilitate u\u0219oar\u0103 pe diferite tipuri de pardoseal\u0103.\u00a0Designul ergonomic contribuie la men\u021binerea unei posturi corecte, iar culoarea roz adaug\u0103 un plus de stil \u0219i personalitate spa\u021biului t\u0103u de lucru.","breadcrumb":{"@id":"https:\/\/dmturbotrading.ro\/index.php\/product\/scaun-birou-ergonomic-rotire-reglabil-roz\/#breadcrumb"},"inLanguage":"en-US","potentialAction":[{"@type":"ReadAction","target":["https:\/\/dmturbotrading.ro\/index.php\/product\/scaun-birou-ergonomic-rotire-reglabil-roz\/"]}]},{"@type":"ImageObject","inLanguage":"en-US","@id":"https:\/\/dmturbotrading.ro\/index.php\/product\/scaun-birou-ergonomic-rotire-reglabil-roz\/#primaryimage","url":"https:\/\/dmturbotrading.ro\/wp-content\/uploads\/2026\/03\/pp102.jpg","contentUrl":"https:\/\/dmturbotrading.ro\/wp-content\/uploads\/2026\/03\/pp102.jpg","width":2000,"height":2000,"caption":"scaun reglabil roz"},{"@type":"BreadcrumbList","@id":"https:\/\/dmturbotrading.ro\/index.php\/product\/scaun-birou-ergonomic-rotire-reglabil-roz\/#breadcrumb","itemListElement":[{"@type":"ListItem","position":1,"name":"Home","item":"https:\/\/dmturbotrading.ro\/"},{"@type":"ListItem","position":2,"name":"Shop","item":"https:\/\/dmturbotrading.ro\/index.php\/shop\/"},{"@type":"ListItem","position":3,"name":"Scaun ergonomic birou DMTT, reglabil, rotire 360\u00b0, 5 ro\u021bi, roz"}]},{"@type":"WebSite","@id":"https:\/\/dmturbotrading.ro\/#website","url":"https:\/\/dmturbotrading.ro\/","name":"","description":"","potentialAction":[{"@type":"SearchAction","target":{"@type":"EntryPoint","urlTemplate":"https:\/\/dmturbotrading.ro\/?s={search_term_string}"},"query-input":{"@type":"PropertyValueSpecification","valueRequired":true,"valueName":"search_term_string"}}],"inLanguage":"en-US"}]}},"uagb_featured_image_src":{"full":["https:\/\/dmturbotrading.ro\/wp-content\/uploads\/2026\/03\/pp102.jpg",2000,2000,false],"thumbnail":["https:\/\/dmturbotrading.ro\/wp-content\/uploads\/2026\/03\/pp102.jpg",150,150,false],"medium":["https:\/\/dmturbotrading.ro\/wp-content\/uploads\/2026\/03\/pp102.jpg",300,300,false],"medium_large":["https:\/\/dmturbotrading.ro\/wp-content\/uploads\/2026\/03\/pp102.jpg",768,768,false],"large":["https:\/\/dmturbotrading.ro\/wp-content\/uploads\/2026\/03\/pp102.jpg",1024,1024,false],"1536x1536":["https:\/\/dmturbotrading.ro\/wp-content\/uploads\/2026\/03\/pp102.jpg",1536,1536,false],"2048x2048":["https:\/\/dmturbotrading.ro\/wp-content\/uploads\/2026\/03\/pp102.jpg",2000,2000,false],"woocommerce_thumbnail":["https:\/\/dmturbotrading.ro\/wp-content\/uploads\/2026\/03\/pp102.jpg",300,300,false],"woocommerce_single":["https:\/\/dmturbotrading.ro\/wp-content\/uploads\/2026\/03\/pp102.jpg",600,600,false],"woocommerce_gallery_thumbnail":["https:\/\/dmturbotrading.ro\/wp-content\/uploads\/2026\/03\/pp102.jpg",100,100,false]},"uagb_author_info":{"display_name":"admin","author_link":"https:\/\/dmturbotrading.ro\/index.php\/author\/"},"uagb_comment_info":0,"uagb_excerpt":"Scaun ergonomic birou DMTT, reglabil, rotire 360\u00b0, 5 ro\u021bi, roz Acest scaun de birou este conceput pentru a oferi confort [&hellip;]","_links":{"self":[{"href":"https:\/\/dmturbotrading.ro\/index.php\/wp-json\/wp\/v2\/product\/855","targetHints":{"allow":["GET"]}}],"collection":[{"href":"https:\/\/dmturbotrading.ro\/index.php\/wp-json\/wp\/v2\/product"}],"about":[{"href":"https:\/\/dmturbotrading.ro\/index.php\/wp-json\/wp\/v2\/types\/product"}],"wp:featuredmedia":[{"embeddable":true,"href":"https:\/\/dmturbotrading.ro\/index.php\/wp-json\/wp\/v2\/media\/856"}],"wp:attachment":[{"href":"https:\/\/dmturbotrading.ro\/index.php\/wp-json\/wp\/v2\/media?parent=855"}],"wp:term":[{"taxonomy":"product_brand","embeddable":true,"href":"https:\/\/dmturbotrading.ro\/index.php\/wp-json\/wp\/v2\/product_brand?post=855"},{"taxonomy":"product_cat","embeddable":true,"href":"https:\/\/dmturbotrading.ro\/index.php\/wp-json\/wp\/v2\/product_cat?post=855"},{"taxonomy":"product_tag","embeddable":true,"href":"https:\/\/dmturbotrading.ro\/index.php\/wp-json\/wp\/v2\/product_tag?post=855"}],"curies":[{"name":"wp","href":"https:\/\/api.w.org\/{rel}","templated":true}]}}