{"id":861,"date":"2026-03-18T14:06:17","date_gmt":"2026-03-18T14:06:17","guid":{"rendered":"https:\/\/dmturbotrading.ro\/?post_type=product&#038;p=861"},"modified":"2026-03-18T14:29:33","modified_gmt":"2026-03-18T14:29:33","slug":"scaun-ergonomic-birou-dmtt-mesh-tetiera-negru","status":"publish","type":"product","link":"https:\/\/dmturbotrading.ro\/index.php\/product\/scaun-ergonomic-birou-dmtt-mesh-tetiera-negru\/","title":{"rendered":"Scaun ergonomic birou DMTT, reglabil \u0219i reclinabil, tetier\u0103 deta\u0219abil\u0103, mesh respirabil, negru"},"content":{"rendered":"<h2 data-path-to-node=\"2\">Scaun ergonomic birou DMTT, reglabil \u0219i reclinabil, tetier\u0103 deta\u0219abil\u0103, mesh respirabil, negru<\/h2>\n<p data-start=\"650\" data-end=\"734\">Petreci mult timp la birou? Atunci ai nevoie de un scaun care s\u0103 \u021bin\u0103 pasul cu tine.\u00a0Acest scaun ergonomic ofer\u0103 confort sporit datorit\u0103 \u0219ezutului tapi\u021bat \u0219i designului g\u00e2ndit pentru utilizare de lung\u0103 durat\u0103. Func\u021bia de \u00eenclinare \u00ee\u021bi permite s\u0103 te relaxezi \u00een pauze, astfel \u00eenc\u00e2t s\u0103 \u00ee\u021bi men\u021bii energia pe parcursul \u00eentregii zile.\u00a0Ideal pentru lucru sau studiu, acest model \u00eembin\u0103 perfect confortul cu func\u021bionalitatea.<\/p>\n<p><strong>Caracteristici:<\/strong><\/p>\n<ul>\n<li>Bucur\u0103-te de relaxarea oferit\u0103 de acest scaun de birou cu func\u021bia de \u00eenclinare inclus\u0103<\/li>\n<li>\u00cen\u0103l\u021bimea reglabil\u0103 a scaunului ergonomic pentru a se potrivi stilului t\u0103u de \u0219edere<\/li>\n<li>Suportul lombar al scaunului tapi\u021bat reduce presiunea asupra spatelui<\/li>\n<li>Tetiera deta\u0219abil\u0103 \u0219i rotativ\u0103 poate fi ridicat\u0103 sau cobor\u00e2t\u0103<\/li>\n<li>Material textil din plas\u0103 respirabil \u0219i moale<\/li>\n<li>Scaun ergonomic cu 5 ro\u021bi pivotante pentru o mi\u0219care u\u0219oar\u0103<\/li>\n<li>Necesit\u0103 asamblare<\/li>\n<\/ul>\n<p><strong style=\"font-size: 16px;\"><b>Date tehnice<\/b><\/strong><\/p>\n<ul>\n<li>Culoare: Negru<\/li>\n<li>Material: Material textil din plas\u0103 (poliester), PP, spum\u0103, MDF<\/li>\n<li>Dimensiuni totale: 60 x 59 x 114-122 cm<\/li>\n<li>Dimensiuni \u0219ezut: 48 x 45 cm<\/li>\n<li>\u00cen\u0103l\u021bimea \u0219ezutului: 45-53 cm<\/li>\n<li>\u00cen\u0103l\u021bimea cotierei fa\u021b\u0103 de \u0219ezut: 20 cm<\/li>\n<li>Dimensiuni sp\u0103tar: 50 x 80 cm<\/li>\n<li>Capacitate de greutate: 120 kg<\/li>\n<\/ul>\n<p><strong style=\"font-size: 16px;\"><b>Continutul pachetului<\/b><\/strong><\/p>\n<ul>\n<li>1 x Scaun birou<\/li>\n<li>1 x Manual de instruc\u021biuni<\/li>\n<\/ul>\n<p>Produs din gama produc\u0103torilor interna\u021bionali de mobilier office, distribuit de DM Turbo Trading.<\/p>\n","protected":false},"excerpt":{"rendered":"<p>Scaun ergonomic birou DMTT, reglabil \u0219i reclinabil, tetier\u0103 deta\u0219abil\u0103, mesh respirabil, negru Petreci mult timp la birou? Atunci ai nevoie [&hellip;]<\/p>\n","protected":false},"featured_media":864,"template":"","meta":{"_uag_custom_page_level_css":"","site-sidebar-layout":"default","site-content-layout":"","ast-site-content-layout":"default","site-content-style":"default","site-sidebar-style":"default","ast-global-header-display":"","ast-banner-title-visibility":"","ast-main-header-display":"","ast-hfb-above-header-display":"","ast-hfb-below-header-display":"","ast-hfb-mobile-header-display":"","site-post-title":"","ast-breadcrumbs-content":"","ast-featured-img":"","footer-sml-layout":"","ast-disable-related-posts":"","theme-transparent-header-meta":"default","adv-header-id-meta":"","stick-header-meta":"","header-above-stick-meta":"","header-main-stick-meta":"","header-below-stick-meta":"","astra-migrate-meta-layouts":"set","ast-page-background-enabled":"default","ast-page-background-meta":{"desktop":{"background-color":"var(--ast-global-color-4)","background-image":"","background-repeat":"repeat","background-position":"center center","background-size":"auto","background-attachment":"scroll","background-type":"","background-media":"","overlay-type":"","overlay-color":"","overlay-opacity":"","overlay-gradient":""},"tablet":{"background-color":"","background-image":"","background-repeat":"repeat","background-position":"center center","background-size":"auto","background-attachment":"scroll","background-type":"","background-media":"","overlay-type":"","overlay-color":"","overlay-opacity":"","overlay-gradient":""},"mobile":{"background-color":"","background-image":"","background-repeat":"repeat","background-position":"center center","background-size":"auto","background-attachment":"scroll","background-type":"","background-media":"","overlay-type":"","overlay-color":"","overlay-opacity":"","overlay-gradient":""}},"ast-content-background-meta":{"desktop":{"background-color":"var(--ast-global-color-5)","background-image":"","background-repeat":"repeat","background-position":"center center","background-size":"auto","background-attachment":"scroll","background-type":"","background-media":"","overlay-type":"","overlay-color":"","overlay-opacity":"","overlay-gradient":""},"tablet":{"background-color":"var(--ast-global-color-5)","background-image":"","background-repeat":"repeat","background-position":"center center","background-size":"auto","background-attachment":"scroll","background-type":"","background-media":"","overlay-type":"","overlay-color":"","overlay-opacity":"","overlay-gradient":""},"mobile":{"background-color":"var(--ast-global-color-5)","background-image":"","background-repeat":"repeat","background-position":"center center","background-size":"auto","background-attachment":"scroll","background-type":"","background-media":"","overlay-type":"","overlay-color":"","overlay-opacity":"","overlay-gradient":""}}},"product_brand":[],"product_cat":[42,15],"product_tag":[],"class_list":{"0":"post-861","1":"product","2":"type-product","3":"status-publish","4":"has-post-thumbnail","6":"product_cat-scaune-birou","7":"product_cat-uncategorized","8":"desktop-align-left","9":"tablet-align-left","10":"mobile-align-left","12":"first","13":"instock","14":"shipping-taxable","15":"purchasable","16":"product-type-variable"},"yoast_head":"<!-- This site is optimized with the Yoast SEO plugin v27.2 - https:\/\/yoast.com\/product\/yoast-seo-wordpress\/ -->\n<title>Scaun ergonomic birou DMTT, reglabil \u0219i reclinabil, tetier\u0103 deta\u0219abil\u0103, mesh respirabil, negru -<\/title>\n<meta name=\"description\" content=\"Petreci mult timp la birou? Atunci ai nevoie de un scaun care s\u0103 \u021bin\u0103 pasul cu tine.\u00a0Acest scaun ergonomic ofer\u0103 confort sporit datorit\u0103 \u0219ezutului tapi\u021bat \u0219i designului g\u00e2ndit pentru utilizare de lung\u0103 durat\u0103. Func\u021bia de \u00eenclinare \u00ee\u021bi permite s\u0103 te relaxezi \u00een pauze, astfel \u00eenc\u00e2t s\u0103 \u00ee\u021bi men\u021bii energia pe parcursul \u00eentregii zile.\u00a0Ideal pentru lucru sau studiu, acest model \u00eembin\u0103 perfect confortul cu func\u021bionalitatea.\" \/>\n<meta name=\"robots\" content=\"index, follow, max-snippet:-1, max-image-preview:large, max-video-preview:-1\" \/>\n<link rel=\"canonical\" href=\"https:\/\/dmturbotrading.ro\/index.php\/product\/scaun-ergonomic-birou-dmtt-mesh-tetiera-negru\/\" \/>\n<meta property=\"og:locale\" content=\"en_US\" \/>\n<meta property=\"og:type\" content=\"article\" \/>\n<meta property=\"og:title\" content=\"Scaun ergonomic birou DMTT, reglabil \u0219i reclinabil, tetier\u0103 deta\u0219abil\u0103, mesh respirabil, negru -\" \/>\n<meta property=\"og:description\" content=\"Petreci mult timp la birou? Atunci ai nevoie de un scaun care s\u0103 \u021bin\u0103 pasul cu tine.\u00a0Acest scaun ergonomic ofer\u0103 confort sporit datorit\u0103 \u0219ezutului tapi\u021bat \u0219i designului g\u00e2ndit pentru utilizare de lung\u0103 durat\u0103. Func\u021bia de \u00eenclinare \u00ee\u021bi permite s\u0103 te relaxezi \u00een pauze, astfel \u00eenc\u00e2t s\u0103 \u00ee\u021bi men\u021bii energia pe parcursul \u00eentregii zile.\u00a0Ideal pentru lucru sau studiu, acest model \u00eembin\u0103 perfect confortul cu func\u021bionalitatea.\" \/>\n<meta property=\"og:url\" content=\"https:\/\/dmturbotrading.ro\/index.php\/product\/scaun-ergonomic-birou-dmtt-mesh-tetiera-negru\/\" \/>\n<meta property=\"article:modified_time\" content=\"2026-03-18T14:29:33+00:00\" \/>\n<meta property=\"og:image\" content=\"https:\/\/dmturbotrading.ro\/wp-content\/uploads\/2026\/03\/pp108.jpg\" \/>\n\t<meta property=\"og:image:width\" content=\"1024\" \/>\n\t<meta property=\"og:image:height\" content=\"1024\" \/>\n\t<meta property=\"og:image:type\" content=\"image\/jpeg\" \/>\n<meta name=\"twitter:card\" content=\"summary_large_image\" \/>\n<meta name=\"twitter:label1\" content=\"Est. reading time\" \/>\n\t<meta name=\"twitter:data1\" content=\"2 minutes\" \/>\n<script type=\"application\/ld+json\" class=\"yoast-schema-graph\">{\"@context\":\"https:\/\/schema.org\",\"@graph\":[{\"@type\":\"WebPage\",\"@id\":\"https:\/\/dmturbotrading.ro\/index.php\/product\/scaun-ergonomic-birou-dmtt-mesh-tetiera-negru\/\",\"url\":\"https:\/\/dmturbotrading.ro\/index.php\/product\/scaun-ergonomic-birou-dmtt-mesh-tetiera-negru\/\",\"name\":\"Scaun ergonomic birou DMTT, reglabil \u0219i reclinabil, tetier\u0103 deta\u0219abil\u0103, mesh respirabil, negru -\",\"isPartOf\":{\"@id\":\"https:\/\/dmturbotrading.ro\/#website\"},\"primaryImageOfPage\":{\"@id\":\"https:\/\/dmturbotrading.ro\/index.php\/product\/scaun-ergonomic-birou-dmtt-mesh-tetiera-negru\/#primaryimage\"},\"image\":{\"@id\":\"https:\/\/dmturbotrading.ro\/index.php\/product\/scaun-ergonomic-birou-dmtt-mesh-tetiera-negru\/#primaryimage\"},\"thumbnailUrl\":\"https:\/\/dmturbotrading.ro\/wp-content\/uploads\/2026\/03\/pp108.jpg\",\"datePublished\":\"2026-03-18T14:06:17+00:00\",\"dateModified\":\"2026-03-18T14:29:33+00:00\",\"description\":\"Petreci mult timp la birou? Atunci ai nevoie de un scaun care s\u0103 \u021bin\u0103 pasul cu tine.\u00a0Acest scaun ergonomic ofer\u0103 confort sporit datorit\u0103 \u0219ezutului tapi\u021bat \u0219i designului g\u00e2ndit pentru utilizare de lung\u0103 durat\u0103. Func\u021bia de \u00eenclinare \u00ee\u021bi permite s\u0103 te relaxezi \u00een pauze, astfel \u00eenc\u00e2t s\u0103 \u00ee\u021bi men\u021bii energia pe parcursul \u00eentregii zile.\u00a0Ideal pentru lucru sau studiu, acest model \u00eembin\u0103 perfect confortul cu func\u021bionalitatea.\",\"breadcrumb\":{\"@id\":\"https:\/\/dmturbotrading.ro\/index.php\/product\/scaun-ergonomic-birou-dmtt-mesh-tetiera-negru\/#breadcrumb\"},\"inLanguage\":\"en-US\",\"potentialAction\":[{\"@type\":\"ReadAction\",\"target\":[\"https:\/\/dmturbotrading.ro\/index.php\/product\/scaun-ergonomic-birou-dmtt-mesh-tetiera-negru\/\"]}]},{\"@type\":\"ImageObject\",\"inLanguage\":\"en-US\",\"@id\":\"https:\/\/dmturbotrading.ro\/index.php\/product\/scaun-ergonomic-birou-dmtt-mesh-tetiera-negru\/#primaryimage\",\"url\":\"https:\/\/dmturbotrading.ro\/wp-content\/uploads\/2026\/03\/pp108.jpg\",\"contentUrl\":\"https:\/\/dmturbotrading.ro\/wp-content\/uploads\/2026\/03\/pp108.jpg\",\"width\":1024,\"height\":1024,\"caption\":\"scaun ergonomic tetiera\"},{\"@type\":\"BreadcrumbList\",\"@id\":\"https:\/\/dmturbotrading.ro\/index.php\/product\/scaun-ergonomic-birou-dmtt-mesh-tetiera-negru\/#breadcrumb\",\"itemListElement\":[{\"@type\":\"ListItem\",\"position\":1,\"name\":\"Home\",\"item\":\"https:\/\/dmturbotrading.ro\/\"},{\"@type\":\"ListItem\",\"position\":2,\"name\":\"Shop\",\"item\":\"https:\/\/dmturbotrading.ro\/index.php\/shop\/\"},{\"@type\":\"ListItem\",\"position\":3,\"name\":\"Scaun ergonomic birou DMTT, reglabil \u0219i reclinabil, tetier\u0103 deta\u0219abil\u0103, mesh respirabil, negru\"}]},{\"@type\":\"WebSite\",\"@id\":\"https:\/\/dmturbotrading.ro\/#website\",\"url\":\"https:\/\/dmturbotrading.ro\/\",\"name\":\"\",\"description\":\"\",\"potentialAction\":[{\"@type\":\"SearchAction\",\"target\":{\"@type\":\"EntryPoint\",\"urlTemplate\":\"https:\/\/dmturbotrading.ro\/?s={search_term_string}\"},\"query-input\":{\"@type\":\"PropertyValueSpecification\",\"valueRequired\":true,\"valueName\":\"search_term_string\"}}],\"inLanguage\":\"en-US\"}]}<\/script>\n<!-- \/ Yoast SEO plugin. -->","yoast_head_json":{"title":"Scaun ergonomic birou DMTT, reglabil \u0219i reclinabil, tetier\u0103 deta\u0219abil\u0103, mesh respirabil, negru -","description":"Petreci mult timp la birou? Atunci ai nevoie de un scaun care s\u0103 \u021bin\u0103 pasul cu tine.\u00a0Acest scaun ergonomic ofer\u0103 confort sporit datorit\u0103 \u0219ezutului tapi\u021bat \u0219i designului g\u00e2ndit pentru utilizare de lung\u0103 durat\u0103. Func\u021bia de \u00eenclinare \u00ee\u021bi permite s\u0103 te relaxezi \u00een pauze, astfel \u00eenc\u00e2t s\u0103 \u00ee\u021bi men\u021bii energia pe parcursul \u00eentregii zile.\u00a0Ideal pentru lucru sau studiu, acest model \u00eembin\u0103 perfect confortul cu func\u021bionalitatea.","robots":{"index":"index","follow":"follow","max-snippet":"max-snippet:-1","max-image-preview":"max-image-preview:large","max-video-preview":"max-video-preview:-1"},"canonical":"https:\/\/dmturbotrading.ro\/index.php\/product\/scaun-ergonomic-birou-dmtt-mesh-tetiera-negru\/","og_locale":"en_US","og_type":"article","og_title":"Scaun ergonomic birou DMTT, reglabil \u0219i reclinabil, tetier\u0103 deta\u0219abil\u0103, mesh respirabil, negru -","og_description":"Petreci mult timp la birou? Atunci ai nevoie de un scaun care s\u0103 \u021bin\u0103 pasul cu tine.\u00a0Acest scaun ergonomic ofer\u0103 confort sporit datorit\u0103 \u0219ezutului tapi\u021bat \u0219i designului g\u00e2ndit pentru utilizare de lung\u0103 durat\u0103. Func\u021bia de \u00eenclinare \u00ee\u021bi permite s\u0103 te relaxezi \u00een pauze, astfel \u00eenc\u00e2t s\u0103 \u00ee\u021bi men\u021bii energia pe parcursul \u00eentregii zile.\u00a0Ideal pentru lucru sau studiu, acest model \u00eembin\u0103 perfect confortul cu func\u021bionalitatea.","og_url":"https:\/\/dmturbotrading.ro\/index.php\/product\/scaun-ergonomic-birou-dmtt-mesh-tetiera-negru\/","article_modified_time":"2026-03-18T14:29:33+00:00","og_image":[{"width":1024,"height":1024,"url":"https:\/\/dmturbotrading.ro\/wp-content\/uploads\/2026\/03\/pp108.jpg","type":"image\/jpeg"}],"twitter_card":"summary_large_image","twitter_misc":{"Est. reading time":"2 minutes"},"schema":{"@context":"https:\/\/schema.org","@graph":[{"@type":"WebPage","@id":"https:\/\/dmturbotrading.ro\/index.php\/product\/scaun-ergonomic-birou-dmtt-mesh-tetiera-negru\/","url":"https:\/\/dmturbotrading.ro\/index.php\/product\/scaun-ergonomic-birou-dmtt-mesh-tetiera-negru\/","name":"Scaun ergonomic birou DMTT, reglabil \u0219i reclinabil, tetier\u0103 deta\u0219abil\u0103, mesh respirabil, negru -","isPartOf":{"@id":"https:\/\/dmturbotrading.ro\/#website"},"primaryImageOfPage":{"@id":"https:\/\/dmturbotrading.ro\/index.php\/product\/scaun-ergonomic-birou-dmtt-mesh-tetiera-negru\/#primaryimage"},"image":{"@id":"https:\/\/dmturbotrading.ro\/index.php\/product\/scaun-ergonomic-birou-dmtt-mesh-tetiera-negru\/#primaryimage"},"thumbnailUrl":"https:\/\/dmturbotrading.ro\/wp-content\/uploads\/2026\/03\/pp108.jpg","datePublished":"2026-03-18T14:06:17+00:00","dateModified":"2026-03-18T14:29:33+00:00","description":"Petreci mult timp la birou? Atunci ai nevoie de un scaun care s\u0103 \u021bin\u0103 pasul cu tine.\u00a0Acest scaun ergonomic ofer\u0103 confort sporit datorit\u0103 \u0219ezutului tapi\u021bat \u0219i designului g\u00e2ndit pentru utilizare de lung\u0103 durat\u0103. Func\u021bia de \u00eenclinare \u00ee\u021bi permite s\u0103 te relaxezi \u00een pauze, astfel \u00eenc\u00e2t s\u0103 \u00ee\u021bi men\u021bii energia pe parcursul \u00eentregii zile.\u00a0Ideal pentru lucru sau studiu, acest model \u00eembin\u0103 perfect confortul cu func\u021bionalitatea.","breadcrumb":{"@id":"https:\/\/dmturbotrading.ro\/index.php\/product\/scaun-ergonomic-birou-dmtt-mesh-tetiera-negru\/#breadcrumb"},"inLanguage":"en-US","potentialAction":[{"@type":"ReadAction","target":["https:\/\/dmturbotrading.ro\/index.php\/product\/scaun-ergonomic-birou-dmtt-mesh-tetiera-negru\/"]}]},{"@type":"ImageObject","inLanguage":"en-US","@id":"https:\/\/dmturbotrading.ro\/index.php\/product\/scaun-ergonomic-birou-dmtt-mesh-tetiera-negru\/#primaryimage","url":"https:\/\/dmturbotrading.ro\/wp-content\/uploads\/2026\/03\/pp108.jpg","contentUrl":"https:\/\/dmturbotrading.ro\/wp-content\/uploads\/2026\/03\/pp108.jpg","width":1024,"height":1024,"caption":"scaun ergonomic tetiera"},{"@type":"BreadcrumbList","@id":"https:\/\/dmturbotrading.ro\/index.php\/product\/scaun-ergonomic-birou-dmtt-mesh-tetiera-negru\/#breadcrumb","itemListElement":[{"@type":"ListItem","position":1,"name":"Home","item":"https:\/\/dmturbotrading.ro\/"},{"@type":"ListItem","position":2,"name":"Shop","item":"https:\/\/dmturbotrading.ro\/index.php\/shop\/"},{"@type":"ListItem","position":3,"name":"Scaun ergonomic birou DMTT, reglabil \u0219i reclinabil, tetier\u0103 deta\u0219abil\u0103, mesh respirabil, negru"}]},{"@type":"WebSite","@id":"https:\/\/dmturbotrading.ro\/#website","url":"https:\/\/dmturbotrading.ro\/","name":"","description":"","potentialAction":[{"@type":"SearchAction","target":{"@type":"EntryPoint","urlTemplate":"https:\/\/dmturbotrading.ro\/?s={search_term_string}"},"query-input":{"@type":"PropertyValueSpecification","valueRequired":true,"valueName":"search_term_string"}}],"inLanguage":"en-US"}]}},"uagb_featured_image_src":{"full":["https:\/\/dmturbotrading.ro\/wp-content\/uploads\/2026\/03\/pp108.jpg",1024,1024,false],"thumbnail":["https:\/\/dmturbotrading.ro\/wp-content\/uploads\/2026\/03\/pp108.jpg",150,150,false],"medium":["https:\/\/dmturbotrading.ro\/wp-content\/uploads\/2026\/03\/pp108.jpg",300,300,false],"medium_large":["https:\/\/dmturbotrading.ro\/wp-content\/uploads\/2026\/03\/pp108.jpg",768,768,false],"large":["https:\/\/dmturbotrading.ro\/wp-content\/uploads\/2026\/03\/pp108.jpg",1024,1024,false],"1536x1536":["https:\/\/dmturbotrading.ro\/wp-content\/uploads\/2026\/03\/pp108.jpg",1024,1024,false],"2048x2048":["https:\/\/dmturbotrading.ro\/wp-content\/uploads\/2026\/03\/pp108.jpg",1024,1024,false],"woocommerce_thumbnail":["https:\/\/dmturbotrading.ro\/wp-content\/uploads\/2026\/03\/pp108.jpg",300,300,false],"woocommerce_single":["https:\/\/dmturbotrading.ro\/wp-content\/uploads\/2026\/03\/pp108.jpg",600,600,false],"woocommerce_gallery_thumbnail":["https:\/\/dmturbotrading.ro\/wp-content\/uploads\/2026\/03\/pp108.jpg",100,100,false]},"uagb_author_info":{"display_name":"admin","author_link":"https:\/\/dmturbotrading.ro\/index.php\/author\/"},"uagb_comment_info":0,"uagb_excerpt":"Scaun ergonomic birou DMTT, reglabil \u0219i reclinabil, tetier\u0103 deta\u0219abil\u0103, mesh respirabil, negru Petreci mult timp la birou? Atunci ai nevoie [&hellip;]","_links":{"self":[{"href":"https:\/\/dmturbotrading.ro\/index.php\/wp-json\/wp\/v2\/product\/861","targetHints":{"allow":["GET"]}}],"collection":[{"href":"https:\/\/dmturbotrading.ro\/index.php\/wp-json\/wp\/v2\/product"}],"about":[{"href":"https:\/\/dmturbotrading.ro\/index.php\/wp-json\/wp\/v2\/types\/product"}],"wp:featuredmedia":[{"embeddable":true,"href":"https:\/\/dmturbotrading.ro\/index.php\/wp-json\/wp\/v2\/media\/864"}],"wp:attachment":[{"href":"https:\/\/dmturbotrading.ro\/index.php\/wp-json\/wp\/v2\/media?parent=861"}],"wp:term":[{"taxonomy":"product_brand","embeddable":true,"href":"https:\/\/dmturbotrading.ro\/index.php\/wp-json\/wp\/v2\/product_brand?post=861"},{"taxonomy":"product_cat","embeddable":true,"href":"https:\/\/dmturbotrading.ro\/index.php\/wp-json\/wp\/v2\/product_cat?post=861"},{"taxonomy":"product_tag","embeddable":true,"href":"https:\/\/dmturbotrading.ro\/index.php\/wp-json\/wp\/v2\/product_tag?post=861"}],"curies":[{"name":"wp","href":"https:\/\/api.w.org\/{rel}","templated":true}]}}