{"id":875,"date":"2026-03-18T14:43:02","date_gmt":"2026-03-18T14:43:02","guid":{"rendered":"https:\/\/dmturbotrading.ro\/?post_type=product&#038;p=875"},"modified":"2026-03-18T14:47:08","modified_gmt":"2026-03-18T14:47:08","slug":"scaun-rotativ-birou-dmt-piele-ecologica-reglabil-pe-inaltime-design-modern-manere-alb","status":"publish","type":"product","link":"https:\/\/dmturbotrading.ro\/index.php\/product\/scaun-rotativ-birou-dmt-piele-ecologica-reglabil-pe-inaltime-design-modern-manere-alb\/","title":{"rendered":"Scaun rotativ birou DMT, piele ecologic\u0103, reglabil pe \u00een\u0103l\u021bime, design modern manere, alb"},"content":{"rendered":"<h2 data-path-to-node=\"2\">Scaun rotativ birou DMT, piele ecologic\u0103, reglabil pe \u00een\u0103l\u021bime, design modern manere, alb<\/h2>\n<p data-start=\"117\" data-end=\"353\">Acest scaun de birou \u00eembin\u0103 confortul cu un design modern, fiind potrivit pentru utilizarea zilnic\u0103. Tapi\u021beria alb\u0103, realizat\u0103 din material moale \u0219i c\u0103ptu\u0219it\u0103 cu spum\u0103, ofer\u0103 o experien\u021b\u0103 pl\u0103cut\u0103 chiar \u0219i \u00een sesiuni de lucru prelungite.\u00a0Reglajul pe \u00een\u0103l\u021bime permite adaptarea u\u0219oar\u0103 la diferite tipuri de birou, iar baza cu ro\u021bi pivotante asigur\u0103 libertate de mi\u0219care \u0219i flexibilitate. O alegere practic\u0103 \u0219i elegant\u0103 pentru orice spa\u021biu de lucru, fie acas\u0103, fie la birou.<\/p>\n<p><strong>Caracteristici:<\/strong><\/p>\n<ul>\n<li>Scaun rotativ cu bra\u021be cu un design clasic \u0219i modern, se potrive\u0219te \u00een orice \u00eenc\u0103pere a casei sau a biroului<\/li>\n<li>\u0218ezut confortabil datorit\u0103 capitonajului moale \u0219i gros<\/li>\n<li>\u00cembr\u0103cat \u00een piele PU rezistent\u0103 \u0219i durabil\u0103, u\u0219or de cur\u0103\u021bat<\/li>\n<li>Structur\u0103 robust\u0103 \u0219i solid\u0103 realizat\u0103 din fier zincat<\/li>\n<li>Baza stea cu 5 ro\u021bi antiderapante asigur\u0103 stabilitate maxim\u0103 \u0219i o mi\u0219care u\u0219oar\u0103 a acestui scaun de birou<\/li>\n<li>Asamblare u\u0219oar\u0103 \u0219i rapid\u0103<\/li>\n<\/ul>\n<p><strong style=\"font-size: 16px;\"><b>Date tehnice<\/b><\/strong><\/p>\n<ul>\n<li>Culoare: Alb<\/li>\n<li>Material: PU, fier zincat<\/li>\n<li>Dimensiune: 52,5x54x84-99 cm<\/li>\n<li>Suprafa\u021ba \u0219ezutului: 45&#215;39 cm<\/li>\n<li>\u00cen\u0103l\u021bimea \u0219ezutului: 50-65cm<\/li>\n<li>Dimensiunea sp\u0103tarului: (42-44)x42 cm<\/li>\n<li>Capitonaj \u0219ezut: burete 24D, grosime: 6,5 cm<\/li>\n<li>Capitonaj sp\u0103tar: burete 20D, grosime: 6,5 cm<\/li>\n<li>Greutate maxim\u0103 suportat\u0103: 120kg<\/li>\n<\/ul>\n<p><strong style=\"font-size: 16px;\"><b>Continutul pachetului<\/b><\/strong><\/p>\n<ul>\n<li>1 x Scaun birou<\/li>\n<li>1 x Manual de instruc\u021biuni<\/li>\n<\/ul>\n<p>Produs din gama produc\u0103torilor interna\u021bionali de mobilier office, distribuit de DM Turbo Trading.<\/p>\n","protected":false},"excerpt":{"rendered":"<p>Scaun rotativ birou DMT, piele ecologic\u0103, reglabil pe \u00een\u0103l\u021bime, design modern manere, alb Acest scaun de birou \u00eembin\u0103 confortul cu [&hellip;]<\/p>\n","protected":false},"featured_media":876,"template":"","meta":{"_uag_custom_page_level_css":"","site-sidebar-layout":"default","site-content-layout":"","ast-site-content-layout":"default","site-content-style":"default","site-sidebar-style":"default","ast-global-header-display":"","ast-banner-title-visibility":"","ast-main-header-display":"","ast-hfb-above-header-display":"","ast-hfb-below-header-display":"","ast-hfb-mobile-header-display":"","site-post-title":"","ast-breadcrumbs-content":"","ast-featured-img":"","footer-sml-layout":"","ast-disable-related-posts":"","theme-transparent-header-meta":"default","adv-header-id-meta":"","stick-header-meta":"","header-above-stick-meta":"","header-main-stick-meta":"","header-below-stick-meta":"","astra-migrate-meta-layouts":"set","ast-page-background-enabled":"default","ast-page-background-meta":{"desktop":{"background-color":"var(--ast-global-color-4)","background-image":"","background-repeat":"repeat","background-position":"center center","background-size":"auto","background-attachment":"scroll","background-type":"","background-media":"","overlay-type":"","overlay-color":"","overlay-opacity":"","overlay-gradient":""},"tablet":{"background-color":"","background-image":"","background-repeat":"repeat","background-position":"center center","background-size":"auto","background-attachment":"scroll","background-type":"","background-media":"","overlay-type":"","overlay-color":"","overlay-opacity":"","overlay-gradient":""},"mobile":{"background-color":"","background-image":"","background-repeat":"repeat","background-position":"center center","background-size":"auto","background-attachment":"scroll","background-type":"","background-media":"","overlay-type":"","overlay-color":"","overlay-opacity":"","overlay-gradient":""}},"ast-content-background-meta":{"desktop":{"background-color":"var(--ast-global-color-5)","background-image":"","background-repeat":"repeat","background-position":"center center","background-size":"auto","background-attachment":"scroll","background-type":"","background-media":"","overlay-type":"","overlay-color":"","overlay-opacity":"","overlay-gradient":""},"tablet":{"background-color":"var(--ast-global-color-5)","background-image":"","background-repeat":"repeat","background-position":"center center","background-size":"auto","background-attachment":"scroll","background-type":"","background-media":"","overlay-type":"","overlay-color":"","overlay-opacity":"","overlay-gradient":""},"mobile":{"background-color":"var(--ast-global-color-5)","background-image":"","background-repeat":"repeat","background-position":"center center","background-size":"auto","background-attachment":"scroll","background-type":"","background-media":"","overlay-type":"","overlay-color":"","overlay-opacity":"","overlay-gradient":""}}},"product_brand":[],"product_cat":[42,15],"product_tag":[],"class_list":{"0":"post-875","1":"product","2":"type-product","3":"status-publish","4":"has-post-thumbnail","6":"product_cat-scaune-birou","7":"product_cat-uncategorized","8":"desktop-align-left","9":"tablet-align-left","10":"mobile-align-left","12":"first","13":"instock","14":"shipping-taxable","15":"purchasable","16":"product-type-simple"},"yoast_head":"<!-- This site is optimized with the Yoast SEO plugin v27.2 - https:\/\/yoast.com\/product\/yoast-seo-wordpress\/ -->\n<title>Scaun rotativ birou DMT, piele ecologic\u0103, reglabil pe \u00een\u0103l\u021bime, design modern manere, alb -<\/title>\n<meta name=\"description\" content=\"Acest scaun de birou \u00eembin\u0103 confortul cu un design modern, fiind potrivit pentru utilizarea zilnic\u0103. Tapi\u021beria alb\u0103, realizat\u0103 din material moale \u0219i c\u0103ptu\u0219it\u0103 cu spum\u0103, ofer\u0103 o experien\u021b\u0103 pl\u0103cut\u0103 chiar \u0219i \u00een sesiuni de lucru prelungite.\u00a0Reglajul pe \u00een\u0103l\u021bime permite adaptarea u\u0219oar\u0103 la diferite tipuri de birou, iar baza cu ro\u021bi pivotante asigur\u0103 libertate de mi\u0219care \u0219i flexibilitate. O alegere practic\u0103 \u0219i elegant\u0103 pentru orice spa\u021biu de lucru, fie acas\u0103, fie la birou.\" \/>\n<meta name=\"robots\" content=\"index, follow, max-snippet:-1, max-image-preview:large, max-video-preview:-1\" \/>\n<link rel=\"canonical\" href=\"https:\/\/dmturbotrading.ro\/index.php\/product\/scaun-rotativ-birou-dmt-piele-ecologica-reglabil-pe-inaltime-design-modern-manere-alb\/\" \/>\n<meta property=\"og:locale\" content=\"en_US\" \/>\n<meta property=\"og:type\" content=\"article\" \/>\n<meta property=\"og:title\" content=\"Scaun rotativ birou DMT, piele ecologic\u0103, reglabil pe \u00een\u0103l\u021bime, design modern manere, alb -\" \/>\n<meta property=\"og:description\" content=\"Acest scaun de birou \u00eembin\u0103 confortul cu un design modern, fiind potrivit pentru utilizarea zilnic\u0103. Tapi\u021beria alb\u0103, realizat\u0103 din material moale \u0219i c\u0103ptu\u0219it\u0103 cu spum\u0103, ofer\u0103 o experien\u021b\u0103 pl\u0103cut\u0103 chiar \u0219i \u00een sesiuni de lucru prelungite.\u00a0Reglajul pe \u00een\u0103l\u021bime permite adaptarea u\u0219oar\u0103 la diferite tipuri de birou, iar baza cu ro\u021bi pivotante asigur\u0103 libertate de mi\u0219care \u0219i flexibilitate. O alegere practic\u0103 \u0219i elegant\u0103 pentru orice spa\u021biu de lucru, fie acas\u0103, fie la birou.\" \/>\n<meta property=\"og:url\" content=\"https:\/\/dmturbotrading.ro\/index.php\/product\/scaun-rotativ-birou-dmt-piele-ecologica-reglabil-pe-inaltime-design-modern-manere-alb\/\" \/>\n<meta property=\"article:modified_time\" content=\"2026-03-18T14:47:08+00:00\" \/>\n<meta property=\"og:image\" content=\"https:\/\/dmturbotrading.ro\/wp-content\/uploads\/2026\/03\/pp114.jpg\" \/>\n\t<meta property=\"og:image:width\" content=\"1024\" \/>\n\t<meta property=\"og:image:height\" content=\"1024\" \/>\n\t<meta property=\"og:image:type\" content=\"image\/jpeg\" \/>\n<meta name=\"twitter:card\" content=\"summary_large_image\" \/>\n<meta name=\"twitter:label1\" content=\"Est. reading time\" \/>\n\t<meta name=\"twitter:data1\" content=\"2 minutes\" \/>\n<script type=\"application\/ld+json\" class=\"yoast-schema-graph\">{\"@context\":\"https:\/\/schema.org\",\"@graph\":[{\"@type\":\"WebPage\",\"@id\":\"https:\/\/dmturbotrading.ro\/index.php\/product\/scaun-rotativ-birou-dmt-piele-ecologica-reglabil-pe-inaltime-design-modern-manere-alb\/\",\"url\":\"https:\/\/dmturbotrading.ro\/index.php\/product\/scaun-rotativ-birou-dmt-piele-ecologica-reglabil-pe-inaltime-design-modern-manere-alb\/\",\"name\":\"Scaun rotativ birou DMT, piele ecologic\u0103, reglabil pe \u00een\u0103l\u021bime, design modern manere, alb -\",\"isPartOf\":{\"@id\":\"https:\/\/dmturbotrading.ro\/#website\"},\"primaryImageOfPage\":{\"@id\":\"https:\/\/dmturbotrading.ro\/index.php\/product\/scaun-rotativ-birou-dmt-piele-ecologica-reglabil-pe-inaltime-design-modern-manere-alb\/#primaryimage\"},\"image\":{\"@id\":\"https:\/\/dmturbotrading.ro\/index.php\/product\/scaun-rotativ-birou-dmt-piele-ecologica-reglabil-pe-inaltime-design-modern-manere-alb\/#primaryimage\"},\"thumbnailUrl\":\"https:\/\/dmturbotrading.ro\/wp-content\/uploads\/2026\/03\/pp114.jpg\",\"datePublished\":\"2026-03-18T14:43:02+00:00\",\"dateModified\":\"2026-03-18T14:47:08+00:00\",\"description\":\"Acest scaun de birou \u00eembin\u0103 confortul cu un design modern, fiind potrivit pentru utilizarea zilnic\u0103. Tapi\u021beria alb\u0103, realizat\u0103 din material moale \u0219i c\u0103ptu\u0219it\u0103 cu spum\u0103, ofer\u0103 o experien\u021b\u0103 pl\u0103cut\u0103 chiar \u0219i \u00een sesiuni de lucru prelungite.\u00a0Reglajul pe \u00een\u0103l\u021bime permite adaptarea u\u0219oar\u0103 la diferite tipuri de birou, iar baza cu ro\u021bi pivotante asigur\u0103 libertate de mi\u0219care \u0219i flexibilitate. O alegere practic\u0103 \u0219i elegant\u0103 pentru orice spa\u021biu de lucru, fie acas\u0103, fie la birou.\",\"breadcrumb\":{\"@id\":\"https:\/\/dmturbotrading.ro\/index.php\/product\/scaun-rotativ-birou-dmt-piele-ecologica-reglabil-pe-inaltime-design-modern-manere-alb\/#breadcrumb\"},\"inLanguage\":\"en-US\",\"potentialAction\":[{\"@type\":\"ReadAction\",\"target\":[\"https:\/\/dmturbotrading.ro\/index.php\/product\/scaun-rotativ-birou-dmt-piele-ecologica-reglabil-pe-inaltime-design-modern-manere-alb\/\"]}]},{\"@type\":\"ImageObject\",\"inLanguage\":\"en-US\",\"@id\":\"https:\/\/dmturbotrading.ro\/index.php\/product\/scaun-rotativ-birou-dmt-piele-ecologica-reglabil-pe-inaltime-design-modern-manere-alb\/#primaryimage\",\"url\":\"https:\/\/dmturbotrading.ro\/wp-content\/uploads\/2026\/03\/pp114.jpg\",\"contentUrl\":\"https:\/\/dmturbotrading.ro\/wp-content\/uploads\/2026\/03\/pp114.jpg\",\"width\":1024,\"height\":1024,\"caption\":\"scaun ergonomic alb\"},{\"@type\":\"BreadcrumbList\",\"@id\":\"https:\/\/dmturbotrading.ro\/index.php\/product\/scaun-rotativ-birou-dmt-piele-ecologica-reglabil-pe-inaltime-design-modern-manere-alb\/#breadcrumb\",\"itemListElement\":[{\"@type\":\"ListItem\",\"position\":1,\"name\":\"Home\",\"item\":\"https:\/\/dmturbotrading.ro\/\"},{\"@type\":\"ListItem\",\"position\":2,\"name\":\"Shop\",\"item\":\"https:\/\/dmturbotrading.ro\/index.php\/shop\/\"},{\"@type\":\"ListItem\",\"position\":3,\"name\":\"Scaun rotativ birou DMT, piele ecologic\u0103, reglabil pe \u00een\u0103l\u021bime, design modern manere, alb\"}]},{\"@type\":\"WebSite\",\"@id\":\"https:\/\/dmturbotrading.ro\/#website\",\"url\":\"https:\/\/dmturbotrading.ro\/\",\"name\":\"\",\"description\":\"\",\"potentialAction\":[{\"@type\":\"SearchAction\",\"target\":{\"@type\":\"EntryPoint\",\"urlTemplate\":\"https:\/\/dmturbotrading.ro\/?s={search_term_string}\"},\"query-input\":{\"@type\":\"PropertyValueSpecification\",\"valueRequired\":true,\"valueName\":\"search_term_string\"}}],\"inLanguage\":\"en-US\"}]}<\/script>\n<!-- \/ Yoast SEO plugin. -->","yoast_head_json":{"title":"Scaun rotativ birou DMT, piele ecologic\u0103, reglabil pe \u00een\u0103l\u021bime, design modern manere, alb -","description":"Acest scaun de birou \u00eembin\u0103 confortul cu un design modern, fiind potrivit pentru utilizarea zilnic\u0103. Tapi\u021beria alb\u0103, realizat\u0103 din material moale \u0219i c\u0103ptu\u0219it\u0103 cu spum\u0103, ofer\u0103 o experien\u021b\u0103 pl\u0103cut\u0103 chiar \u0219i \u00een sesiuni de lucru prelungite.\u00a0Reglajul pe \u00een\u0103l\u021bime permite adaptarea u\u0219oar\u0103 la diferite tipuri de birou, iar baza cu ro\u021bi pivotante asigur\u0103 libertate de mi\u0219care \u0219i flexibilitate. O alegere practic\u0103 \u0219i elegant\u0103 pentru orice spa\u021biu de lucru, fie acas\u0103, fie la birou.","robots":{"index":"index","follow":"follow","max-snippet":"max-snippet:-1","max-image-preview":"max-image-preview:large","max-video-preview":"max-video-preview:-1"},"canonical":"https:\/\/dmturbotrading.ro\/index.php\/product\/scaun-rotativ-birou-dmt-piele-ecologica-reglabil-pe-inaltime-design-modern-manere-alb\/","og_locale":"en_US","og_type":"article","og_title":"Scaun rotativ birou DMT, piele ecologic\u0103, reglabil pe \u00een\u0103l\u021bime, design modern manere, alb -","og_description":"Acest scaun de birou \u00eembin\u0103 confortul cu un design modern, fiind potrivit pentru utilizarea zilnic\u0103. Tapi\u021beria alb\u0103, realizat\u0103 din material moale \u0219i c\u0103ptu\u0219it\u0103 cu spum\u0103, ofer\u0103 o experien\u021b\u0103 pl\u0103cut\u0103 chiar \u0219i \u00een sesiuni de lucru prelungite.\u00a0Reglajul pe \u00een\u0103l\u021bime permite adaptarea u\u0219oar\u0103 la diferite tipuri de birou, iar baza cu ro\u021bi pivotante asigur\u0103 libertate de mi\u0219care \u0219i flexibilitate. O alegere practic\u0103 \u0219i elegant\u0103 pentru orice spa\u021biu de lucru, fie acas\u0103, fie la birou.","og_url":"https:\/\/dmturbotrading.ro\/index.php\/product\/scaun-rotativ-birou-dmt-piele-ecologica-reglabil-pe-inaltime-design-modern-manere-alb\/","article_modified_time":"2026-03-18T14:47:08+00:00","og_image":[{"width":1024,"height":1024,"url":"https:\/\/dmturbotrading.ro\/wp-content\/uploads\/2026\/03\/pp114.jpg","type":"image\/jpeg"}],"twitter_card":"summary_large_image","twitter_misc":{"Est. reading time":"2 minutes"},"schema":{"@context":"https:\/\/schema.org","@graph":[{"@type":"WebPage","@id":"https:\/\/dmturbotrading.ro\/index.php\/product\/scaun-rotativ-birou-dmt-piele-ecologica-reglabil-pe-inaltime-design-modern-manere-alb\/","url":"https:\/\/dmturbotrading.ro\/index.php\/product\/scaun-rotativ-birou-dmt-piele-ecologica-reglabil-pe-inaltime-design-modern-manere-alb\/","name":"Scaun rotativ birou DMT, piele ecologic\u0103, reglabil pe \u00een\u0103l\u021bime, design modern manere, alb -","isPartOf":{"@id":"https:\/\/dmturbotrading.ro\/#website"},"primaryImageOfPage":{"@id":"https:\/\/dmturbotrading.ro\/index.php\/product\/scaun-rotativ-birou-dmt-piele-ecologica-reglabil-pe-inaltime-design-modern-manere-alb\/#primaryimage"},"image":{"@id":"https:\/\/dmturbotrading.ro\/index.php\/product\/scaun-rotativ-birou-dmt-piele-ecologica-reglabil-pe-inaltime-design-modern-manere-alb\/#primaryimage"},"thumbnailUrl":"https:\/\/dmturbotrading.ro\/wp-content\/uploads\/2026\/03\/pp114.jpg","datePublished":"2026-03-18T14:43:02+00:00","dateModified":"2026-03-18T14:47:08+00:00","description":"Acest scaun de birou \u00eembin\u0103 confortul cu un design modern, fiind potrivit pentru utilizarea zilnic\u0103. Tapi\u021beria alb\u0103, realizat\u0103 din material moale \u0219i c\u0103ptu\u0219it\u0103 cu spum\u0103, ofer\u0103 o experien\u021b\u0103 pl\u0103cut\u0103 chiar \u0219i \u00een sesiuni de lucru prelungite.\u00a0Reglajul pe \u00een\u0103l\u021bime permite adaptarea u\u0219oar\u0103 la diferite tipuri de birou, iar baza cu ro\u021bi pivotante asigur\u0103 libertate de mi\u0219care \u0219i flexibilitate. O alegere practic\u0103 \u0219i elegant\u0103 pentru orice spa\u021biu de lucru, fie acas\u0103, fie la birou.","breadcrumb":{"@id":"https:\/\/dmturbotrading.ro\/index.php\/product\/scaun-rotativ-birou-dmt-piele-ecologica-reglabil-pe-inaltime-design-modern-manere-alb\/#breadcrumb"},"inLanguage":"en-US","potentialAction":[{"@type":"ReadAction","target":["https:\/\/dmturbotrading.ro\/index.php\/product\/scaun-rotativ-birou-dmt-piele-ecologica-reglabil-pe-inaltime-design-modern-manere-alb\/"]}]},{"@type":"ImageObject","inLanguage":"en-US","@id":"https:\/\/dmturbotrading.ro\/index.php\/product\/scaun-rotativ-birou-dmt-piele-ecologica-reglabil-pe-inaltime-design-modern-manere-alb\/#primaryimage","url":"https:\/\/dmturbotrading.ro\/wp-content\/uploads\/2026\/03\/pp114.jpg","contentUrl":"https:\/\/dmturbotrading.ro\/wp-content\/uploads\/2026\/03\/pp114.jpg","width":1024,"height":1024,"caption":"scaun ergonomic alb"},{"@type":"BreadcrumbList","@id":"https:\/\/dmturbotrading.ro\/index.php\/product\/scaun-rotativ-birou-dmt-piele-ecologica-reglabil-pe-inaltime-design-modern-manere-alb\/#breadcrumb","itemListElement":[{"@type":"ListItem","position":1,"name":"Home","item":"https:\/\/dmturbotrading.ro\/"},{"@type":"ListItem","position":2,"name":"Shop","item":"https:\/\/dmturbotrading.ro\/index.php\/shop\/"},{"@type":"ListItem","position":3,"name":"Scaun rotativ birou DMT, piele ecologic\u0103, reglabil pe \u00een\u0103l\u021bime, design modern manere, alb"}]},{"@type":"WebSite","@id":"https:\/\/dmturbotrading.ro\/#website","url":"https:\/\/dmturbotrading.ro\/","name":"","description":"","potentialAction":[{"@type":"SearchAction","target":{"@type":"EntryPoint","urlTemplate":"https:\/\/dmturbotrading.ro\/?s={search_term_string}"},"query-input":{"@type":"PropertyValueSpecification","valueRequired":true,"valueName":"search_term_string"}}],"inLanguage":"en-US"}]}},"uagb_featured_image_src":{"full":["https:\/\/dmturbotrading.ro\/wp-content\/uploads\/2026\/03\/pp114.jpg",1024,1024,false],"thumbnail":["https:\/\/dmturbotrading.ro\/wp-content\/uploads\/2026\/03\/pp114.jpg",150,150,false],"medium":["https:\/\/dmturbotrading.ro\/wp-content\/uploads\/2026\/03\/pp114.jpg",300,300,false],"medium_large":["https:\/\/dmturbotrading.ro\/wp-content\/uploads\/2026\/03\/pp114.jpg",768,768,false],"large":["https:\/\/dmturbotrading.ro\/wp-content\/uploads\/2026\/03\/pp114.jpg",1024,1024,false],"1536x1536":["https:\/\/dmturbotrading.ro\/wp-content\/uploads\/2026\/03\/pp114.jpg",1024,1024,false],"2048x2048":["https:\/\/dmturbotrading.ro\/wp-content\/uploads\/2026\/03\/pp114.jpg",1024,1024,false],"woocommerce_thumbnail":["https:\/\/dmturbotrading.ro\/wp-content\/uploads\/2026\/03\/pp114.jpg",300,300,false],"woocommerce_single":["https:\/\/dmturbotrading.ro\/wp-content\/uploads\/2026\/03\/pp114.jpg",600,600,false],"woocommerce_gallery_thumbnail":["https:\/\/dmturbotrading.ro\/wp-content\/uploads\/2026\/03\/pp114.jpg",100,100,false]},"uagb_author_info":{"display_name":"admin","author_link":"https:\/\/dmturbotrading.ro\/index.php\/author\/"},"uagb_comment_info":0,"uagb_excerpt":"Scaun rotativ birou DMT, piele ecologic\u0103, reglabil pe \u00een\u0103l\u021bime, design modern manere, alb Acest scaun de birou \u00eembin\u0103 confortul cu [&hellip;]","_links":{"self":[{"href":"https:\/\/dmturbotrading.ro\/index.php\/wp-json\/wp\/v2\/product\/875","targetHints":{"allow":["GET"]}}],"collection":[{"href":"https:\/\/dmturbotrading.ro\/index.php\/wp-json\/wp\/v2\/product"}],"about":[{"href":"https:\/\/dmturbotrading.ro\/index.php\/wp-json\/wp\/v2\/types\/product"}],"wp:featuredmedia":[{"embeddable":true,"href":"https:\/\/dmturbotrading.ro\/index.php\/wp-json\/wp\/v2\/media\/876"}],"wp:attachment":[{"href":"https:\/\/dmturbotrading.ro\/index.php\/wp-json\/wp\/v2\/media?parent=875"}],"wp:term":[{"taxonomy":"product_brand","embeddable":true,"href":"https:\/\/dmturbotrading.ro\/index.php\/wp-json\/wp\/v2\/product_brand?post=875"},{"taxonomy":"product_cat","embeddable":true,"href":"https:\/\/dmturbotrading.ro\/index.php\/wp-json\/wp\/v2\/product_cat?post=875"},{"taxonomy":"product_tag","embeddable":true,"href":"https:\/\/dmturbotrading.ro\/index.php\/wp-json\/wp\/v2\/product_tag?post=875"}],"curies":[{"name":"wp","href":"https:\/\/api.w.org\/{rel}","templated":true}]}}