{"id":878,"date":"2026-03-18T14:48:19","date_gmt":"2026-03-18T14:48:19","guid":{"rendered":"https:\/\/dmturbotrading.ro\/?post_type=product&#038;p=878"},"modified":"2026-03-18T14:55:06","modified_gmt":"2026-03-18T14:55:06","slug":"scaun-rotativ-birou-dmt-mesh-repirabil-gri","status":"publish","type":"product","link":"https:\/\/dmturbotrading.ro\/index.php\/product\/scaun-rotativ-birou-dmt-mesh-repirabil-gri\/","title":{"rendered":"Scaun ergonomic birou DMT, mesh respirabil, reglabil, rotire 360\u00b0, gri"},"content":{"rendered":"<h2 data-path-to-node=\"2\">Scaun ergonomic birou DMT, mesh respirabil, reglabil, rotire 360\u00b0, gri<\/h2>\n<p data-start=\"119\" data-end=\"358\">Bucur\u0103-te de confort chiar \u0219i dup\u0103 ore \u00eentregi de lucru cu acest scaun ergonomic realizat din mesh respirabil. Designul curbat ofer\u0103 sus\u021binere adecvat\u0103 coloanei vertebrale, contribuind la reducerea tensiunii din zona lombar\u0103 \u0219i a oboselii.\u00a0Reglajul pe \u00een\u0103l\u021bime \u0219i func\u021bia de rotire la 360\u00b0 \u00ee\u021bi ofer\u0103 flexibilitate \u0219i libertate de mi\u0219care, adapt\u00e2ndu-se u\u0219or nevoilor tale. Baza stabil\u0103, prev\u0103zut\u0103 cu ro\u021bi silen\u021bioase, asigur\u0103 deplasare lin\u0103 pe orice tip de pardoseal\u0103.\u00a0Ideal pentru birou, home office sau studiu, acest scaun combin\u0103 eficient confortul, func\u021bionalitatea \u0219i un design modern.<\/p>\n<p><strong>Caracteristici:<\/strong><\/p>\n<ul>\n<li>Scaun de birou ideal la moda pentru utilizare la birou sau in studio.<\/li>\n<li>Reprezinta o combinatie perfecta intre culoarea gri si alb si se adapteaza la orice mediu de amenajare.<\/li>\n<li>Fabricat din tesatura din plasa de inalta calitate, care este foarte durabila si respirabil.<\/li>\n<li>Captusit cu burete cu elasticitate buna pentru un confort maxim.<\/li>\n<li>Va permite sa va relaxati complet spatele cu ajutorul spatarului sau inalt.<\/li>\n<li>Piedestalul transversal echipat cu 5 roti din nailon protejeaza podeaua de zgarieturi.<\/li>\n<li>Pivotant la 360 \u00b0 si usor de deplasat oriunde ai nevoie.<\/li>\n<li>Inaltimea scaunului este reglabila prin intermediul pistonului piston cu gaz.<\/li>\n<li>Piston cu gaz certificat de SGS si BIFMA.<\/li>\n<\/ul>\n<p><strong style=\"font-size: 16px;\"><b>Date tehnice<\/b><\/strong><\/p>\n<ul>\n<li>Culoare: Gri, alb<\/li>\n<li>Material: tesatura din plasa, burete, lemn<\/li>\n<li>Dimensiune: 63 x 63 x 117-127cm<\/li>\n<li>Suprafata scaunului: 50 x 45 x 7cm<\/li>\n<li>Inaltime scaun: 49cm &#8211; Inaltimea cotierelor de la sol: de la 66,5 la 76,5 cm<\/li>\n<li>Sarcina maxima: 120 kg<\/li>\n<\/ul>\n<p><strong style=\"font-size: 16px;\"><b>Continutul pachetului<\/b><\/strong><\/p>\n<ul>\n<li>1 x Scaun birou<\/li>\n<li>1 x Manual de instruc\u021biuni<\/li>\n<\/ul>\n<p>Produs din gama produc\u0103torilor interna\u021bionali de mobilier office, distribuit de DM Turbo Trading.<\/p>\n","protected":false},"excerpt":{"rendered":"<p>Scaun ergonomic birou DMT, mesh respirabil, reglabil, rotire 360\u00b0, gri Bucur\u0103-te de confort chiar \u0219i dup\u0103 ore \u00eentregi de lucru [&hellip;]<\/p>\n","protected":false},"featured_media":879,"template":"","meta":{"_uag_custom_page_level_css":"","site-sidebar-layout":"default","site-content-layout":"","ast-site-content-layout":"default","site-content-style":"default","site-sidebar-style":"default","ast-global-header-display":"","ast-banner-title-visibility":"","ast-main-header-display":"","ast-hfb-above-header-display":"","ast-hfb-below-header-display":"","ast-hfb-mobile-header-display":"","site-post-title":"","ast-breadcrumbs-content":"","ast-featured-img":"","footer-sml-layout":"","ast-disable-related-posts":"","theme-transparent-header-meta":"default","adv-header-id-meta":"","stick-header-meta":"","header-above-stick-meta":"","header-main-stick-meta":"","header-below-stick-meta":"","astra-migrate-meta-layouts":"set","ast-page-background-enabled":"default","ast-page-background-meta":{"desktop":{"background-color":"var(--ast-global-color-4)","background-image":"","background-repeat":"repeat","background-position":"center center","background-size":"auto","background-attachment":"scroll","background-type":"","background-media":"","overlay-type":"","overlay-color":"","overlay-opacity":"","overlay-gradient":""},"tablet":{"background-color":"","background-image":"","background-repeat":"repeat","background-position":"center center","background-size":"auto","background-attachment":"scroll","background-type":"","background-media":"","overlay-type":"","overlay-color":"","overlay-opacity":"","overlay-gradient":""},"mobile":{"background-color":"","background-image":"","background-repeat":"repeat","background-position":"center center","background-size":"auto","background-attachment":"scroll","background-type":"","background-media":"","overlay-type":"","overlay-color":"","overlay-opacity":"","overlay-gradient":""}},"ast-content-background-meta":{"desktop":{"background-color":"var(--ast-global-color-5)","background-image":"","background-repeat":"repeat","background-position":"center center","background-size":"auto","background-attachment":"scroll","background-type":"","background-media":"","overlay-type":"","overlay-color":"","overlay-opacity":"","overlay-gradient":""},"tablet":{"background-color":"var(--ast-global-color-5)","background-image":"","background-repeat":"repeat","background-position":"center center","background-size":"auto","background-attachment":"scroll","background-type":"","background-media":"","overlay-type":"","overlay-color":"","overlay-opacity":"","overlay-gradient":""},"mobile":{"background-color":"var(--ast-global-color-5)","background-image":"","background-repeat":"repeat","background-position":"center center","background-size":"auto","background-attachment":"scroll","background-type":"","background-media":"","overlay-type":"","overlay-color":"","overlay-opacity":"","overlay-gradient":""}}},"product_brand":[],"product_cat":[42,15],"product_tag":[],"class_list":{"0":"post-878","1":"product","2":"type-product","3":"status-publish","4":"has-post-thumbnail","6":"product_cat-scaune-birou","7":"product_cat-uncategorized","8":"desktop-align-left","9":"tablet-align-left","10":"mobile-align-left","12":"first","13":"instock","14":"shipping-taxable","15":"purchasable","16":"product-type-simple"},"yoast_head":"<!-- This site is optimized with the Yoast SEO plugin v27.2 - https:\/\/yoast.com\/product\/yoast-seo-wordpress\/ -->\n<title>Scaun ergonomic birou DMT, mesh respirabil, reglabil, rotire 360\u00b0, gri -<\/title>\n<meta name=\"description\" content=\"Bucur\u0103-te de confort chiar \u0219i dup\u0103 ore \u00eentregi de lucru cu acest scaun ergonomic realizat din mesh respirabil. Designul curbat ofer\u0103 sus\u021binere adecvat\u0103 coloanei vertebrale, contribuind la reducerea tensiunii din zona lombar\u0103 \u0219i a oboselii.\u00a0Reglajul pe \u00een\u0103l\u021bime \u0219i func\u021bia de rotire la 360\u00b0 \u00ee\u021bi ofer\u0103 flexibilitate \u0219i libertate de mi\u0219care, adapt\u00e2ndu-se u\u0219or nevoilor tale. Baza stabil\u0103, prev\u0103zut\u0103 cu ro\u021bi silen\u021bioase, asigur\u0103 deplasare lin\u0103 pe orice tip de pardoseal\u0103.\u00a0Ideal pentru birou, home office sau studiu, acest scaun combin\u0103 eficient confortul, func\u021bionalitatea \u0219i un design modern.\" \/>\n<meta name=\"robots\" content=\"index, follow, max-snippet:-1, max-image-preview:large, max-video-preview:-1\" \/>\n<link rel=\"canonical\" href=\"https:\/\/dmturbotrading.ro\/index.php\/product\/scaun-rotativ-birou-dmt-mesh-repirabil-gri\/\" \/>\n<meta property=\"og:locale\" content=\"en_US\" \/>\n<meta property=\"og:type\" content=\"article\" \/>\n<meta property=\"og:title\" content=\"Scaun ergonomic birou DMT, mesh respirabil, reglabil, rotire 360\u00b0, gri -\" \/>\n<meta property=\"og:description\" content=\"Bucur\u0103-te de confort chiar \u0219i dup\u0103 ore \u00eentregi de lucru cu acest scaun ergonomic realizat din mesh respirabil. Designul curbat ofer\u0103 sus\u021binere adecvat\u0103 coloanei vertebrale, contribuind la reducerea tensiunii din zona lombar\u0103 \u0219i a oboselii.\u00a0Reglajul pe \u00een\u0103l\u021bime \u0219i func\u021bia de rotire la 360\u00b0 \u00ee\u021bi ofer\u0103 flexibilitate \u0219i libertate de mi\u0219care, adapt\u00e2ndu-se u\u0219or nevoilor tale. Baza stabil\u0103, prev\u0103zut\u0103 cu ro\u021bi silen\u021bioase, asigur\u0103 deplasare lin\u0103 pe orice tip de pardoseal\u0103.\u00a0Ideal pentru birou, home office sau studiu, acest scaun combin\u0103 eficient confortul, func\u021bionalitatea \u0219i un design modern.\" \/>\n<meta property=\"og:url\" content=\"https:\/\/dmturbotrading.ro\/index.php\/product\/scaun-rotativ-birou-dmt-mesh-repirabil-gri\/\" \/>\n<meta property=\"article:modified_time\" content=\"2026-03-18T14:55:06+00:00\" \/>\n<meta property=\"og:image\" content=\"https:\/\/dmturbotrading.ro\/wp-content\/uploads\/2026\/03\/pp116.jpg\" \/>\n\t<meta property=\"og:image:width\" content=\"1024\" \/>\n\t<meta property=\"og:image:height\" content=\"1024\" \/>\n\t<meta property=\"og:image:type\" content=\"image\/jpeg\" \/>\n<meta name=\"twitter:card\" content=\"summary_large_image\" \/>\n<meta name=\"twitter:label1\" content=\"Est. reading time\" \/>\n\t<meta name=\"twitter:data1\" content=\"2 minutes\" \/>\n<script type=\"application\/ld+json\" class=\"yoast-schema-graph\">{\"@context\":\"https:\/\/schema.org\",\"@graph\":[{\"@type\":\"WebPage\",\"@id\":\"https:\/\/dmturbotrading.ro\/index.php\/product\/scaun-rotativ-birou-dmt-mesh-repirabil-gri\/\",\"url\":\"https:\/\/dmturbotrading.ro\/index.php\/product\/scaun-rotativ-birou-dmt-mesh-repirabil-gri\/\",\"name\":\"Scaun ergonomic birou DMT, mesh respirabil, reglabil, rotire 360\u00b0, gri -\",\"isPartOf\":{\"@id\":\"https:\/\/dmturbotrading.ro\/#website\"},\"primaryImageOfPage\":{\"@id\":\"https:\/\/dmturbotrading.ro\/index.php\/product\/scaun-rotativ-birou-dmt-mesh-repirabil-gri\/#primaryimage\"},\"image\":{\"@id\":\"https:\/\/dmturbotrading.ro\/index.php\/product\/scaun-rotativ-birou-dmt-mesh-repirabil-gri\/#primaryimage\"},\"thumbnailUrl\":\"https:\/\/dmturbotrading.ro\/wp-content\/uploads\/2026\/03\/pp116.jpg\",\"datePublished\":\"2026-03-18T14:48:19+00:00\",\"dateModified\":\"2026-03-18T14:55:06+00:00\",\"description\":\"Bucur\u0103-te de confort chiar \u0219i dup\u0103 ore \u00eentregi de lucru cu acest scaun ergonomic realizat din mesh respirabil. Designul curbat ofer\u0103 sus\u021binere adecvat\u0103 coloanei vertebrale, contribuind la reducerea tensiunii din zona lombar\u0103 \u0219i a oboselii.\u00a0Reglajul pe \u00een\u0103l\u021bime \u0219i func\u021bia de rotire la 360\u00b0 \u00ee\u021bi ofer\u0103 flexibilitate \u0219i libertate de mi\u0219care, adapt\u00e2ndu-se u\u0219or nevoilor tale. Baza stabil\u0103, prev\u0103zut\u0103 cu ro\u021bi silen\u021bioase, asigur\u0103 deplasare lin\u0103 pe orice tip de pardoseal\u0103.\u00a0Ideal pentru birou, home office sau studiu, acest scaun combin\u0103 eficient confortul, func\u021bionalitatea \u0219i un design modern.\",\"breadcrumb\":{\"@id\":\"https:\/\/dmturbotrading.ro\/index.php\/product\/scaun-rotativ-birou-dmt-mesh-repirabil-gri\/#breadcrumb\"},\"inLanguage\":\"en-US\",\"potentialAction\":[{\"@type\":\"ReadAction\",\"target\":[\"https:\/\/dmturbotrading.ro\/index.php\/product\/scaun-rotativ-birou-dmt-mesh-repirabil-gri\/\"]}]},{\"@type\":\"ImageObject\",\"inLanguage\":\"en-US\",\"@id\":\"https:\/\/dmturbotrading.ro\/index.php\/product\/scaun-rotativ-birou-dmt-mesh-repirabil-gri\/#primaryimage\",\"url\":\"https:\/\/dmturbotrading.ro\/wp-content\/uploads\/2026\/03\/pp116.jpg\",\"contentUrl\":\"https:\/\/dmturbotrading.ro\/wp-content\/uploads\/2026\/03\/pp116.jpg\",\"width\":1024,\"height\":1024,\"caption\":\"scaun ergononimc gri\"},{\"@type\":\"BreadcrumbList\",\"@id\":\"https:\/\/dmturbotrading.ro\/index.php\/product\/scaun-rotativ-birou-dmt-mesh-repirabil-gri\/#breadcrumb\",\"itemListElement\":[{\"@type\":\"ListItem\",\"position\":1,\"name\":\"Home\",\"item\":\"https:\/\/dmturbotrading.ro\/\"},{\"@type\":\"ListItem\",\"position\":2,\"name\":\"Shop\",\"item\":\"https:\/\/dmturbotrading.ro\/index.php\/shop\/\"},{\"@type\":\"ListItem\",\"position\":3,\"name\":\"Scaun ergonomic birou DMT, mesh respirabil, reglabil, rotire 360\u00b0, gri\"}]},{\"@type\":\"WebSite\",\"@id\":\"https:\/\/dmturbotrading.ro\/#website\",\"url\":\"https:\/\/dmturbotrading.ro\/\",\"name\":\"\",\"description\":\"\",\"potentialAction\":[{\"@type\":\"SearchAction\",\"target\":{\"@type\":\"EntryPoint\",\"urlTemplate\":\"https:\/\/dmturbotrading.ro\/?s={search_term_string}\"},\"query-input\":{\"@type\":\"PropertyValueSpecification\",\"valueRequired\":true,\"valueName\":\"search_term_string\"}}],\"inLanguage\":\"en-US\"}]}<\/script>\n<!-- \/ Yoast SEO plugin. -->","yoast_head_json":{"title":"Scaun ergonomic birou DMT, mesh respirabil, reglabil, rotire 360\u00b0, gri -","description":"Bucur\u0103-te de confort chiar \u0219i dup\u0103 ore \u00eentregi de lucru cu acest scaun ergonomic realizat din mesh respirabil. Designul curbat ofer\u0103 sus\u021binere adecvat\u0103 coloanei vertebrale, contribuind la reducerea tensiunii din zona lombar\u0103 \u0219i a oboselii.\u00a0Reglajul pe \u00een\u0103l\u021bime \u0219i func\u021bia de rotire la 360\u00b0 \u00ee\u021bi ofer\u0103 flexibilitate \u0219i libertate de mi\u0219care, adapt\u00e2ndu-se u\u0219or nevoilor tale. Baza stabil\u0103, prev\u0103zut\u0103 cu ro\u021bi silen\u021bioase, asigur\u0103 deplasare lin\u0103 pe orice tip de pardoseal\u0103.\u00a0Ideal pentru birou, home office sau studiu, acest scaun combin\u0103 eficient confortul, func\u021bionalitatea \u0219i un design modern.","robots":{"index":"index","follow":"follow","max-snippet":"max-snippet:-1","max-image-preview":"max-image-preview:large","max-video-preview":"max-video-preview:-1"},"canonical":"https:\/\/dmturbotrading.ro\/index.php\/product\/scaun-rotativ-birou-dmt-mesh-repirabil-gri\/","og_locale":"en_US","og_type":"article","og_title":"Scaun ergonomic birou DMT, mesh respirabil, reglabil, rotire 360\u00b0, gri -","og_description":"Bucur\u0103-te de confort chiar \u0219i dup\u0103 ore \u00eentregi de lucru cu acest scaun ergonomic realizat din mesh respirabil. Designul curbat ofer\u0103 sus\u021binere adecvat\u0103 coloanei vertebrale, contribuind la reducerea tensiunii din zona lombar\u0103 \u0219i a oboselii.\u00a0Reglajul pe \u00een\u0103l\u021bime \u0219i func\u021bia de rotire la 360\u00b0 \u00ee\u021bi ofer\u0103 flexibilitate \u0219i libertate de mi\u0219care, adapt\u00e2ndu-se u\u0219or nevoilor tale. Baza stabil\u0103, prev\u0103zut\u0103 cu ro\u021bi silen\u021bioase, asigur\u0103 deplasare lin\u0103 pe orice tip de pardoseal\u0103.\u00a0Ideal pentru birou, home office sau studiu, acest scaun combin\u0103 eficient confortul, func\u021bionalitatea \u0219i un design modern.","og_url":"https:\/\/dmturbotrading.ro\/index.php\/product\/scaun-rotativ-birou-dmt-mesh-repirabil-gri\/","article_modified_time":"2026-03-18T14:55:06+00:00","og_image":[{"width":1024,"height":1024,"url":"https:\/\/dmturbotrading.ro\/wp-content\/uploads\/2026\/03\/pp116.jpg","type":"image\/jpeg"}],"twitter_card":"summary_large_image","twitter_misc":{"Est. reading time":"2 minutes"},"schema":{"@context":"https:\/\/schema.org","@graph":[{"@type":"WebPage","@id":"https:\/\/dmturbotrading.ro\/index.php\/product\/scaun-rotativ-birou-dmt-mesh-repirabil-gri\/","url":"https:\/\/dmturbotrading.ro\/index.php\/product\/scaun-rotativ-birou-dmt-mesh-repirabil-gri\/","name":"Scaun ergonomic birou DMT, mesh respirabil, reglabil, rotire 360\u00b0, gri -","isPartOf":{"@id":"https:\/\/dmturbotrading.ro\/#website"},"primaryImageOfPage":{"@id":"https:\/\/dmturbotrading.ro\/index.php\/product\/scaun-rotativ-birou-dmt-mesh-repirabil-gri\/#primaryimage"},"image":{"@id":"https:\/\/dmturbotrading.ro\/index.php\/product\/scaun-rotativ-birou-dmt-mesh-repirabil-gri\/#primaryimage"},"thumbnailUrl":"https:\/\/dmturbotrading.ro\/wp-content\/uploads\/2026\/03\/pp116.jpg","datePublished":"2026-03-18T14:48:19+00:00","dateModified":"2026-03-18T14:55:06+00:00","description":"Bucur\u0103-te de confort chiar \u0219i dup\u0103 ore \u00eentregi de lucru cu acest scaun ergonomic realizat din mesh respirabil. Designul curbat ofer\u0103 sus\u021binere adecvat\u0103 coloanei vertebrale, contribuind la reducerea tensiunii din zona lombar\u0103 \u0219i a oboselii.\u00a0Reglajul pe \u00een\u0103l\u021bime \u0219i func\u021bia de rotire la 360\u00b0 \u00ee\u021bi ofer\u0103 flexibilitate \u0219i libertate de mi\u0219care, adapt\u00e2ndu-se u\u0219or nevoilor tale. Baza stabil\u0103, prev\u0103zut\u0103 cu ro\u021bi silen\u021bioase, asigur\u0103 deplasare lin\u0103 pe orice tip de pardoseal\u0103.\u00a0Ideal pentru birou, home office sau studiu, acest scaun combin\u0103 eficient confortul, func\u021bionalitatea \u0219i un design modern.","breadcrumb":{"@id":"https:\/\/dmturbotrading.ro\/index.php\/product\/scaun-rotativ-birou-dmt-mesh-repirabil-gri\/#breadcrumb"},"inLanguage":"en-US","potentialAction":[{"@type":"ReadAction","target":["https:\/\/dmturbotrading.ro\/index.php\/product\/scaun-rotativ-birou-dmt-mesh-repirabil-gri\/"]}]},{"@type":"ImageObject","inLanguage":"en-US","@id":"https:\/\/dmturbotrading.ro\/index.php\/product\/scaun-rotativ-birou-dmt-mesh-repirabil-gri\/#primaryimage","url":"https:\/\/dmturbotrading.ro\/wp-content\/uploads\/2026\/03\/pp116.jpg","contentUrl":"https:\/\/dmturbotrading.ro\/wp-content\/uploads\/2026\/03\/pp116.jpg","width":1024,"height":1024,"caption":"scaun ergononimc gri"},{"@type":"BreadcrumbList","@id":"https:\/\/dmturbotrading.ro\/index.php\/product\/scaun-rotativ-birou-dmt-mesh-repirabil-gri\/#breadcrumb","itemListElement":[{"@type":"ListItem","position":1,"name":"Home","item":"https:\/\/dmturbotrading.ro\/"},{"@type":"ListItem","position":2,"name":"Shop","item":"https:\/\/dmturbotrading.ro\/index.php\/shop\/"},{"@type":"ListItem","position":3,"name":"Scaun ergonomic birou DMT, mesh respirabil, reglabil, rotire 360\u00b0, gri"}]},{"@type":"WebSite","@id":"https:\/\/dmturbotrading.ro\/#website","url":"https:\/\/dmturbotrading.ro\/","name":"","description":"","potentialAction":[{"@type":"SearchAction","target":{"@type":"EntryPoint","urlTemplate":"https:\/\/dmturbotrading.ro\/?s={search_term_string}"},"query-input":{"@type":"PropertyValueSpecification","valueRequired":true,"valueName":"search_term_string"}}],"inLanguage":"en-US"}]}},"uagb_featured_image_src":{"full":["https:\/\/dmturbotrading.ro\/wp-content\/uploads\/2026\/03\/pp116.jpg",1024,1024,false],"thumbnail":["https:\/\/dmturbotrading.ro\/wp-content\/uploads\/2026\/03\/pp116.jpg",150,150,false],"medium":["https:\/\/dmturbotrading.ro\/wp-content\/uploads\/2026\/03\/pp116.jpg",300,300,false],"medium_large":["https:\/\/dmturbotrading.ro\/wp-content\/uploads\/2026\/03\/pp116.jpg",768,768,false],"large":["https:\/\/dmturbotrading.ro\/wp-content\/uploads\/2026\/03\/pp116.jpg",1024,1024,false],"1536x1536":["https:\/\/dmturbotrading.ro\/wp-content\/uploads\/2026\/03\/pp116.jpg",1024,1024,false],"2048x2048":["https:\/\/dmturbotrading.ro\/wp-content\/uploads\/2026\/03\/pp116.jpg",1024,1024,false],"woocommerce_thumbnail":["https:\/\/dmturbotrading.ro\/wp-content\/uploads\/2026\/03\/pp116.jpg",300,300,false],"woocommerce_single":["https:\/\/dmturbotrading.ro\/wp-content\/uploads\/2026\/03\/pp116.jpg",600,600,false],"woocommerce_gallery_thumbnail":["https:\/\/dmturbotrading.ro\/wp-content\/uploads\/2026\/03\/pp116.jpg",100,100,false]},"uagb_author_info":{"display_name":"admin","author_link":"https:\/\/dmturbotrading.ro\/index.php\/author\/"},"uagb_comment_info":0,"uagb_excerpt":"Scaun ergonomic birou DMT, mesh respirabil, reglabil, rotire 360\u00b0, gri Bucur\u0103-te de confort chiar \u0219i dup\u0103 ore \u00eentregi de lucru [&hellip;]","_links":{"self":[{"href":"https:\/\/dmturbotrading.ro\/index.php\/wp-json\/wp\/v2\/product\/878","targetHints":{"allow":["GET"]}}],"collection":[{"href":"https:\/\/dmturbotrading.ro\/index.php\/wp-json\/wp\/v2\/product"}],"about":[{"href":"https:\/\/dmturbotrading.ro\/index.php\/wp-json\/wp\/v2\/types\/product"}],"wp:featuredmedia":[{"embeddable":true,"href":"https:\/\/dmturbotrading.ro\/index.php\/wp-json\/wp\/v2\/media\/879"}],"wp:attachment":[{"href":"https:\/\/dmturbotrading.ro\/index.php\/wp-json\/wp\/v2\/media?parent=878"}],"wp:term":[{"taxonomy":"product_brand","embeddable":true,"href":"https:\/\/dmturbotrading.ro\/index.php\/wp-json\/wp\/v2\/product_brand?post=878"},{"taxonomy":"product_cat","embeddable":true,"href":"https:\/\/dmturbotrading.ro\/index.php\/wp-json\/wp\/v2\/product_cat?post=878"},{"taxonomy":"product_tag","embeddable":true,"href":"https:\/\/dmturbotrading.ro\/index.php\/wp-json\/wp\/v2\/product_tag?post=878"}],"curies":[{"name":"wp","href":"https:\/\/api.w.org\/{rel}","templated":true}]}}