{"id":902,"date":"2026-03-18T16:28:36","date_gmt":"2026-03-18T16:28:36","guid":{"rendered":"https:\/\/dmturbotrading.ro\/?post_type=product&#038;p=902"},"modified":"2026-03-18T16:33:37","modified_gmt":"2026-03-18T16:33:37","slug":"scaun-ergonomic-birou-dmtt-negru","status":"publish","type":"product","link":"https:\/\/dmturbotrading.ro\/index.php\/product\/scaun-ergonomic-birou-dmtt-negru\/","title":{"rendered":"Scaun ergonomic birou DMT, reglabil, tetier\u0103 \u0219i suport picioare retractabile, negru"},"content":{"rendered":"<h2 data-path-to-node=\"2\">Scaun ergonomic birou DMT, reglabil, tetier\u0103 \u0219i suport picioare retractabile, negru<\/h2>\n<p data-start=\"144\" data-end=\"406\">Bucur\u0103-te de confort deplin chiar \u0219i \u00een timpul sesiunilor lungi de lucru sau gaming cu acest scaun ergonomic complet echipat. Prev\u0103zut cu tetier\u0103, suport lombar, cotiere \u0219i suport retractabil pentru picioare, ofer\u0103 sus\u021binere optim\u0103 pentru spate, g\u00e2t \u0219i picioare.\u00a0Func\u021bia de reglare pe \u00een\u0103l\u021bime \u0219i mecanismul de \u00eenclinare \u00ee\u021bi permit s\u0103 ajustezi pozi\u021bia \u00een func\u021bie de preferin\u021be, pentru relaxare \u0219i confort maxim. Ideal at\u00e2t pentru birou, c\u00e2t \u0219i pentru gaming, acest scaun \u00eembin\u0103 perfect func\u021bionalitatea avansat\u0103 cu un design modern.<\/p>\n<p><strong>Date tehnice:<\/strong><\/p>\n<ul>\n<li>Culoare: Gri \u00eenchis<\/li>\n<li>Material: Material textil cu efect de in, spum\u0103 de \u00eenalt\u0103 densitate, PVC<\/li>\n<li>Dimensiuni generale: 66L x 69P x 115 &#8211; 123H cm<\/li>\n<li>Dimensiuni reclinate (f\u0103r\u0103 suport pentru picioare): 65L x 114P x 85-93H cm<\/li>\n<li>Dimensiuni scaun: 52L x 52.5P x 49 &#8211; 57H cm<\/li>\n<li>Dimensiuni tetier\u0103: 40L x 24L x 9H cm<\/li>\n<li>Dimensiuni suport pentru picioare: 35L x 20L<\/li>\n<li>\u00cen\u0103l\u021bimea bra\u021bului: 18 cm (fa\u021b\u0103 de scaun)<\/li>\n<li>Capacitate de greutate: 150 k<\/li>\n<\/ul>\n<p><strong style=\"font-size: 16px;\"><b>Caracteristici:<\/b><\/strong><\/p>\n<ul>\n<li>Tapiterie cu efect de in.<\/li>\n<\/ul>\n<p><strong style=\"font-size: 16px;\"><b>Continutul pachetului<\/b><\/strong><\/p>\n<ul>\n<li>1 x Scaun birou<\/li>\n<li>1 x Manual de instruc\u021biuni<\/li>\n<\/ul>\n<p>Produs din gama produc\u0103torilor interna\u021bionali de mobilier office, distribuit de DM Turbo Trading.<\/p>\n","protected":false},"excerpt":{"rendered":"<p>Scaun ergonomic birou DMT, reglabil, tetier\u0103 \u0219i suport picioare retractabile, negru Bucur\u0103-te de confort deplin chiar \u0219i \u00een timpul sesiunilor [&hellip;]<\/p>\n","protected":false},"featured_media":903,"template":"","meta":{"_uag_custom_page_level_css":"","site-sidebar-layout":"default","site-content-layout":"","ast-site-content-layout":"default","site-content-style":"default","site-sidebar-style":"default","ast-global-header-display":"","ast-banner-title-visibility":"","ast-main-header-display":"","ast-hfb-above-header-display":"","ast-hfb-below-header-display":"","ast-hfb-mobile-header-display":"","site-post-title":"","ast-breadcrumbs-content":"","ast-featured-img":"","footer-sml-layout":"","ast-disable-related-posts":"","theme-transparent-header-meta":"default","adv-header-id-meta":"","stick-header-meta":"","header-above-stick-meta":"","header-main-stick-meta":"","header-below-stick-meta":"","astra-migrate-meta-layouts":"set","ast-page-background-enabled":"default","ast-page-background-meta":{"desktop":{"background-color":"var(--ast-global-color-4)","background-image":"","background-repeat":"repeat","background-position":"center center","background-size":"auto","background-attachment":"scroll","background-type":"","background-media":"","overlay-type":"","overlay-color":"","overlay-opacity":"","overlay-gradient":""},"tablet":{"background-color":"","background-image":"","background-repeat":"repeat","background-position":"center center","background-size":"auto","background-attachment":"scroll","background-type":"","background-media":"","overlay-type":"","overlay-color":"","overlay-opacity":"","overlay-gradient":""},"mobile":{"background-color":"","background-image":"","background-repeat":"repeat","background-position":"center center","background-size":"auto","background-attachment":"scroll","background-type":"","background-media":"","overlay-type":"","overlay-color":"","overlay-opacity":"","overlay-gradient":""}},"ast-content-background-meta":{"desktop":{"background-color":"var(--ast-global-color-5)","background-image":"","background-repeat":"repeat","background-position":"center center","background-size":"auto","background-attachment":"scroll","background-type":"","background-media":"","overlay-type":"","overlay-color":"","overlay-opacity":"","overlay-gradient":""},"tablet":{"background-color":"var(--ast-global-color-5)","background-image":"","background-repeat":"repeat","background-position":"center center","background-size":"auto","background-attachment":"scroll","background-type":"","background-media":"","overlay-type":"","overlay-color":"","overlay-opacity":"","overlay-gradient":""},"mobile":{"background-color":"var(--ast-global-color-5)","background-image":"","background-repeat":"repeat","background-position":"center center","background-size":"auto","background-attachment":"scroll","background-type":"","background-media":"","overlay-type":"","overlay-color":"","overlay-opacity":"","overlay-gradient":""}}},"product_brand":[],"product_cat":[42,15],"product_tag":[],"class_list":{"0":"post-902","1":"product","2":"type-product","3":"status-publish","4":"has-post-thumbnail","6":"product_cat-scaune-birou","7":"product_cat-uncategorized","8":"desktop-align-left","9":"tablet-align-left","10":"mobile-align-left","12":"first","13":"instock","14":"shipping-taxable","15":"purchasable","16":"product-type-simple"},"yoast_head":"<!-- This site is optimized with the Yoast SEO plugin v27.2 - https:\/\/yoast.com\/product\/yoast-seo-wordpress\/ -->\n<title>Scaun ergonomic birou DMT, reglabil, tetier\u0103 \u0219i suport picioare retractabile, negru -<\/title>\n<meta name=\"description\" content=\"Bucur\u0103-te de confort deplin chiar \u0219i \u00een timpul sesiunilor lungi de lucru sau gaming cu acest scaun ergonomic complet echipat. Prev\u0103zut cu tetier\u0103, suport lombar, cotiere \u0219i suport retractabil pentru picioare, ofer\u0103 sus\u021binere optim\u0103 pentru spate, g\u00e2t \u0219i picioare.\u00a0Func\u021bia de reglare pe \u00een\u0103l\u021bime \u0219i mecanismul de \u00eenclinare \u00ee\u021bi permit s\u0103 ajustezi pozi\u021bia \u00een func\u021bie de preferin\u021be, pentru relaxare \u0219i confort maxim. Ideal at\u00e2t pentru birou, c\u00e2t \u0219i pentru gaming, acest scaun \u00eembin\u0103 perfect func\u021bionalitatea avansat\u0103 cu un design modern.\" \/>\n<meta name=\"robots\" content=\"index, follow, max-snippet:-1, max-image-preview:large, max-video-preview:-1\" \/>\n<link rel=\"canonical\" href=\"https:\/\/dmturbotrading.ro\/index.php\/product\/scaun-ergonomic-birou-dmtt-negru\/\" \/>\n<meta property=\"og:locale\" content=\"en_US\" \/>\n<meta property=\"og:type\" content=\"article\" \/>\n<meta property=\"og:title\" content=\"Scaun ergonomic birou DMT, reglabil, tetier\u0103 \u0219i suport picioare retractabile, negru -\" \/>\n<meta property=\"og:description\" content=\"Bucur\u0103-te de confort deplin chiar \u0219i \u00een timpul sesiunilor lungi de lucru sau gaming cu acest scaun ergonomic complet echipat. Prev\u0103zut cu tetier\u0103, suport lombar, cotiere \u0219i suport retractabil pentru picioare, ofer\u0103 sus\u021binere optim\u0103 pentru spate, g\u00e2t \u0219i picioare.\u00a0Func\u021bia de reglare pe \u00een\u0103l\u021bime \u0219i mecanismul de \u00eenclinare \u00ee\u021bi permit s\u0103 ajustezi pozi\u021bia \u00een func\u021bie de preferin\u021be, pentru relaxare \u0219i confort maxim. Ideal at\u00e2t pentru birou, c\u00e2t \u0219i pentru gaming, acest scaun \u00eembin\u0103 perfect func\u021bionalitatea avansat\u0103 cu un design modern.\" \/>\n<meta property=\"og:url\" content=\"https:\/\/dmturbotrading.ro\/index.php\/product\/scaun-ergonomic-birou-dmtt-negru\/\" \/>\n<meta property=\"article:modified_time\" content=\"2026-03-18T16:33:37+00:00\" \/>\n<meta property=\"og:image\" content=\"https:\/\/dmturbotrading.ro\/wp-content\/uploads\/2026\/03\/pp134.jpg\" \/>\n\t<meta property=\"og:image:width\" content=\"1024\" \/>\n\t<meta property=\"og:image:height\" content=\"1024\" \/>\n\t<meta property=\"og:image:type\" content=\"image\/jpeg\" \/>\n<meta name=\"twitter:card\" content=\"summary_large_image\" \/>\n<meta name=\"twitter:label1\" content=\"Est. reading time\" \/>\n\t<meta name=\"twitter:data1\" content=\"2 minutes\" \/>\n<script type=\"application\/ld+json\" class=\"yoast-schema-graph\">{\"@context\":\"https:\/\/schema.org\",\"@graph\":[{\"@type\":\"WebPage\",\"@id\":\"https:\/\/dmturbotrading.ro\/index.php\/product\/scaun-ergonomic-birou-dmtt-negru\/\",\"url\":\"https:\/\/dmturbotrading.ro\/index.php\/product\/scaun-ergonomic-birou-dmtt-negru\/\",\"name\":\"Scaun ergonomic birou DMT, reglabil, tetier\u0103 \u0219i suport picioare retractabile, negru -\",\"isPartOf\":{\"@id\":\"https:\/\/dmturbotrading.ro\/#website\"},\"primaryImageOfPage\":{\"@id\":\"https:\/\/dmturbotrading.ro\/index.php\/product\/scaun-ergonomic-birou-dmtt-negru\/#primaryimage\"},\"image\":{\"@id\":\"https:\/\/dmturbotrading.ro\/index.php\/product\/scaun-ergonomic-birou-dmtt-negru\/#primaryimage\"},\"thumbnailUrl\":\"https:\/\/dmturbotrading.ro\/wp-content\/uploads\/2026\/03\/pp134.jpg\",\"datePublished\":\"2026-03-18T16:28:36+00:00\",\"dateModified\":\"2026-03-18T16:33:37+00:00\",\"description\":\"Bucur\u0103-te de confort deplin chiar \u0219i \u00een timpul sesiunilor lungi de lucru sau gaming cu acest scaun ergonomic complet echipat. Prev\u0103zut cu tetier\u0103, suport lombar, cotiere \u0219i suport retractabil pentru picioare, ofer\u0103 sus\u021binere optim\u0103 pentru spate, g\u00e2t \u0219i picioare.\u00a0Func\u021bia de reglare pe \u00een\u0103l\u021bime \u0219i mecanismul de \u00eenclinare \u00ee\u021bi permit s\u0103 ajustezi pozi\u021bia \u00een func\u021bie de preferin\u021be, pentru relaxare \u0219i confort maxim. Ideal at\u00e2t pentru birou, c\u00e2t \u0219i pentru gaming, acest scaun \u00eembin\u0103 perfect func\u021bionalitatea avansat\u0103 cu un design modern.\",\"breadcrumb\":{\"@id\":\"https:\/\/dmturbotrading.ro\/index.php\/product\/scaun-ergonomic-birou-dmtt-negru\/#breadcrumb\"},\"inLanguage\":\"en-US\",\"potentialAction\":[{\"@type\":\"ReadAction\",\"target\":[\"https:\/\/dmturbotrading.ro\/index.php\/product\/scaun-ergonomic-birou-dmtt-negru\/\"]}]},{\"@type\":\"ImageObject\",\"inLanguage\":\"en-US\",\"@id\":\"https:\/\/dmturbotrading.ro\/index.php\/product\/scaun-ergonomic-birou-dmtt-negru\/#primaryimage\",\"url\":\"https:\/\/dmturbotrading.ro\/wp-content\/uploads\/2026\/03\/pp134.jpg\",\"contentUrl\":\"https:\/\/dmturbotrading.ro\/wp-content\/uploads\/2026\/03\/pp134.jpg\",\"width\":1024,\"height\":1024,\"caption\":\"scaun birou ergonomic reglabil\"},{\"@type\":\"BreadcrumbList\",\"@id\":\"https:\/\/dmturbotrading.ro\/index.php\/product\/scaun-ergonomic-birou-dmtt-negru\/#breadcrumb\",\"itemListElement\":[{\"@type\":\"ListItem\",\"position\":1,\"name\":\"Home\",\"item\":\"https:\/\/dmturbotrading.ro\/\"},{\"@type\":\"ListItem\",\"position\":2,\"name\":\"Shop\",\"item\":\"https:\/\/dmturbotrading.ro\/index.php\/shop\/\"},{\"@type\":\"ListItem\",\"position\":3,\"name\":\"Scaun ergonomic birou DMT, reglabil, tetier\u0103 \u0219i suport picioare retractabile, negru\"}]},{\"@type\":\"WebSite\",\"@id\":\"https:\/\/dmturbotrading.ro\/#website\",\"url\":\"https:\/\/dmturbotrading.ro\/\",\"name\":\"\",\"description\":\"\",\"potentialAction\":[{\"@type\":\"SearchAction\",\"target\":{\"@type\":\"EntryPoint\",\"urlTemplate\":\"https:\/\/dmturbotrading.ro\/?s={search_term_string}\"},\"query-input\":{\"@type\":\"PropertyValueSpecification\",\"valueRequired\":true,\"valueName\":\"search_term_string\"}}],\"inLanguage\":\"en-US\"}]}<\/script>\n<!-- \/ Yoast SEO plugin. -->","yoast_head_json":{"title":"Scaun ergonomic birou DMT, reglabil, tetier\u0103 \u0219i suport picioare retractabile, negru -","description":"Bucur\u0103-te de confort deplin chiar \u0219i \u00een timpul sesiunilor lungi de lucru sau gaming cu acest scaun ergonomic complet echipat. Prev\u0103zut cu tetier\u0103, suport lombar, cotiere \u0219i suport retractabil pentru picioare, ofer\u0103 sus\u021binere optim\u0103 pentru spate, g\u00e2t \u0219i picioare.\u00a0Func\u021bia de reglare pe \u00een\u0103l\u021bime \u0219i mecanismul de \u00eenclinare \u00ee\u021bi permit s\u0103 ajustezi pozi\u021bia \u00een func\u021bie de preferin\u021be, pentru relaxare \u0219i confort maxim. Ideal at\u00e2t pentru birou, c\u00e2t \u0219i pentru gaming, acest scaun \u00eembin\u0103 perfect func\u021bionalitatea avansat\u0103 cu un design modern.","robots":{"index":"index","follow":"follow","max-snippet":"max-snippet:-1","max-image-preview":"max-image-preview:large","max-video-preview":"max-video-preview:-1"},"canonical":"https:\/\/dmturbotrading.ro\/index.php\/product\/scaun-ergonomic-birou-dmtt-negru\/","og_locale":"en_US","og_type":"article","og_title":"Scaun ergonomic birou DMT, reglabil, tetier\u0103 \u0219i suport picioare retractabile, negru -","og_description":"Bucur\u0103-te de confort deplin chiar \u0219i \u00een timpul sesiunilor lungi de lucru sau gaming cu acest scaun ergonomic complet echipat. Prev\u0103zut cu tetier\u0103, suport lombar, cotiere \u0219i suport retractabil pentru picioare, ofer\u0103 sus\u021binere optim\u0103 pentru spate, g\u00e2t \u0219i picioare.\u00a0Func\u021bia de reglare pe \u00een\u0103l\u021bime \u0219i mecanismul de \u00eenclinare \u00ee\u021bi permit s\u0103 ajustezi pozi\u021bia \u00een func\u021bie de preferin\u021be, pentru relaxare \u0219i confort maxim. Ideal at\u00e2t pentru birou, c\u00e2t \u0219i pentru gaming, acest scaun \u00eembin\u0103 perfect func\u021bionalitatea avansat\u0103 cu un design modern.","og_url":"https:\/\/dmturbotrading.ro\/index.php\/product\/scaun-ergonomic-birou-dmtt-negru\/","article_modified_time":"2026-03-18T16:33:37+00:00","og_image":[{"width":1024,"height":1024,"url":"https:\/\/dmturbotrading.ro\/wp-content\/uploads\/2026\/03\/pp134.jpg","type":"image\/jpeg"}],"twitter_card":"summary_large_image","twitter_misc":{"Est. reading time":"2 minutes"},"schema":{"@context":"https:\/\/schema.org","@graph":[{"@type":"WebPage","@id":"https:\/\/dmturbotrading.ro\/index.php\/product\/scaun-ergonomic-birou-dmtt-negru\/","url":"https:\/\/dmturbotrading.ro\/index.php\/product\/scaun-ergonomic-birou-dmtt-negru\/","name":"Scaun ergonomic birou DMT, reglabil, tetier\u0103 \u0219i suport picioare retractabile, negru -","isPartOf":{"@id":"https:\/\/dmturbotrading.ro\/#website"},"primaryImageOfPage":{"@id":"https:\/\/dmturbotrading.ro\/index.php\/product\/scaun-ergonomic-birou-dmtt-negru\/#primaryimage"},"image":{"@id":"https:\/\/dmturbotrading.ro\/index.php\/product\/scaun-ergonomic-birou-dmtt-negru\/#primaryimage"},"thumbnailUrl":"https:\/\/dmturbotrading.ro\/wp-content\/uploads\/2026\/03\/pp134.jpg","datePublished":"2026-03-18T16:28:36+00:00","dateModified":"2026-03-18T16:33:37+00:00","description":"Bucur\u0103-te de confort deplin chiar \u0219i \u00een timpul sesiunilor lungi de lucru sau gaming cu acest scaun ergonomic complet echipat. Prev\u0103zut cu tetier\u0103, suport lombar, cotiere \u0219i suport retractabil pentru picioare, ofer\u0103 sus\u021binere optim\u0103 pentru spate, g\u00e2t \u0219i picioare.\u00a0Func\u021bia de reglare pe \u00een\u0103l\u021bime \u0219i mecanismul de \u00eenclinare \u00ee\u021bi permit s\u0103 ajustezi pozi\u021bia \u00een func\u021bie de preferin\u021be, pentru relaxare \u0219i confort maxim. Ideal at\u00e2t pentru birou, c\u00e2t \u0219i pentru gaming, acest scaun \u00eembin\u0103 perfect func\u021bionalitatea avansat\u0103 cu un design modern.","breadcrumb":{"@id":"https:\/\/dmturbotrading.ro\/index.php\/product\/scaun-ergonomic-birou-dmtt-negru\/#breadcrumb"},"inLanguage":"en-US","potentialAction":[{"@type":"ReadAction","target":["https:\/\/dmturbotrading.ro\/index.php\/product\/scaun-ergonomic-birou-dmtt-negru\/"]}]},{"@type":"ImageObject","inLanguage":"en-US","@id":"https:\/\/dmturbotrading.ro\/index.php\/product\/scaun-ergonomic-birou-dmtt-negru\/#primaryimage","url":"https:\/\/dmturbotrading.ro\/wp-content\/uploads\/2026\/03\/pp134.jpg","contentUrl":"https:\/\/dmturbotrading.ro\/wp-content\/uploads\/2026\/03\/pp134.jpg","width":1024,"height":1024,"caption":"scaun birou ergonomic reglabil"},{"@type":"BreadcrumbList","@id":"https:\/\/dmturbotrading.ro\/index.php\/product\/scaun-ergonomic-birou-dmtt-negru\/#breadcrumb","itemListElement":[{"@type":"ListItem","position":1,"name":"Home","item":"https:\/\/dmturbotrading.ro\/"},{"@type":"ListItem","position":2,"name":"Shop","item":"https:\/\/dmturbotrading.ro\/index.php\/shop\/"},{"@type":"ListItem","position":3,"name":"Scaun ergonomic birou DMT, reglabil, tetier\u0103 \u0219i suport picioare retractabile, negru"}]},{"@type":"WebSite","@id":"https:\/\/dmturbotrading.ro\/#website","url":"https:\/\/dmturbotrading.ro\/","name":"","description":"","potentialAction":[{"@type":"SearchAction","target":{"@type":"EntryPoint","urlTemplate":"https:\/\/dmturbotrading.ro\/?s={search_term_string}"},"query-input":{"@type":"PropertyValueSpecification","valueRequired":true,"valueName":"search_term_string"}}],"inLanguage":"en-US"}]}},"uagb_featured_image_src":{"full":["https:\/\/dmturbotrading.ro\/wp-content\/uploads\/2026\/03\/pp134.jpg",1024,1024,false],"thumbnail":["https:\/\/dmturbotrading.ro\/wp-content\/uploads\/2026\/03\/pp134.jpg",150,150,false],"medium":["https:\/\/dmturbotrading.ro\/wp-content\/uploads\/2026\/03\/pp134.jpg",300,300,false],"medium_large":["https:\/\/dmturbotrading.ro\/wp-content\/uploads\/2026\/03\/pp134.jpg",768,768,false],"large":["https:\/\/dmturbotrading.ro\/wp-content\/uploads\/2026\/03\/pp134.jpg",1024,1024,false],"1536x1536":["https:\/\/dmturbotrading.ro\/wp-content\/uploads\/2026\/03\/pp134.jpg",1024,1024,false],"2048x2048":["https:\/\/dmturbotrading.ro\/wp-content\/uploads\/2026\/03\/pp134.jpg",1024,1024,false],"woocommerce_thumbnail":["https:\/\/dmturbotrading.ro\/wp-content\/uploads\/2026\/03\/pp134.jpg",300,300,false],"woocommerce_single":["https:\/\/dmturbotrading.ro\/wp-content\/uploads\/2026\/03\/pp134.jpg",600,600,false],"woocommerce_gallery_thumbnail":["https:\/\/dmturbotrading.ro\/wp-content\/uploads\/2026\/03\/pp134.jpg",100,100,false]},"uagb_author_info":{"display_name":"admin","author_link":"https:\/\/dmturbotrading.ro\/index.php\/author\/"},"uagb_comment_info":0,"uagb_excerpt":"Scaun ergonomic birou DMT, reglabil, tetier\u0103 \u0219i suport picioare retractabile, negru Bucur\u0103-te de confort deplin chiar \u0219i \u00een timpul sesiunilor [&hellip;]","_links":{"self":[{"href":"https:\/\/dmturbotrading.ro\/index.php\/wp-json\/wp\/v2\/product\/902","targetHints":{"allow":["GET"]}}],"collection":[{"href":"https:\/\/dmturbotrading.ro\/index.php\/wp-json\/wp\/v2\/product"}],"about":[{"href":"https:\/\/dmturbotrading.ro\/index.php\/wp-json\/wp\/v2\/types\/product"}],"wp:featuredmedia":[{"embeddable":true,"href":"https:\/\/dmturbotrading.ro\/index.php\/wp-json\/wp\/v2\/media\/903"}],"wp:attachment":[{"href":"https:\/\/dmturbotrading.ro\/index.php\/wp-json\/wp\/v2\/media?parent=902"}],"wp:term":[{"taxonomy":"product_brand","embeddable":true,"href":"https:\/\/dmturbotrading.ro\/index.php\/wp-json\/wp\/v2\/product_brand?post=902"},{"taxonomy":"product_cat","embeddable":true,"href":"https:\/\/dmturbotrading.ro\/index.php\/wp-json\/wp\/v2\/product_cat?post=902"},{"taxonomy":"product_tag","embeddable":true,"href":"https:\/\/dmturbotrading.ro\/index.php\/wp-json\/wp\/v2\/product_tag?post=902"}],"curies":[{"name":"wp","href":"https:\/\/api.w.org\/{rel}","templated":true}]}}