{"id":934,"date":"2026-03-20T14:53:36","date_gmt":"2026-03-20T14:53:36","guid":{"rendered":"https:\/\/dmturbotrading.ro\/?post_type=product&#038;p=934"},"modified":"2026-03-20T17:05:14","modified_gmt":"2026-03-20T17:05:14","slug":"perete-pictat-manual-animale-vesele-modern-minimalist-accente-cromatice","status":"publish","type":"product","link":"https:\/\/dmturbotrading.ro\/index.php\/product\/perete-pictat-manual-animale-vesele-modern-minimalist-accente-cromatice\/","title":{"rendered":"Perete interior pictat manual, animale vesele, modern minimalist, accente cromatice"},"content":{"rendered":"<h2 data-path-to-node=\"2\">Perete pictat manual, animale vesele, modern minimalist, accente cromatice<\/h2>\n<p data-start=\"117\" data-end=\"344\">Un perete decorativ pictat manual, ce aduce la via\u021b\u0103 o scen\u0103 prietenoas\u0103 \u0219i cald\u0103 cu animale simpatice \u0219i sau alte personaje centrale, realizate \u00een stil minimalist, cu linii simple \u0219i expresive. Accentele de culoare verde adaug\u0103 prospe\u021bime \u0219i dinamism compozi\u021biei, transform\u00e2nd spa\u021biul \u00eentr-un loc primitor \u0219i relaxant. Ideal pentru clinici veterinare, spa\u021bii pentru copii sau zone de a\u0219teptare, acest design creeaz\u0103 o atmosfer\u0103 pozitiv\u0103 \u0219i lini\u0219titoare.<\/p>\n<p><strong style=\"font-size: 16px;\"><b>Caracteristici:<\/b><\/strong><\/p>\n<ul>\n<li>Pictura murala realizata manual cu detalii unice<\/li>\n<li>Animale pictate stilizat(caini, pisici, etc)<\/li>\n<li>Creeaz\u0103 o atmosfera prietenoasa si relaxanta<\/li>\n<li>Potrivit pentru spa\u021bii medicale, educa\u021bionale sau reziden\u021biale, camera copii<\/li>\n<\/ul>\n<p><strong>Date tehnice:<\/strong><\/p>\n<ul>\n<li>Culoare: alb\/negru si culori de accent<\/li>\n<li>Stil: ilustrativ minimalist modern<\/li>\n<li>Suport: perete finisat (geltuit si vopsit)<\/li>\n<li>Materiale vopsea acrilica lavabila interior<\/li>\n<li>Intretinere: curatare cu laveta suor umeda<\/li>\n<\/ul>\n<p><strong style=\"font-size: 16px;\"><b>Pretul<\/b><\/strong><\/p>\n<ul>\n<li>pe metru patrat<\/li>\n<li>nu include transport si cazare<\/li>\n<\/ul>\n","protected":false},"excerpt":{"rendered":"<p>Perete pictat manual, animale vesele, modern minimalist, accente cromatice Un perete decorativ pictat manual, ce aduce la via\u021b\u0103 o scen\u0103 [&hellip;]<\/p>\n","protected":false},"featured_media":937,"template":"","meta":{"_uag_custom_page_level_css":"","site-sidebar-layout":"default","site-content-layout":"","ast-site-content-layout":"default","site-content-style":"default","site-sidebar-style":"default","ast-global-header-display":"","ast-banner-title-visibility":"","ast-main-header-display":"","ast-hfb-above-header-display":"","ast-hfb-below-header-display":"","ast-hfb-mobile-header-display":"","site-post-title":"","ast-breadcrumbs-content":"","ast-featured-img":"","footer-sml-layout":"","ast-disable-related-posts":"","theme-transparent-header-meta":"default","adv-header-id-meta":"","stick-header-meta":"","header-above-stick-meta":"","header-main-stick-meta":"","header-below-stick-meta":"","astra-migrate-meta-layouts":"set","ast-page-background-enabled":"default","ast-page-background-meta":{"desktop":{"background-color":"var(--ast-global-color-4)","background-image":"","background-repeat":"repeat","background-position":"center center","background-size":"auto","background-attachment":"scroll","background-type":"","background-media":"","overlay-type":"","overlay-color":"","overlay-opacity":"","overlay-gradient":""},"tablet":{"background-color":"","background-image":"","background-repeat":"repeat","background-position":"center center","background-size":"auto","background-attachment":"scroll","background-type":"","background-media":"","overlay-type":"","overlay-color":"","overlay-opacity":"","overlay-gradient":""},"mobile":{"background-color":"","background-image":"","background-repeat":"repeat","background-position":"center center","background-size":"auto","background-attachment":"scroll","background-type":"","background-media":"","overlay-type":"","overlay-color":"","overlay-opacity":"","overlay-gradient":""}},"ast-content-background-meta":{"desktop":{"background-color":"var(--ast-global-color-5)","background-image":"","background-repeat":"repeat","background-position":"center center","background-size":"auto","background-attachment":"scroll","background-type":"","background-media":"","overlay-type":"","overlay-color":"","overlay-opacity":"","overlay-gradient":""},"tablet":{"background-color":"var(--ast-global-color-5)","background-image":"","background-repeat":"repeat","background-position":"center center","background-size":"auto","background-attachment":"scroll","background-type":"","background-media":"","overlay-type":"","overlay-color":"","overlay-opacity":"","overlay-gradient":""},"mobile":{"background-color":"var(--ast-global-color-5)","background-image":"","background-repeat":"repeat","background-position":"center center","background-size":"auto","background-attachment":"scroll","background-type":"","background-media":"","overlay-type":"","overlay-color":"","overlay-opacity":"","overlay-gradient":""}}},"product_brand":[],"product_cat":[51,15],"product_tag":[],"class_list":{"0":"post-934","1":"product","2":"type-product","3":"status-publish","4":"has-post-thumbnail","6":"product_cat-pictura-murala","7":"product_cat-uncategorized","8":"desktop-align-left","9":"tablet-align-left","10":"mobile-align-left","12":"first","13":"instock","14":"shipping-taxable","15":"purchasable","16":"product-type-simple"},"yoast_head":"<!-- This site is optimized with the Yoast SEO plugin v27.2 - https:\/\/yoast.com\/product\/yoast-seo-wordpress\/ -->\n<title>Perete interior pictat manual, animale vesele, modern minimalist, accente cromatice -<\/title>\n<meta name=\"description\" content=\"Un perete decorativ pictat manual, ce aduce la via\u021b\u0103 o scen\u0103 prietenoas\u0103 \u0219i cald\u0103 cu animale simpatice \u0219i sau alte personaje centrale, realizate \u00een stil minimalist, cu linii simple \u0219i expresive. Accentele de culoare verde adaug\u0103 prospe\u021bime \u0219i dinamism compozi\u021biei, transform\u00e2nd spa\u021biul \u00eentr-un loc primitor \u0219i relaxant. Ideal pentru clinici veterinare, spa\u021bii pentru copii sau zone de a\u0219teptare, acest design creeaz\u0103 o atmosfer\u0103 pozitiv\u0103 \u0219i lini\u0219titoare.\" \/>\n<meta name=\"robots\" content=\"index, follow, max-snippet:-1, max-image-preview:large, max-video-preview:-1\" \/>\n<link rel=\"canonical\" href=\"https:\/\/dmturbotrading.ro\/index.php\/product\/perete-pictat-manual-animale-vesele-modern-minimalist-accente-cromatice\/\" \/>\n<meta property=\"og:locale\" content=\"en_US\" \/>\n<meta property=\"og:type\" content=\"article\" \/>\n<meta property=\"og:title\" content=\"Perete interior pictat manual, animale vesele, modern minimalist, accente cromatice -\" \/>\n<meta property=\"og:description\" content=\"Un perete decorativ pictat manual, ce aduce la via\u021b\u0103 o scen\u0103 prietenoas\u0103 \u0219i cald\u0103 cu animale simpatice \u0219i sau alte personaje centrale, realizate \u00een stil minimalist, cu linii simple \u0219i expresive. Accentele de culoare verde adaug\u0103 prospe\u021bime \u0219i dinamism compozi\u021biei, transform\u00e2nd spa\u021biul \u00eentr-un loc primitor \u0219i relaxant. Ideal pentru clinici veterinare, spa\u021bii pentru copii sau zone de a\u0219teptare, acest design creeaz\u0103 o atmosfer\u0103 pozitiv\u0103 \u0219i lini\u0219titoare.\" \/>\n<meta property=\"og:url\" content=\"https:\/\/dmturbotrading.ro\/index.php\/product\/perete-pictat-manual-animale-vesele-modern-minimalist-accente-cromatice\/\" \/>\n<meta property=\"article:modified_time\" content=\"2026-03-20T17:05:14+00:00\" \/>\n<meta property=\"og:image\" content=\"https:\/\/dmturbotrading.ro\/wp-content\/uploads\/2026\/03\/pictura-perete-animale-3.jpg\" \/>\n\t<meta property=\"og:image:width\" content=\"1024\" \/>\n\t<meta property=\"og:image:height\" content=\"1024\" \/>\n\t<meta property=\"og:image:type\" content=\"image\/jpeg\" \/>\n<meta name=\"twitter:card\" content=\"summary_large_image\" \/>\n<meta name=\"twitter:label1\" content=\"Est. reading time\" \/>\n\t<meta name=\"twitter:data1\" content=\"1 minute\" \/>\n<script type=\"application\/ld+json\" class=\"yoast-schema-graph\">{\"@context\":\"https:\/\/schema.org\",\"@graph\":[{\"@type\":\"WebPage\",\"@id\":\"https:\/\/dmturbotrading.ro\/index.php\/product\/perete-pictat-manual-animale-vesele-modern-minimalist-accente-cromatice\/\",\"url\":\"https:\/\/dmturbotrading.ro\/index.php\/product\/perete-pictat-manual-animale-vesele-modern-minimalist-accente-cromatice\/\",\"name\":\"Perete interior pictat manual, animale vesele, modern minimalist, accente cromatice -\",\"isPartOf\":{\"@id\":\"https:\/\/dmturbotrading.ro\/#website\"},\"primaryImageOfPage\":{\"@id\":\"https:\/\/dmturbotrading.ro\/index.php\/product\/perete-pictat-manual-animale-vesele-modern-minimalist-accente-cromatice\/#primaryimage\"},\"image\":{\"@id\":\"https:\/\/dmturbotrading.ro\/index.php\/product\/perete-pictat-manual-animale-vesele-modern-minimalist-accente-cromatice\/#primaryimage\"},\"thumbnailUrl\":\"https:\/\/dmturbotrading.ro\/wp-content\/uploads\/2026\/03\/pictura-perete-animale-3.jpg\",\"datePublished\":\"2026-03-20T14:53:36+00:00\",\"dateModified\":\"2026-03-20T17:05:14+00:00\",\"description\":\"Un perete decorativ pictat manual, ce aduce la via\u021b\u0103 o scen\u0103 prietenoas\u0103 \u0219i cald\u0103 cu animale simpatice \u0219i sau alte personaje centrale, realizate \u00een stil minimalist, cu linii simple \u0219i expresive. Accentele de culoare verde adaug\u0103 prospe\u021bime \u0219i dinamism compozi\u021biei, transform\u00e2nd spa\u021biul \u00eentr-un loc primitor \u0219i relaxant. Ideal pentru clinici veterinare, spa\u021bii pentru copii sau zone de a\u0219teptare, acest design creeaz\u0103 o atmosfer\u0103 pozitiv\u0103 \u0219i lini\u0219titoare.\",\"breadcrumb\":{\"@id\":\"https:\/\/dmturbotrading.ro\/index.php\/product\/perete-pictat-manual-animale-vesele-modern-minimalist-accente-cromatice\/#breadcrumb\"},\"inLanguage\":\"en-US\",\"potentialAction\":[{\"@type\":\"ReadAction\",\"target\":[\"https:\/\/dmturbotrading.ro\/index.php\/product\/perete-pictat-manual-animale-vesele-modern-minimalist-accente-cromatice\/\"]}]},{\"@type\":\"ImageObject\",\"inLanguage\":\"en-US\",\"@id\":\"https:\/\/dmturbotrading.ro\/index.php\/product\/perete-pictat-manual-animale-vesele-modern-minimalist-accente-cromatice\/#primaryimage\",\"url\":\"https:\/\/dmturbotrading.ro\/wp-content\/uploads\/2026\/03\/pictura-perete-animale-3.jpg\",\"contentUrl\":\"https:\/\/dmturbotrading.ro\/wp-content\/uploads\/2026\/03\/pictura-perete-animale-3.jpg\",\"width\":1024,\"height\":1024,\"caption\":\"pictura perete simpla animale\"},{\"@type\":\"BreadcrumbList\",\"@id\":\"https:\/\/dmturbotrading.ro\/index.php\/product\/perete-pictat-manual-animale-vesele-modern-minimalist-accente-cromatice\/#breadcrumb\",\"itemListElement\":[{\"@type\":\"ListItem\",\"position\":1,\"name\":\"Home\",\"item\":\"https:\/\/dmturbotrading.ro\/\"},{\"@type\":\"ListItem\",\"position\":2,\"name\":\"Shop\",\"item\":\"https:\/\/dmturbotrading.ro\/index.php\/shop\/\"},{\"@type\":\"ListItem\",\"position\":3,\"name\":\"Perete interior pictat manual, animale vesele, modern minimalist, accente cromatice\"}]},{\"@type\":\"WebSite\",\"@id\":\"https:\/\/dmturbotrading.ro\/#website\",\"url\":\"https:\/\/dmturbotrading.ro\/\",\"name\":\"\",\"description\":\"\",\"potentialAction\":[{\"@type\":\"SearchAction\",\"target\":{\"@type\":\"EntryPoint\",\"urlTemplate\":\"https:\/\/dmturbotrading.ro\/?s={search_term_string}\"},\"query-input\":{\"@type\":\"PropertyValueSpecification\",\"valueRequired\":true,\"valueName\":\"search_term_string\"}}],\"inLanguage\":\"en-US\"}]}<\/script>\n<!-- \/ Yoast SEO plugin. -->","yoast_head_json":{"title":"Perete interior pictat manual, animale vesele, modern minimalist, accente cromatice -","description":"Un perete decorativ pictat manual, ce aduce la via\u021b\u0103 o scen\u0103 prietenoas\u0103 \u0219i cald\u0103 cu animale simpatice \u0219i sau alte personaje centrale, realizate \u00een stil minimalist, cu linii simple \u0219i expresive. Accentele de culoare verde adaug\u0103 prospe\u021bime \u0219i dinamism compozi\u021biei, transform\u00e2nd spa\u021biul \u00eentr-un loc primitor \u0219i relaxant. Ideal pentru clinici veterinare, spa\u021bii pentru copii sau zone de a\u0219teptare, acest design creeaz\u0103 o atmosfer\u0103 pozitiv\u0103 \u0219i lini\u0219titoare.","robots":{"index":"index","follow":"follow","max-snippet":"max-snippet:-1","max-image-preview":"max-image-preview:large","max-video-preview":"max-video-preview:-1"},"canonical":"https:\/\/dmturbotrading.ro\/index.php\/product\/perete-pictat-manual-animale-vesele-modern-minimalist-accente-cromatice\/","og_locale":"en_US","og_type":"article","og_title":"Perete interior pictat manual, animale vesele, modern minimalist, accente cromatice -","og_description":"Un perete decorativ pictat manual, ce aduce la via\u021b\u0103 o scen\u0103 prietenoas\u0103 \u0219i cald\u0103 cu animale simpatice \u0219i sau alte personaje centrale, realizate \u00een stil minimalist, cu linii simple \u0219i expresive. Accentele de culoare verde adaug\u0103 prospe\u021bime \u0219i dinamism compozi\u021biei, transform\u00e2nd spa\u021biul \u00eentr-un loc primitor \u0219i relaxant. Ideal pentru clinici veterinare, spa\u021bii pentru copii sau zone de a\u0219teptare, acest design creeaz\u0103 o atmosfer\u0103 pozitiv\u0103 \u0219i lini\u0219titoare.","og_url":"https:\/\/dmturbotrading.ro\/index.php\/product\/perete-pictat-manual-animale-vesele-modern-minimalist-accente-cromatice\/","article_modified_time":"2026-03-20T17:05:14+00:00","og_image":[{"width":1024,"height":1024,"url":"https:\/\/dmturbotrading.ro\/wp-content\/uploads\/2026\/03\/pictura-perete-animale-3.jpg","type":"image\/jpeg"}],"twitter_card":"summary_large_image","twitter_misc":{"Est. reading time":"1 minute"},"schema":{"@context":"https:\/\/schema.org","@graph":[{"@type":"WebPage","@id":"https:\/\/dmturbotrading.ro\/index.php\/product\/perete-pictat-manual-animale-vesele-modern-minimalist-accente-cromatice\/","url":"https:\/\/dmturbotrading.ro\/index.php\/product\/perete-pictat-manual-animale-vesele-modern-minimalist-accente-cromatice\/","name":"Perete interior pictat manual, animale vesele, modern minimalist, accente cromatice -","isPartOf":{"@id":"https:\/\/dmturbotrading.ro\/#website"},"primaryImageOfPage":{"@id":"https:\/\/dmturbotrading.ro\/index.php\/product\/perete-pictat-manual-animale-vesele-modern-minimalist-accente-cromatice\/#primaryimage"},"image":{"@id":"https:\/\/dmturbotrading.ro\/index.php\/product\/perete-pictat-manual-animale-vesele-modern-minimalist-accente-cromatice\/#primaryimage"},"thumbnailUrl":"https:\/\/dmturbotrading.ro\/wp-content\/uploads\/2026\/03\/pictura-perete-animale-3.jpg","datePublished":"2026-03-20T14:53:36+00:00","dateModified":"2026-03-20T17:05:14+00:00","description":"Un perete decorativ pictat manual, ce aduce la via\u021b\u0103 o scen\u0103 prietenoas\u0103 \u0219i cald\u0103 cu animale simpatice \u0219i sau alte personaje centrale, realizate \u00een stil minimalist, cu linii simple \u0219i expresive. Accentele de culoare verde adaug\u0103 prospe\u021bime \u0219i dinamism compozi\u021biei, transform\u00e2nd spa\u021biul \u00eentr-un loc primitor \u0219i relaxant. Ideal pentru clinici veterinare, spa\u021bii pentru copii sau zone de a\u0219teptare, acest design creeaz\u0103 o atmosfer\u0103 pozitiv\u0103 \u0219i lini\u0219titoare.","breadcrumb":{"@id":"https:\/\/dmturbotrading.ro\/index.php\/product\/perete-pictat-manual-animale-vesele-modern-minimalist-accente-cromatice\/#breadcrumb"},"inLanguage":"en-US","potentialAction":[{"@type":"ReadAction","target":["https:\/\/dmturbotrading.ro\/index.php\/product\/perete-pictat-manual-animale-vesele-modern-minimalist-accente-cromatice\/"]}]},{"@type":"ImageObject","inLanguage":"en-US","@id":"https:\/\/dmturbotrading.ro\/index.php\/product\/perete-pictat-manual-animale-vesele-modern-minimalist-accente-cromatice\/#primaryimage","url":"https:\/\/dmturbotrading.ro\/wp-content\/uploads\/2026\/03\/pictura-perete-animale-3.jpg","contentUrl":"https:\/\/dmturbotrading.ro\/wp-content\/uploads\/2026\/03\/pictura-perete-animale-3.jpg","width":1024,"height":1024,"caption":"pictura perete simpla animale"},{"@type":"BreadcrumbList","@id":"https:\/\/dmturbotrading.ro\/index.php\/product\/perete-pictat-manual-animale-vesele-modern-minimalist-accente-cromatice\/#breadcrumb","itemListElement":[{"@type":"ListItem","position":1,"name":"Home","item":"https:\/\/dmturbotrading.ro\/"},{"@type":"ListItem","position":2,"name":"Shop","item":"https:\/\/dmturbotrading.ro\/index.php\/shop\/"},{"@type":"ListItem","position":3,"name":"Perete interior pictat manual, animale vesele, modern minimalist, accente cromatice"}]},{"@type":"WebSite","@id":"https:\/\/dmturbotrading.ro\/#website","url":"https:\/\/dmturbotrading.ro\/","name":"","description":"","potentialAction":[{"@type":"SearchAction","target":{"@type":"EntryPoint","urlTemplate":"https:\/\/dmturbotrading.ro\/?s={search_term_string}"},"query-input":{"@type":"PropertyValueSpecification","valueRequired":true,"valueName":"search_term_string"}}],"inLanguage":"en-US"}]}},"uagb_featured_image_src":{"full":["https:\/\/dmturbotrading.ro\/wp-content\/uploads\/2026\/03\/pictura-perete-animale-3.jpg",1024,1024,false],"thumbnail":["https:\/\/dmturbotrading.ro\/wp-content\/uploads\/2026\/03\/pictura-perete-animale-3.jpg",150,150,false],"medium":["https:\/\/dmturbotrading.ro\/wp-content\/uploads\/2026\/03\/pictura-perete-animale-3.jpg",300,300,false],"medium_large":["https:\/\/dmturbotrading.ro\/wp-content\/uploads\/2026\/03\/pictura-perete-animale-3.jpg",768,768,false],"large":["https:\/\/dmturbotrading.ro\/wp-content\/uploads\/2026\/03\/pictura-perete-animale-3.jpg",1024,1024,false],"1536x1536":["https:\/\/dmturbotrading.ro\/wp-content\/uploads\/2026\/03\/pictura-perete-animale-3.jpg",1024,1024,false],"2048x2048":["https:\/\/dmturbotrading.ro\/wp-content\/uploads\/2026\/03\/pictura-perete-animale-3.jpg",1024,1024,false],"woocommerce_thumbnail":["https:\/\/dmturbotrading.ro\/wp-content\/uploads\/2026\/03\/pictura-perete-animale-3.jpg",300,300,false],"woocommerce_single":["https:\/\/dmturbotrading.ro\/wp-content\/uploads\/2026\/03\/pictura-perete-animale-3.jpg",600,600,false],"woocommerce_gallery_thumbnail":["https:\/\/dmturbotrading.ro\/wp-content\/uploads\/2026\/03\/pictura-perete-animale-3.jpg",100,100,false]},"uagb_author_info":{"display_name":"admin","author_link":"https:\/\/dmturbotrading.ro\/index.php\/author\/"},"uagb_comment_info":0,"uagb_excerpt":"Perete pictat manual, animale vesele, modern minimalist, accente cromatice Un perete decorativ pictat manual, ce aduce la via\u021b\u0103 o scen\u0103 [&hellip;]","_links":{"self":[{"href":"https:\/\/dmturbotrading.ro\/index.php\/wp-json\/wp\/v2\/product\/934","targetHints":{"allow":["GET"]}}],"collection":[{"href":"https:\/\/dmturbotrading.ro\/index.php\/wp-json\/wp\/v2\/product"}],"about":[{"href":"https:\/\/dmturbotrading.ro\/index.php\/wp-json\/wp\/v2\/types\/product"}],"wp:featuredmedia":[{"embeddable":true,"href":"https:\/\/dmturbotrading.ro\/index.php\/wp-json\/wp\/v2\/media\/937"}],"wp:attachment":[{"href":"https:\/\/dmturbotrading.ro\/index.php\/wp-json\/wp\/v2\/media?parent=934"}],"wp:term":[{"taxonomy":"product_brand","embeddable":true,"href":"https:\/\/dmturbotrading.ro\/index.php\/wp-json\/wp\/v2\/product_brand?post=934"},{"taxonomy":"product_cat","embeddable":true,"href":"https:\/\/dmturbotrading.ro\/index.php\/wp-json\/wp\/v2\/product_cat?post=934"},{"taxonomy":"product_tag","embeddable":true,"href":"https:\/\/dmturbotrading.ro\/index.php\/wp-json\/wp\/v2\/product_tag?post=934"}],"curies":[{"name":"wp","href":"https:\/\/api.w.org\/{rel}","templated":true}]}}