{"id":965,"date":"2026-03-20T16:53:41","date_gmt":"2026-03-20T16:53:41","guid":{"rendered":"https:\/\/dmturbotrading.ro\/?post_type=product&#038;p=965"},"modified":"2026-03-20T17:04:26","modified_gmt":"2026-03-20T17:04:26","slug":"perete-pictat-manual-stil-realist-detalii-rafinate","status":"publish","type":"product","link":"https:\/\/dmturbotrading.ro\/index.php\/product\/perete-pictat-manual-stil-realist-detalii-rafinate\/","title":{"rendered":"Perete interior pictat manual, stil realist, detalii rafinate"},"content":{"rendered":"<h2 data-path-to-node=\"2\">Perete pictat manual, stil realist, detalii rafinate<\/h2>\n<p data-start=\"117\" data-end=\"344\">Un perete decorativ pictat manual \u00een stil realist, ce impresioneaz\u0103 prin fine\u021bea detaliilor \u0219i bog\u0103\u021bia cromatic\u0103. Elementul centrale si elemente ce redau subiectele orignale cu acurate\u021be artistic\u0103, puse \u00een valoare de un fundal decorativ sofisticat, inspirat din motive clasice sau moderne. Texturi, umbre \u0219i nuan\u021be atent lucrate ce confer\u0103 profunzime \u0219i realism compozi\u021biei, transform\u00e2nd peretele \u00eentr-o pies\u0103 de art\u0103 spectaculoas\u0103, ideal\u0103 pentru spa\u021bii elegante \u0219i exclusiviste.<\/p>\n<p><strong style=\"font-size: 16px;\"><b>Caracteristici:<\/b><\/strong><\/p>\n<ul>\n<li>Pictura murala realizata in stil realit<\/li>\n<li>Design cu nivel ridicat de detaliu si finete artistica<\/li>\n<li>Creeaz\u0103 efecte vizuale artistice si de impact<\/li>\n<li>Potrivit pentru spatii sofisticate, restaurante, locatii premium<\/li>\n<\/ul>\n<p><strong>Date tehnice:<\/strong><\/p>\n<ul>\n<li>Culoare: culori acrilice side interior<\/li>\n<li>Stil: realist decorativ<\/li>\n<li>Suport: perete pregatit (tencuit, gletuit si amorsat)<\/li>\n<li>Dimensiuni: adaptabile in functie de proiect<\/li>\n<li>Intretinere: usor de curatat cu carpa umeda<\/li>\n<\/ul>\n<p><strong style=\"font-size: 16px;\"><b>Pretul<\/b><\/strong><\/p>\n<ul>\n<li>pe metru patrat<\/li>\n<li>nu include transport si cazare<\/li>\n<\/ul>\n","protected":false},"excerpt":{"rendered":"<p>Perete pictat manual, stil realist, detalii rafinate Un perete decorativ pictat manual \u00een stil realist, ce impresioneaz\u0103 prin fine\u021bea detaliilor [&hellip;]<\/p>\n","protected":false},"featured_media":967,"template":"","meta":{"_uag_custom_page_level_css":"","site-sidebar-layout":"default","site-content-layout":"","ast-site-content-layout":"default","site-content-style":"default","site-sidebar-style":"default","ast-global-header-display":"","ast-banner-title-visibility":"","ast-main-header-display":"","ast-hfb-above-header-display":"","ast-hfb-below-header-display":"","ast-hfb-mobile-header-display":"","site-post-title":"","ast-breadcrumbs-content":"","ast-featured-img":"","footer-sml-layout":"","ast-disable-related-posts":"","theme-transparent-header-meta":"default","adv-header-id-meta":"","stick-header-meta":"","header-above-stick-meta":"","header-main-stick-meta":"","header-below-stick-meta":"","astra-migrate-meta-layouts":"set","ast-page-background-enabled":"default","ast-page-background-meta":{"desktop":{"background-color":"var(--ast-global-color-4)","background-image":"","background-repeat":"repeat","background-position":"center center","background-size":"auto","background-attachment":"scroll","background-type":"","background-media":"","overlay-type":"","overlay-color":"","overlay-opacity":"","overlay-gradient":""},"tablet":{"background-color":"","background-image":"","background-repeat":"repeat","background-position":"center center","background-size":"auto","background-attachment":"scroll","background-type":"","background-media":"","overlay-type":"","overlay-color":"","overlay-opacity":"","overlay-gradient":""},"mobile":{"background-color":"","background-image":"","background-repeat":"repeat","background-position":"center center","background-size":"auto","background-attachment":"scroll","background-type":"","background-media":"","overlay-type":"","overlay-color":"","overlay-opacity":"","overlay-gradient":""}},"ast-content-background-meta":{"desktop":{"background-color":"var(--ast-global-color-5)","background-image":"","background-repeat":"repeat","background-position":"center center","background-size":"auto","background-attachment":"scroll","background-type":"","background-media":"","overlay-type":"","overlay-color":"","overlay-opacity":"","overlay-gradient":""},"tablet":{"background-color":"var(--ast-global-color-5)","background-image":"","background-repeat":"repeat","background-position":"center center","background-size":"auto","background-attachment":"scroll","background-type":"","background-media":"","overlay-type":"","overlay-color":"","overlay-opacity":"","overlay-gradient":""},"mobile":{"background-color":"var(--ast-global-color-5)","background-image":"","background-repeat":"repeat","background-position":"center center","background-size":"auto","background-attachment":"scroll","background-type":"","background-media":"","overlay-type":"","overlay-color":"","overlay-opacity":"","overlay-gradient":""}}},"product_brand":[],"product_cat":[51,15],"product_tag":[],"class_list":{"0":"post-965","1":"product","2":"type-product","3":"status-publish","4":"has-post-thumbnail","6":"product_cat-pictura-murala","7":"product_cat-uncategorized","8":"desktop-align-left","9":"tablet-align-left","10":"mobile-align-left","12":"first","13":"instock","14":"shipping-taxable","15":"purchasable","16":"product-type-simple"},"yoast_head":"<!-- This site is optimized with the Yoast SEO plugin v27.2 - https:\/\/yoast.com\/product\/yoast-seo-wordpress\/ -->\n<title>Perete interior pictat manual, stil realist, detalii rafinate -<\/title>\n<meta name=\"description\" content=\"Un perete decorativ pictat manual \u00een stil realist, ce impresioneaz\u0103 prin fine\u021bea detaliilor \u0219i bog\u0103\u021bia cromatic\u0103. Elementul centrale si elemente ce redau subiectele orignale cu acurate\u021be artistic\u0103, puse \u00een valoare de un fundal decorativ sofisticat, inspirat din motive clasice sau moderne. Texturi, umbre \u0219i nuan\u021be atent lucrate ce confer\u0103 profunzime \u0219i realism compozi\u021biei, transform\u00e2nd peretele \u00eentr-o pies\u0103 de art\u0103 spectaculoas\u0103, ideal\u0103 pentru spa\u021bii elegante \u0219i exclusiviste.\" \/>\n<meta name=\"robots\" content=\"index, follow, max-snippet:-1, max-image-preview:large, max-video-preview:-1\" \/>\n<link rel=\"canonical\" href=\"https:\/\/dmturbotrading.ro\/index.php\/product\/perete-pictat-manual-stil-realist-detalii-rafinate\/\" \/>\n<meta property=\"og:locale\" content=\"en_US\" \/>\n<meta property=\"og:type\" content=\"article\" \/>\n<meta property=\"og:title\" content=\"Perete interior pictat manual, stil realist, detalii rafinate -\" \/>\n<meta property=\"og:description\" content=\"Un perete decorativ pictat manual \u00een stil realist, ce impresioneaz\u0103 prin fine\u021bea detaliilor \u0219i bog\u0103\u021bia cromatic\u0103. Elementul centrale si elemente ce redau subiectele orignale cu acurate\u021be artistic\u0103, puse \u00een valoare de un fundal decorativ sofisticat, inspirat din motive clasice sau moderne. Texturi, umbre \u0219i nuan\u021be atent lucrate ce confer\u0103 profunzime \u0219i realism compozi\u021biei, transform\u00e2nd peretele \u00eentr-o pies\u0103 de art\u0103 spectaculoas\u0103, ideal\u0103 pentru spa\u021bii elegante \u0219i exclusiviste.\" \/>\n<meta property=\"og:url\" content=\"https:\/\/dmturbotrading.ro\/index.php\/product\/perete-pictat-manual-stil-realist-detalii-rafinate\/\" \/>\n<meta property=\"article:modified_time\" content=\"2026-03-20T17:04:26+00:00\" \/>\n<meta property=\"og:image\" content=\"https:\/\/dmturbotrading.ro\/wp-content\/uploads\/2026\/03\/pictura-murala-realista-1.jpg\" \/>\n\t<meta property=\"og:image:width\" content=\"1024\" \/>\n\t<meta property=\"og:image:height\" content=\"1024\" \/>\n\t<meta property=\"og:image:type\" content=\"image\/jpeg\" \/>\n<meta name=\"twitter:card\" content=\"summary_large_image\" \/>\n<meta name=\"twitter:label1\" content=\"Est. reading time\" \/>\n\t<meta name=\"twitter:data1\" content=\"1 minute\" \/>\n<script type=\"application\/ld+json\" class=\"yoast-schema-graph\">{\"@context\":\"https:\/\/schema.org\",\"@graph\":[{\"@type\":\"WebPage\",\"@id\":\"https:\/\/dmturbotrading.ro\/index.php\/product\/perete-pictat-manual-stil-realist-detalii-rafinate\/\",\"url\":\"https:\/\/dmturbotrading.ro\/index.php\/product\/perete-pictat-manual-stil-realist-detalii-rafinate\/\",\"name\":\"Perete interior pictat manual, stil realist, detalii rafinate -\",\"isPartOf\":{\"@id\":\"https:\/\/dmturbotrading.ro\/#website\"},\"primaryImageOfPage\":{\"@id\":\"https:\/\/dmturbotrading.ro\/index.php\/product\/perete-pictat-manual-stil-realist-detalii-rafinate\/#primaryimage\"},\"image\":{\"@id\":\"https:\/\/dmturbotrading.ro\/index.php\/product\/perete-pictat-manual-stil-realist-detalii-rafinate\/#primaryimage\"},\"thumbnailUrl\":\"https:\/\/dmturbotrading.ro\/wp-content\/uploads\/2026\/03\/pictura-murala-realista-1.jpg\",\"datePublished\":\"2026-03-20T16:53:41+00:00\",\"dateModified\":\"2026-03-20T17:04:26+00:00\",\"description\":\"Un perete decorativ pictat manual \u00een stil realist, ce impresioneaz\u0103 prin fine\u021bea detaliilor \u0219i bog\u0103\u021bia cromatic\u0103. Elementul centrale si elemente ce redau subiectele orignale cu acurate\u021be artistic\u0103, puse \u00een valoare de un fundal decorativ sofisticat, inspirat din motive clasice sau moderne. Texturi, umbre \u0219i nuan\u021be atent lucrate ce confer\u0103 profunzime \u0219i realism compozi\u021biei, transform\u00e2nd peretele \u00eentr-o pies\u0103 de art\u0103 spectaculoas\u0103, ideal\u0103 pentru spa\u021bii elegante \u0219i exclusiviste.\",\"breadcrumb\":{\"@id\":\"https:\/\/dmturbotrading.ro\/index.php\/product\/perete-pictat-manual-stil-realist-detalii-rafinate\/#breadcrumb\"},\"inLanguage\":\"en-US\",\"potentialAction\":[{\"@type\":\"ReadAction\",\"target\":[\"https:\/\/dmturbotrading.ro\/index.php\/product\/perete-pictat-manual-stil-realist-detalii-rafinate\/\"]}]},{\"@type\":\"ImageObject\",\"inLanguage\":\"en-US\",\"@id\":\"https:\/\/dmturbotrading.ro\/index.php\/product\/perete-pictat-manual-stil-realist-detalii-rafinate\/#primaryimage\",\"url\":\"https:\/\/dmturbotrading.ro\/wp-content\/uploads\/2026\/03\/pictura-murala-realista-1.jpg\",\"contentUrl\":\"https:\/\/dmturbotrading.ro\/wp-content\/uploads\/2026\/03\/pictura-murala-realista-1.jpg\",\"width\":1024,\"height\":1024},{\"@type\":\"BreadcrumbList\",\"@id\":\"https:\/\/dmturbotrading.ro\/index.php\/product\/perete-pictat-manual-stil-realist-detalii-rafinate\/#breadcrumb\",\"itemListElement\":[{\"@type\":\"ListItem\",\"position\":1,\"name\":\"Home\",\"item\":\"https:\/\/dmturbotrading.ro\/\"},{\"@type\":\"ListItem\",\"position\":2,\"name\":\"Shop\",\"item\":\"https:\/\/dmturbotrading.ro\/index.php\/shop\/\"},{\"@type\":\"ListItem\",\"position\":3,\"name\":\"Perete interior pictat manual, stil realist, detalii rafinate\"}]},{\"@type\":\"WebSite\",\"@id\":\"https:\/\/dmturbotrading.ro\/#website\",\"url\":\"https:\/\/dmturbotrading.ro\/\",\"name\":\"\",\"description\":\"\",\"potentialAction\":[{\"@type\":\"SearchAction\",\"target\":{\"@type\":\"EntryPoint\",\"urlTemplate\":\"https:\/\/dmturbotrading.ro\/?s={search_term_string}\"},\"query-input\":{\"@type\":\"PropertyValueSpecification\",\"valueRequired\":true,\"valueName\":\"search_term_string\"}}],\"inLanguage\":\"en-US\"}]}<\/script>\n<!-- \/ Yoast SEO plugin. -->","yoast_head_json":{"title":"Perete interior pictat manual, stil realist, detalii rafinate -","description":"Un perete decorativ pictat manual \u00een stil realist, ce impresioneaz\u0103 prin fine\u021bea detaliilor \u0219i bog\u0103\u021bia cromatic\u0103. Elementul centrale si elemente ce redau subiectele orignale cu acurate\u021be artistic\u0103, puse \u00een valoare de un fundal decorativ sofisticat, inspirat din motive clasice sau moderne. Texturi, umbre \u0219i nuan\u021be atent lucrate ce confer\u0103 profunzime \u0219i realism compozi\u021biei, transform\u00e2nd peretele \u00eentr-o pies\u0103 de art\u0103 spectaculoas\u0103, ideal\u0103 pentru spa\u021bii elegante \u0219i exclusiviste.","robots":{"index":"index","follow":"follow","max-snippet":"max-snippet:-1","max-image-preview":"max-image-preview:large","max-video-preview":"max-video-preview:-1"},"canonical":"https:\/\/dmturbotrading.ro\/index.php\/product\/perete-pictat-manual-stil-realist-detalii-rafinate\/","og_locale":"en_US","og_type":"article","og_title":"Perete interior pictat manual, stil realist, detalii rafinate -","og_description":"Un perete decorativ pictat manual \u00een stil realist, ce impresioneaz\u0103 prin fine\u021bea detaliilor \u0219i bog\u0103\u021bia cromatic\u0103. Elementul centrale si elemente ce redau subiectele orignale cu acurate\u021be artistic\u0103, puse \u00een valoare de un fundal decorativ sofisticat, inspirat din motive clasice sau moderne. Texturi, umbre \u0219i nuan\u021be atent lucrate ce confer\u0103 profunzime \u0219i realism compozi\u021biei, transform\u00e2nd peretele \u00eentr-o pies\u0103 de art\u0103 spectaculoas\u0103, ideal\u0103 pentru spa\u021bii elegante \u0219i exclusiviste.","og_url":"https:\/\/dmturbotrading.ro\/index.php\/product\/perete-pictat-manual-stil-realist-detalii-rafinate\/","article_modified_time":"2026-03-20T17:04:26+00:00","og_image":[{"width":1024,"height":1024,"url":"https:\/\/dmturbotrading.ro\/wp-content\/uploads\/2026\/03\/pictura-murala-realista-1.jpg","type":"image\/jpeg"}],"twitter_card":"summary_large_image","twitter_misc":{"Est. reading time":"1 minute"},"schema":{"@context":"https:\/\/schema.org","@graph":[{"@type":"WebPage","@id":"https:\/\/dmturbotrading.ro\/index.php\/product\/perete-pictat-manual-stil-realist-detalii-rafinate\/","url":"https:\/\/dmturbotrading.ro\/index.php\/product\/perete-pictat-manual-stil-realist-detalii-rafinate\/","name":"Perete interior pictat manual, stil realist, detalii rafinate -","isPartOf":{"@id":"https:\/\/dmturbotrading.ro\/#website"},"primaryImageOfPage":{"@id":"https:\/\/dmturbotrading.ro\/index.php\/product\/perete-pictat-manual-stil-realist-detalii-rafinate\/#primaryimage"},"image":{"@id":"https:\/\/dmturbotrading.ro\/index.php\/product\/perete-pictat-manual-stil-realist-detalii-rafinate\/#primaryimage"},"thumbnailUrl":"https:\/\/dmturbotrading.ro\/wp-content\/uploads\/2026\/03\/pictura-murala-realista-1.jpg","datePublished":"2026-03-20T16:53:41+00:00","dateModified":"2026-03-20T17:04:26+00:00","description":"Un perete decorativ pictat manual \u00een stil realist, ce impresioneaz\u0103 prin fine\u021bea detaliilor \u0219i bog\u0103\u021bia cromatic\u0103. Elementul centrale si elemente ce redau subiectele orignale cu acurate\u021be artistic\u0103, puse \u00een valoare de un fundal decorativ sofisticat, inspirat din motive clasice sau moderne. Texturi, umbre \u0219i nuan\u021be atent lucrate ce confer\u0103 profunzime \u0219i realism compozi\u021biei, transform\u00e2nd peretele \u00eentr-o pies\u0103 de art\u0103 spectaculoas\u0103, ideal\u0103 pentru spa\u021bii elegante \u0219i exclusiviste.","breadcrumb":{"@id":"https:\/\/dmturbotrading.ro\/index.php\/product\/perete-pictat-manual-stil-realist-detalii-rafinate\/#breadcrumb"},"inLanguage":"en-US","potentialAction":[{"@type":"ReadAction","target":["https:\/\/dmturbotrading.ro\/index.php\/product\/perete-pictat-manual-stil-realist-detalii-rafinate\/"]}]},{"@type":"ImageObject","inLanguage":"en-US","@id":"https:\/\/dmturbotrading.ro\/index.php\/product\/perete-pictat-manual-stil-realist-detalii-rafinate\/#primaryimage","url":"https:\/\/dmturbotrading.ro\/wp-content\/uploads\/2026\/03\/pictura-murala-realista-1.jpg","contentUrl":"https:\/\/dmturbotrading.ro\/wp-content\/uploads\/2026\/03\/pictura-murala-realista-1.jpg","width":1024,"height":1024},{"@type":"BreadcrumbList","@id":"https:\/\/dmturbotrading.ro\/index.php\/product\/perete-pictat-manual-stil-realist-detalii-rafinate\/#breadcrumb","itemListElement":[{"@type":"ListItem","position":1,"name":"Home","item":"https:\/\/dmturbotrading.ro\/"},{"@type":"ListItem","position":2,"name":"Shop","item":"https:\/\/dmturbotrading.ro\/index.php\/shop\/"},{"@type":"ListItem","position":3,"name":"Perete interior pictat manual, stil realist, detalii rafinate"}]},{"@type":"WebSite","@id":"https:\/\/dmturbotrading.ro\/#website","url":"https:\/\/dmturbotrading.ro\/","name":"","description":"","potentialAction":[{"@type":"SearchAction","target":{"@type":"EntryPoint","urlTemplate":"https:\/\/dmturbotrading.ro\/?s={search_term_string}"},"query-input":{"@type":"PropertyValueSpecification","valueRequired":true,"valueName":"search_term_string"}}],"inLanguage":"en-US"}]}},"uagb_featured_image_src":{"full":["https:\/\/dmturbotrading.ro\/wp-content\/uploads\/2026\/03\/pictura-murala-realista-1.jpg",1024,1024,false],"thumbnail":["https:\/\/dmturbotrading.ro\/wp-content\/uploads\/2026\/03\/pictura-murala-realista-1.jpg",150,150,false],"medium":["https:\/\/dmturbotrading.ro\/wp-content\/uploads\/2026\/03\/pictura-murala-realista-1.jpg",300,300,false],"medium_large":["https:\/\/dmturbotrading.ro\/wp-content\/uploads\/2026\/03\/pictura-murala-realista-1.jpg",768,768,false],"large":["https:\/\/dmturbotrading.ro\/wp-content\/uploads\/2026\/03\/pictura-murala-realista-1.jpg",1024,1024,false],"1536x1536":["https:\/\/dmturbotrading.ro\/wp-content\/uploads\/2026\/03\/pictura-murala-realista-1.jpg",1024,1024,false],"2048x2048":["https:\/\/dmturbotrading.ro\/wp-content\/uploads\/2026\/03\/pictura-murala-realista-1.jpg",1024,1024,false],"woocommerce_thumbnail":["https:\/\/dmturbotrading.ro\/wp-content\/uploads\/2026\/03\/pictura-murala-realista-1.jpg",300,300,false],"woocommerce_single":["https:\/\/dmturbotrading.ro\/wp-content\/uploads\/2026\/03\/pictura-murala-realista-1.jpg",600,600,false],"woocommerce_gallery_thumbnail":["https:\/\/dmturbotrading.ro\/wp-content\/uploads\/2026\/03\/pictura-murala-realista-1.jpg",100,100,false]},"uagb_author_info":{"display_name":"admin","author_link":"https:\/\/dmturbotrading.ro\/index.php\/author\/"},"uagb_comment_info":0,"uagb_excerpt":"Perete pictat manual, stil realist, detalii rafinate Un perete decorativ pictat manual \u00een stil realist, ce impresioneaz\u0103 prin fine\u021bea detaliilor [&hellip;]","_links":{"self":[{"href":"https:\/\/dmturbotrading.ro\/index.php\/wp-json\/wp\/v2\/product\/965","targetHints":{"allow":["GET"]}}],"collection":[{"href":"https:\/\/dmturbotrading.ro\/index.php\/wp-json\/wp\/v2\/product"}],"about":[{"href":"https:\/\/dmturbotrading.ro\/index.php\/wp-json\/wp\/v2\/types\/product"}],"wp:featuredmedia":[{"embeddable":true,"href":"https:\/\/dmturbotrading.ro\/index.php\/wp-json\/wp\/v2\/media\/967"}],"wp:attachment":[{"href":"https:\/\/dmturbotrading.ro\/index.php\/wp-json\/wp\/v2\/media?parent=965"}],"wp:term":[{"taxonomy":"product_brand","embeddable":true,"href":"https:\/\/dmturbotrading.ro\/index.php\/wp-json\/wp\/v2\/product_brand?post=965"},{"taxonomy":"product_cat","embeddable":true,"href":"https:\/\/dmturbotrading.ro\/index.php\/wp-json\/wp\/v2\/product_cat?post=965"},{"taxonomy":"product_tag","embeddable":true,"href":"https:\/\/dmturbotrading.ro\/index.php\/wp-json\/wp\/v2\/product_tag?post=965"}],"curies":[{"name":"wp","href":"https:\/\/api.w.org\/{rel}","templated":true}]}}